{"id":2907,"date":"2021-07-26T00:47:08","date_gmt":"2021-07-26T00:47:08","guid":{"rendered":"https:\/\/tmarchives.com.br\/wp\/?page_id=2907"},"modified":"2021-07-26T01:02:37","modified_gmt":"2021-07-26T01:02:37","slug":"2907-2","status":"publish","type":"page","link":"https:\/\/tmarchives.com.br\/wp\/?page_id=2907","title":{"rendered":"Pai, irm\u00e3o, amigo"},"content":{"rendered":"\n<div class=\"wp-block-image\"><figure class=\"aligncenter size-full is-resized\"><img loading=\"lazy\" decoding=\"async\" src=\"https:\/\/tmarchives.com.br\/wp\/wp-content\/uploads\/2021\/07\/imagem152.jpg\" alt=\"\" class=\"wp-image-2908\" width=\"888\" height=\"222\" srcset=\"https:\/\/tmarchives.com.br\/wp\/wp-content\/uploads\/2021\/07\/imagem152.jpg 700w, https:\/\/tmarchives.com.br\/wp\/wp-content\/uploads\/2021\/07\/imagem152-300x75.jpg 300w\" sizes=\"auto, (max-width: 888px) 100vw, 888px\" \/><\/figure><\/div>\n\n\n\n<figure class=\"wp-block-pullquote is-style-default\" style=\"border-color:#0693e3\"><blockquote><p>\u201cNosso Deus \u00e9 o Senhor da vida e o Consolador de todos os homens; ele \u00e9 o amante da humanidade e o ajudante daqueles que est\u00e3o aflitos. Ele \u00e9 o nosso doador de vida e o Bom Pastor dos rebanhos humanos. Deus \u00e9 nosso pai, irm\u00e3o e amigo.&#8221; <br> Hindu\u00edsmo<\/p><\/blockquote><\/figure>\n\n\n\n<p class=\"has-text-align-center\"><a class=\"pag\" href=\"https:\/\/r20.rs6.net\/tn.jsp?f=001Bicpz6eafWM5fGyJ4G3cLFOnh0-X2jNqO5nDQMaiRKKQ_F0em48ST-YIUqLnxXNl4WFjgKuNgzUFtFmWNPLBLw7n2LYU7Io5slQzxB9yI3vgT3YV5rJA4vtqzSE6Xh6aBfsXRrZSj_IYorgA-BxVXEy3q-t6kvoISo-8sNtRRN2Y1aTnIZT3a4WiQVB3tkGAt2Z2Zng8G2VDlMFS5Z-d9CtNAN1Q4Q6kEIDjpkfT4jY=&amp;c=ShmEi_pSw_01pqmTsQrTss0fgzNb0_h2qrwGDSvslyg-8N0qSDyPUA==&amp;ch=VkbnwiEL2bASwtzHekP-baxEAhbr5ditHRiXah_dA9ntm8-6S3pdNQ==\" target=\"_blank\" rel=\"noreferrer noopener\">(131:4.4) 1448.3<\/a><\/p>\n\n\n\n<p>Fonte:<\/p>\n\n\n\n<p align=\"center\"><strong><a href=\"https:\/\/www.urantia.org\/\"  class=\"pag\">Urantia Foundation | 533 Diversey Parkway, Chicago, IL 60614<\/a><\/strong><\/p><\/p>\n\n\n<p class=\"has-text-align-right\">\n<\/p><p style=\"text-align: right;\"><a class=\"pag\" href=\"https:\/\/tmarchives.com.br\/wp\/?page_id=1340\">Voltar<\/a><\/p>\n\n\n<p><\/p>\n","protected":false},"excerpt":{"rendered":"<p>\u201cNosso Deus \u00e9 o Senhor da vida e o Consolador de todos os homens; ele \u00e9 o amante da humanidade e o ajudante daqueles que est\u00e3o aflitos. Ele \u00e9 o nosso doador de vida e o Bom Pastor dos rebanhos humanos. Deus \u00e9 nosso pai, [&hellip;]<\/p>\n","protected":false},"author":1,"featured_media":0,"parent":0,"menu_order":0,"comment_status":"closed","ping_status":"closed","template":"","meta":{"footnotes":""},"class_list":["post-2907","page","type-page","status-publish","hentry"],"_links":{"self":[{"href":"https:\/\/tmarchives.com.br\/wp\/index.php?rest_route=\/wp\/v2\/pages\/2907","targetHints":{"allow":["GET"]}}],"collection":[{"href":"https:\/\/tmarchives.com.br\/wp\/index.php?rest_route=\/wp\/v2\/pages"}],"about":[{"href":"https:\/\/tmarchives.com.br\/wp\/index.php?rest_route=\/wp\/v2\/types\/page"}],"author":[{"embeddable":true,"href":"https:\/\/tmarchives.com.br\/wp\/index.php?rest_route=\/wp\/v2\/users\/1"}],"replies":[{"embeddable":true,"href":"https:\/\/tmarchives.com.br\/wp\/index.php?rest_route=%2Fwp%2Fv2%2Fcomments&post=2907"}],"version-history":[{"count":3,"href":"https:\/\/tmarchives.com.br\/wp\/index.php?rest_route=\/wp\/v2\/pages\/2907\/revisions"}],"predecessor-version":[{"id":2917,"href":"https:\/\/tmarchives.com.br\/wp\/index.php?rest_route=\/wp\/v2\/pages\/2907\/revisions\/2917"}],"wp:attachment":[{"href":"https:\/\/tmarchives.com.br\/wp\/index.php?rest_route=%2Fwp%2Fv2%2Fmedia&parent=2907"}],"curies":[{"name":"wp","href":"https:\/\/api.w.org\/{rel}","templated":true}]}}