{"id":2901,"date":"2021-07-26T00:38:28","date_gmt":"2021-07-26T00:38:28","guid":{"rendered":"https:\/\/tmarchives.com.br\/wp\/?page_id=2901"},"modified":"2021-07-26T00:38:28","modified_gmt":"2021-07-26T00:38:28","slug":"religiao-reveladora","status":"publish","type":"page","link":"https:\/\/tmarchives.com.br\/wp\/?page_id=2901","title":{"rendered":"Religi\u00e3o reveladora"},"content":{"rendered":"\n<div class=\"wp-block-image\"><figure class=\"aligncenter size-full is-resized\"><img loading=\"lazy\" decoding=\"async\" src=\"https:\/\/tmarchives.com.br\/wp\/wp-content\/uploads\/2021\/07\/imagem151.jpg\" alt=\"\" class=\"wp-image-2902\" width=\"826\" height=\"413\" srcset=\"https:\/\/tmarchives.com.br\/wp\/wp-content\/uploads\/2021\/07\/imagem151.jpg 700w, https:\/\/tmarchives.com.br\/wp\/wp-content\/uploads\/2021\/07\/imagem151-300x150.jpg 300w\" sizes=\"auto, (max-width: 826px) 100vw, 826px\" \/><\/figure><\/div>\n\n\n\n<figure class=\"wp-block-pullquote is-style-default\" style=\"border-color:#0693e3\"><blockquote><p>&#8220;A religi\u00e3o evolucion\u00e1ria retrata as tentativas tortuosas da humanidade em busca da verdade; a religi\u00e3o reveladora \u00e9 essa mesma verdade.&#8221;<\/p><\/blockquote><\/figure>\n\n\n\n<p class=\"has-text-align-center\"> <a class=\"pag\" rel=\"noreferrer noopener\" href=\"https:\/\/r20.rs6.net\/tn.jsp?f=001r6OsAj2g49eswVQNE57Ya1ZYlBHYUKorzk_2zgGEC7kFZ4IQ95-84vL-31l506TABGBWY4s3be8QGX5Tm8M6lQp8i6g2i1ymlfq-xrHcv-WLZ2vIcjZokNxzqJen7XUSYMo25yqtQRz8Ew1ousbhagn1uT3Bc9Q6dPudbqxUZC9rjAcueLOj4Kmbh6q578Stxv8hCdO2X6-nYQ1L3s5E4vozaa_LdZdB8wvPGTqup6rzPxCJBdrq2g==&amp;c=5t7UG6XdKbXCVZ5lNBlRYrroeb0M15lq-jsRXxjccQey_pCDAHTsGQ==&amp;ch=wvU8nio0buIWrp1GJzoxJ-7wvFujwGGvDZ-yu86afe_hVXp2lZ6Hgg==\" target=\"_blank\">(92:4.3) 1007.3<\/a> <\/p>\n\n\n\n<p><\/p>\n\n\n\n<p><strong><a href=\"https:\/\/www.urantia.org\/\" class=\"pag\">Urantia Foundation | 533 Diversey Parkway, Chicago, IL 60614<\/a><\/strong><\/p>\n\n\n<p class=\"has-text-align-right\">\n<\/p><p style=\"text-align: right;\"><a class=\"pag\" href=\"https:\/\/tmarchives.com.br\/wp\/?page_id=1340\">Voltar<\/a><\/p>\n\n\n<p><p class=\"has-text-align-right\">\u00a0<\/p>\n<p style=\"text-align: right;\"><a class=\"pag\" href=\"https:\/\/tmarchives.com.br\/wp\/?page_id=1340\">Voltar<\/a><\/p><\/p>\n","protected":false},"excerpt":{"rendered":"<p>&#8220;A religi\u00e3o evolucion\u00e1ria retrata as tentativas tortuosas da humanidade em busca da verdade; a religi\u00e3o reveladora \u00e9 essa mesma verdade.&#8221; (92:4.3) 1007.3 Urantia Foundation | 533 Diversey Parkway, Chicago, IL 60614 Voltar \u00a0 Voltar<\/p>\n","protected":false},"author":1,"featured_media":0,"parent":0,"menu_order":0,"comment_status":"closed","ping_status":"closed","template":"","meta":{"footnotes":""},"class_list":["post-2901","page","type-page","status-publish","hentry"],"_links":{"self":[{"href":"https:\/\/tmarchives.com.br\/wp\/index.php?rest_route=\/wp\/v2\/pages\/2901","targetHints":{"allow":["GET"]}}],"collection":[{"href":"https:\/\/tmarchives.com.br\/wp\/index.php?rest_route=\/wp\/v2\/pages"}],"about":[{"href":"https:\/\/tmarchives.com.br\/wp\/index.php?rest_route=\/wp\/v2\/types\/page"}],"author":[{"embeddable":true,"href":"https:\/\/tmarchives.com.br\/wp\/index.php?rest_route=\/wp\/v2\/users\/1"}],"replies":[{"embeddable":true,"href":"https:\/\/tmarchives.com.br\/wp\/index.php?rest_route=%2Fwp%2Fv2%2Fcomments&post=2901"}],"version-history":[{"count":2,"href":"https:\/\/tmarchives.com.br\/wp\/index.php?rest_route=\/wp\/v2\/pages\/2901\/revisions"}],"predecessor-version":[{"id":2904,"href":"https:\/\/tmarchives.com.br\/wp\/index.php?rest_route=\/wp\/v2\/pages\/2901\/revisions\/2904"}],"wp:attachment":[{"href":"https:\/\/tmarchives.com.br\/wp\/index.php?rest_route=%2Fwp%2Fv2%2Fmedia&parent=2901"}],"curies":[{"name":"wp","href":"https:\/\/api.w.org\/{rel}","templated":true}]}}