{"id":2895,"date":"2021-07-26T00:27:55","date_gmt":"2021-07-26T00:27:55","guid":{"rendered":"https:\/\/tmarchives.com.br\/wp\/?page_id=2895"},"modified":"2021-07-26T00:27:55","modified_gmt":"2021-07-26T00:27:55","slug":"coracoes-limpos","status":"publish","type":"page","link":"https:\/\/tmarchives.com.br\/wp\/?page_id=2895","title":{"rendered":"Cora\u00e7\u00f5es Limpos"},"content":{"rendered":"\n<div class=\"wp-block-image\"><figure class=\"aligncenter size-full is-resized\"><img loading=\"lazy\" decoding=\"async\" src=\"https:\/\/tmarchives.com.br\/wp\/wp-content\/uploads\/2021\/07\/imagem150.jpg\" alt=\"\" class=\"wp-image-2896\" width=\"899\" height=\"344\" srcset=\"https:\/\/tmarchives.com.br\/wp\/wp-content\/uploads\/2021\/07\/imagem150.jpg 700w, https:\/\/tmarchives.com.br\/wp\/wp-content\/uploads\/2021\/07\/imagem150-300x115.jpg 300w\" sizes=\"auto, (max-width: 899px) 100vw, 899px\" \/><\/figure><\/div>\n\n\n\n<figure class=\"wp-block-pullquote is-style-default\" style=\"border-color:#0693e3\"><blockquote><p>&#8220;Jesus transcendeu todos os ensinamentos de seus antepassados quando corajosamente substituiu cora\u00e7\u00f5es limpos por m\u00e3os limpas como a marca da verdadeira religi\u00e3o. Ele colocou a realidade no lugar da tradi\u00e7\u00e3o e afastou todas as pretens\u00f5es de vaidade e hipocrisia.&#8221;<\/p><\/blockquote><\/figure>\n\n\n\n<p class=\"has-text-align-center\"><a class=\"pag\" href=\"https:\/\/r20.rs6.net\/tn.jsp?f=001m1jRSQQdekp-i6MjHAL7tWQOspz_si23beU2wtGo733QYUo9PRAqPNKlKtkpo1ev_5BomJ7uoX_XEuM1aqgwyHnefUD84Sykx0WKP-MVyATe9vAPNb-LpMfDBqaa5Cu7FS21uraQCL0egedPHfzvjU5eLV7kiJ2DMcJ61c_xK_w9WIgWIHpyZEsTJtNG4RomZCkRJm6PqApdSOJshqhuQRaSWU8caJ0rdxNRAv08czgEgGbeFP-vHA==&amp;c=Um31ob3PzHLTyNDfaINWCjWhn6tn4weCqL-Db14ZCSY_i30hfgBVjg==&amp;ch=pem_zgZdphF7bBogF3qCFgp20CMrgBlV3oAFoqJ2LvtrNP9nKzGViA==\" target=\"_blank\" rel=\"noreferrer noopener\">(149:2.11) 1671.6<\/a><\/p>\n\n\n\n<p>Fonte:<\/p>\n\n\n\n<p align=\"center\"><strong><a href=\"https:\/\/www.urantia.org\/\"  class=\"pag\">Urantia Foundation | 533 Diversey Parkway, Chicago, IL 60614<\/a><\/strong><\/p><\/p>\n\n\n<p class=\"has-text-align-right\">\n<\/p><p style=\"text-align: right;\"><a class=\"pag\" href=\"https:\/\/tmarchives.com.br\/wp\/?page_id=1340\">Voltar<\/a><\/p>\n\n\n<p><\/p>\n","protected":false},"excerpt":{"rendered":"<p>&#8220;Jesus transcendeu todos os ensinamentos de seus antepassados quando corajosamente substituiu cora\u00e7\u00f5es limpos por m\u00e3os limpas como a marca da verdadeira religi\u00e3o. Ele colocou a realidade no lugar da tradi\u00e7\u00e3o e afastou todas as pretens\u00f5es de vaidade e hipocrisia.&#8221; (149:2.11) 1671.6 Fonte: Urantia Foundation | [&hellip;]<\/p>\n","protected":false},"author":1,"featured_media":0,"parent":0,"menu_order":0,"comment_status":"closed","ping_status":"closed","template":"","meta":{"footnotes":""},"class_list":["post-2895","page","type-page","status-publish","hentry"],"_links":{"self":[{"href":"https:\/\/tmarchives.com.br\/wp\/index.php?rest_route=\/wp\/v2\/pages\/2895","targetHints":{"allow":["GET"]}}],"collection":[{"href":"https:\/\/tmarchives.com.br\/wp\/index.php?rest_route=\/wp\/v2\/pages"}],"about":[{"href":"https:\/\/tmarchives.com.br\/wp\/index.php?rest_route=\/wp\/v2\/types\/page"}],"author":[{"embeddable":true,"href":"https:\/\/tmarchives.com.br\/wp\/index.php?rest_route=\/wp\/v2\/users\/1"}],"replies":[{"embeddable":true,"href":"https:\/\/tmarchives.com.br\/wp\/index.php?rest_route=%2Fwp%2Fv2%2Fcomments&post=2895"}],"version-history":[{"count":1,"href":"https:\/\/tmarchives.com.br\/wp\/index.php?rest_route=\/wp\/v2\/pages\/2895\/revisions"}],"predecessor-version":[{"id":2897,"href":"https:\/\/tmarchives.com.br\/wp\/index.php?rest_route=\/wp\/v2\/pages\/2895\/revisions\/2897"}],"wp:attachment":[{"href":"https:\/\/tmarchives.com.br\/wp\/index.php?rest_route=%2Fwp%2Fv2%2Fmedia&parent=2895"}],"curies":[{"name":"wp","href":"https:\/\/api.w.org\/{rel}","templated":true}]}}