{"id":2889,"date":"2021-07-26T00:19:36","date_gmt":"2021-07-26T00:19:36","guid":{"rendered":"https:\/\/tmarchives.com.br\/wp\/?page_id=2889"},"modified":"2021-07-26T00:20:06","modified_gmt":"2021-07-26T00:20:06","slug":"a-luz-da-salvacao","status":"publish","type":"page","link":"https:\/\/tmarchives.com.br\/wp\/?page_id=2889","title":{"rendered":"A luz da salva\u00e7\u00e3o"},"content":{"rendered":"\n<div class=\"wp-block-image\"><figure class=\"aligncenter size-full is-resized\"><img loading=\"lazy\" decoding=\"async\" src=\"https:\/\/tmarchives.com.br\/wp\/wp-content\/uploads\/2021\/07\/imagem149.jpg\" alt=\"\" class=\"wp-image-2890\" width=\"850\" height=\"214\" srcset=\"https:\/\/tmarchives.com.br\/wp\/wp-content\/uploads\/2021\/07\/imagem149.jpg 700w, https:\/\/tmarchives.com.br\/wp\/wp-content\/uploads\/2021\/07\/imagem149-300x76.jpg 300w\" sizes=\"auto, (max-width: 850px) 100vw, 850px\" \/><\/figure><\/div>\n\n\n\n<figure class=\"wp-block-pullquote is-style-default\" style=\"border-color:#0693e3\"><blockquote><p>Quando voc\u00ea apresenta ao homem mortal as boas novas de que Deus \u00e9 seu Pai, voc\u00ea pode mais facilmente persuadi-lo de que ele \u00e9 na realidade um filho de Deus. E, tendo feito isso, voc\u00ea trouxe a luz da salva\u00e7\u00e3o para aquele que est\u00e1 sentado na escurid\u00e3o.&#8221;<br> Jesus<\/p><\/blockquote><\/figure>\n\n\n\n<p class=\"has-text-align-center\"><a class=\"pag\" href=\"https:\/\/r20.rs6.net\/tn.jsp?f=001P8gYo21VDJ_kEbEoUt_HGrEjHf_xQsA13yTqtMWcIbxdhkkdb-AaWYLoyWq9kvrN9vJceN4yiLSO5hYZWvoqtmt-X761znmXnnQSbvXhDm8QvdDYLbSaxbx2d8RK-wWoHJeLHrhdAG7_HhKwGM9Pgk8u20kwk3Iaj6_Ama1e1Thfd4CH-WxsmjMKsuouFc396Pf5S992GD0DBnFawldXlcquIw4ZCSgp7cIfgjwk0EQ=&amp;c=BKtxYQKHFKCMi-UQHA0XtGfjYvanFHrAm6dW5l1FHLzkHhSUN_RDrg==&amp;ch=Df5syA5uzQ4vNKHilY6C2xas0lY2FGyy5Lwuq1l1r_SSe6uMsOGsUg==\" target=\"_blank\" rel=\"noreferrer noopener\">(141:6.2) 1592.4<\/a><\/p>\n\n\n\n<p>Fonte:<\/p>\n\n\n\n<p align=\"center\"><strong><a href=\"https:\/\/www.urantia.org\/\"  class=\"pag\">Urantia Foundation | 533 Diversey Parkway, Chicago, IL 60614<\/a><\/strong><\/p><\/p>\n\n\n<p class=\"has-text-align-right\">\n<\/p><p style=\"text-align: right;\"><a class=\"pag\" href=\"https:\/\/tmarchives.com.br\/wp\/?page_id=1340\">Voltar<\/a><\/p>\n\n\n<p><\/p>\n","protected":false},"excerpt":{"rendered":"<p>Quando voc\u00ea apresenta ao homem mortal as boas novas de que Deus \u00e9 seu Pai, voc\u00ea pode mais facilmente persuadi-lo de que ele \u00e9 na realidade um filho de Deus. E, tendo feito isso, voc\u00ea trouxe a luz da salva\u00e7\u00e3o para aquele que est\u00e1 sentado [&hellip;]<\/p>\n","protected":false},"author":1,"featured_media":0,"parent":0,"menu_order":0,"comment_status":"closed","ping_status":"closed","template":"","meta":{"footnotes":""},"class_list":["post-2889","page","type-page","status-publish","hentry"],"_links":{"self":[{"href":"https:\/\/tmarchives.com.br\/wp\/index.php?rest_route=\/wp\/v2\/pages\/2889","targetHints":{"allow":["GET"]}}],"collection":[{"href":"https:\/\/tmarchives.com.br\/wp\/index.php?rest_route=\/wp\/v2\/pages"}],"about":[{"href":"https:\/\/tmarchives.com.br\/wp\/index.php?rest_route=\/wp\/v2\/types\/page"}],"author":[{"embeddable":true,"href":"https:\/\/tmarchives.com.br\/wp\/index.php?rest_route=\/wp\/v2\/users\/1"}],"replies":[{"embeddable":true,"href":"https:\/\/tmarchives.com.br\/wp\/index.php?rest_route=%2Fwp%2Fv2%2Fcomments&post=2889"}],"version-history":[{"count":1,"href":"https:\/\/tmarchives.com.br\/wp\/index.php?rest_route=\/wp\/v2\/pages\/2889\/revisions"}],"predecessor-version":[{"id":2892,"href":"https:\/\/tmarchives.com.br\/wp\/index.php?rest_route=\/wp\/v2\/pages\/2889\/revisions\/2892"}],"wp:attachment":[{"href":"https:\/\/tmarchives.com.br\/wp\/index.php?rest_route=%2Fwp%2Fv2%2Fmedia&parent=2889"}],"curies":[{"name":"wp","href":"https:\/\/api.w.org\/{rel}","templated":true}]}}