{"id":2859,"date":"2021-07-26T00:11:31","date_gmt":"2021-07-26T00:11:31","guid":{"rendered":"https:\/\/tmarchives.com.br\/wp\/?page_id=2859"},"modified":"2021-07-26T00:11:32","modified_gmt":"2021-07-26T00:11:32","slug":"experimentando-uma-nova-verdade-juntos","status":"publish","type":"page","link":"https:\/\/tmarchives.com.br\/wp\/?page_id=2859","title":{"rendered":"Experimentando uma nova verdade juntos"},"content":{"rendered":"\n<div class=\"wp-block-image\"><figure class=\"aligncenter size-full\"><img loading=\"lazy\" decoding=\"async\" width=\"700\" height=\"350\" src=\"https:\/\/tmarchives.com.br\/wp\/wp-content\/uploads\/2021\/07\/imagem148.jpg\" alt=\"\" class=\"wp-image-2882\" srcset=\"https:\/\/tmarchives.com.br\/wp\/wp-content\/uploads\/2021\/07\/imagem148.jpg 700w, https:\/\/tmarchives.com.br\/wp\/wp-content\/uploads\/2021\/07\/imagem148-300x150.jpg 300w\" sizes=\"auto, (max-width: 700px) 100vw, 700px\" \/><\/figure><\/div>\n\n\n\n<figure class=\"wp-block-pullquote is-style-default\" style=\"border-color:#0693e3\"><blockquote><p>&#8220;Quando um grande buscador da verdade e um grande doador da verdade se encontram, o resultado \u00e9 uma grande e libertadora ilumina\u00e7\u00e3o nascida da experi\u00eancia de uma nova verdade.&#8221;<\/p><\/blockquote><\/figure>\n\n\n\n<p class=\"has-text-align-center\"><a class=\"pag\" href=\"https:\/\/r20.rs6.net\/tn.jsp?f=001W0FjiyOvNQyHwrX_0FilPrA5IJnD-ERwrJwlSM8aSDMrwCztUqq44uVTIyJIkds9k5sC84KQE7Aa9JtjORrM3LsDe7Vuyi41XctRfAoKQvywsjm-drU7NhagpP9tN4vTvs6UdfAEYSZmJ8mgRbrXAQCj06lEy4neEKKppRqnmPe8tpVyICp-Le0MmJbM7pTQAowrTSZdKkzP2GRzhIkqtd44DeURja8Y&amp;c=eDa8SWbtfbLyNckOdc--dXVsCwRdbhEtcqLoHiGspRATyt7CmiQh-g==&amp;ch=QOiQyaYpNAaBIzTRGt8cKV19EUSO_u-dHfxAb19g32sqTOai9pBPdQ==\" target=\"_blank\" rel=\"noreferrer noopener\">(130:1.1) 1428.1<\/a><\/p>\n\n\n\n<p>Fonte:<\/p>\n\n\n\n<p align=\"center\"><strong><a href=\"https:\/\/www.urantia.org\/\"  class=\"pag\">Urantia Foundation | 533 Diversey Parkway, Chicago, IL 60614<\/a><\/strong><\/p><\/p>\n\n\n<p class=\"has-text-align-right\">\n<\/p><p style=\"text-align: right;\"><a class=\"pag\" href=\"https:\/\/tmarchives.com.br\/wp\/?page_id=1340\">Voltar<\/a><\/p>\n\n\n<p><\/p>\n","protected":false},"excerpt":{"rendered":"<p>&#8220;Quando um grande buscador da verdade e um grande doador da verdade se encontram, o resultado \u00e9 uma grande e libertadora ilumina\u00e7\u00e3o nascida da experi\u00eancia de uma nova verdade.&#8221; (130:1.1) 1428.1 Fonte: Urantia Foundation | 533 Diversey Parkway, Chicago, IL 60614 Voltar<\/p>\n","protected":false},"author":1,"featured_media":0,"parent":0,"menu_order":0,"comment_status":"closed","ping_status":"closed","template":"","meta":{"footnotes":""},"class_list":["post-2859","page","type-page","status-publish","hentry"],"_links":{"self":[{"href":"https:\/\/tmarchives.com.br\/wp\/index.php?rest_route=\/wp\/v2\/pages\/2859","targetHints":{"allow":["GET"]}}],"collection":[{"href":"https:\/\/tmarchives.com.br\/wp\/index.php?rest_route=\/wp\/v2\/pages"}],"about":[{"href":"https:\/\/tmarchives.com.br\/wp\/index.php?rest_route=\/wp\/v2\/types\/page"}],"author":[{"embeddable":true,"href":"https:\/\/tmarchives.com.br\/wp\/index.php?rest_route=\/wp\/v2\/users\/1"}],"replies":[{"embeddable":true,"href":"https:\/\/tmarchives.com.br\/wp\/index.php?rest_route=%2Fwp%2Fv2%2Fcomments&post=2859"}],"version-history":[{"count":1,"href":"https:\/\/tmarchives.com.br\/wp\/index.php?rest_route=\/wp\/v2\/pages\/2859\/revisions"}],"predecessor-version":[{"id":2886,"href":"https:\/\/tmarchives.com.br\/wp\/index.php?rest_route=\/wp\/v2\/pages\/2859\/revisions\/2886"}],"wp:attachment":[{"href":"https:\/\/tmarchives.com.br\/wp\/index.php?rest_route=%2Fwp%2Fv2%2Fmedia&parent=2859"}],"curies":[{"name":"wp","href":"https:\/\/api.w.org\/{rel}","templated":true}]}}