{"id":2840,"date":"2021-07-12T15:34:12","date_gmt":"2021-07-12T15:34:12","guid":{"rendered":"https:\/\/tmarchives.com.br\/wp\/?page_id=2840"},"modified":"2021-07-12T15:34:13","modified_gmt":"2021-07-12T15:34:13","slug":"frutos-do-espirito","status":"publish","type":"page","link":"https:\/\/tmarchives.com.br\/wp\/?page_id=2840","title":{"rendered":"Frutos do espirito"},"content":{"rendered":"\n<div class=\"wp-block-image\"><figure class=\"aligncenter size-large\"><img loading=\"lazy\" decoding=\"async\" width=\"700\" height=\"351\" src=\"https:\/\/tmarchives.com.br\/wp\/wp-content\/uploads\/2021\/07\/imagem147.jpg\" alt=\"\" class=\"wp-image-2843\" srcset=\"https:\/\/tmarchives.com.br\/wp\/wp-content\/uploads\/2021\/07\/imagem147.jpg 700w, https:\/\/tmarchives.com.br\/wp\/wp-content\/uploads\/2021\/07\/imagem147-300x150.jpg 300w\" sizes=\"auto, (max-width: 700px) 100vw, 700px\" \/><\/figure><\/div>\n\n\n\n<figure class=\"wp-block-pullquote is-style-default\" style=\"border-color:#0693e3\"><blockquote><p>\u201cA prova da fraternidade com o Ajustador divino consiste inteiramente na natureza e extens\u00e3o dos frutos do esp\u00edrito que s\u00e3o produzidos na experi\u00eancia de vida de cada crente. &#8216;Pelos seus frutos os conhecereis.&#8217; &#8220;<\/p><\/blockquote><\/figure>\n\n\n\n<p class=\"has-text-align-center\"><a class=\"pag\" href=\"https:\/\/r20.rs6.net\/tn.jsp?f=001RKv1PVT_Jy8EIyy0dD8DamGHkcbOyla2XhUIOAsObJeDEmClA9xNjg9IInptKWSWgal7BoupxFLgQem5DFf6-q6xcvTXBoNNvxRyNg2Za_jlZptYRey3p-nRIE9jfYceG9VnKsTF9EqXFscsYEUpsF7bXaP-lGbQvuiB_0jcl-ciUlj0fAOcqFNnOG2jPu4-W-d0W4ruE7v1XEZthljlSBDdFVvai_SRZxPZurvEA0U=&amp;c=-G29UpeJlazXe04feqAATOeTAJQShkinbxGoiwOL76XzIA0oQX-k7g==&amp;ch=eFyrH-Itocq29FRTnqt0-Cf0Fi5agU2JVGfITRZ7QQalp1kiG4O7jw==\" target=\"_blank\" rel=\"noreferrer noopener\">(5:2.4) 64.7<\/a><\/p>\n\n\n\n<p>Fonte:<\/p>\n\n\n\n<p align=\"center\"><strong><a href=\"https:\/\/www.urantia.org\/\"  class=\"pag\">Urantia Foundation | 533 Diversey Parkway, Chicago, IL 60614<\/a><\/strong><\/p><\/p>\n\n\n<p class=\"has-text-align-right\">\n<\/p><p style=\"text-align: right;\"><a class=\"pag\" href=\"https:\/\/tmarchives.com.br\/wp\/?page_id=1340\">Voltar<\/a><\/p>\n\n\n<p><\/p>\n","protected":false},"excerpt":{"rendered":"<p>\u201cA prova da fraternidade com o Ajustador divino consiste inteiramente na natureza e extens\u00e3o dos frutos do esp\u00edrito que s\u00e3o produzidos na experi\u00eancia de vida de cada crente. &#8216;Pelos seus frutos os conhecereis.&#8217; &#8220; (5:2.4) 64.7 Fonte: Urantia Foundation | 533 Diversey Parkway, Chicago, IL [&hellip;]<\/p>\n","protected":false},"author":1,"featured_media":0,"parent":0,"menu_order":0,"comment_status":"closed","ping_status":"closed","template":"","meta":{"footnotes":""},"class_list":["post-2840","page","type-page","status-publish","hentry"],"_links":{"self":[{"href":"https:\/\/tmarchives.com.br\/wp\/index.php?rest_route=\/wp\/v2\/pages\/2840","targetHints":{"allow":["GET"]}}],"collection":[{"href":"https:\/\/tmarchives.com.br\/wp\/index.php?rest_route=\/wp\/v2\/pages"}],"about":[{"href":"https:\/\/tmarchives.com.br\/wp\/index.php?rest_route=\/wp\/v2\/types\/page"}],"author":[{"embeddable":true,"href":"https:\/\/tmarchives.com.br\/wp\/index.php?rest_route=\/wp\/v2\/users\/1"}],"replies":[{"embeddable":true,"href":"https:\/\/tmarchives.com.br\/wp\/index.php?rest_route=%2Fwp%2Fv2%2Fcomments&post=2840"}],"version-history":[{"count":1,"href":"https:\/\/tmarchives.com.br\/wp\/index.php?rest_route=\/wp\/v2\/pages\/2840\/revisions"}],"predecessor-version":[{"id":2844,"href":"https:\/\/tmarchives.com.br\/wp\/index.php?rest_route=\/wp\/v2\/pages\/2840\/revisions\/2844"}],"wp:attachment":[{"href":"https:\/\/tmarchives.com.br\/wp\/index.php?rest_route=%2Fwp%2Fv2%2Fmedia&parent=2840"}],"curies":[{"name":"wp","href":"https:\/\/api.w.org\/{rel}","templated":true}]}}