{"id":2835,"date":"2021-07-12T15:11:34","date_gmt":"2021-07-12T15:11:34","guid":{"rendered":"https:\/\/tmarchives.com.br\/wp\/?page_id=2835"},"modified":"2021-07-12T15:11:34","modified_gmt":"2021-07-12T15:11:34","slug":"experiencia-pessoal","status":"publish","type":"page","link":"https:\/\/tmarchives.com.br\/wp\/?page_id=2835","title":{"rendered":"Experi\u00eancia pessoal"},"content":{"rendered":"\n<div class=\"wp-block-image\"><figure class=\"aligncenter size-large is-resized\"><img loading=\"lazy\" decoding=\"async\" src=\"https:\/\/tmarchives.com.br\/wp\/wp-content\/uploads\/2021\/07\/imagem146.jpg\" alt=\"\" class=\"wp-image-2838\" width=\"949\" height=\"311\" srcset=\"https:\/\/tmarchives.com.br\/wp\/wp-content\/uploads\/2021\/07\/imagem146.jpg 700w, https:\/\/tmarchives.com.br\/wp\/wp-content\/uploads\/2021\/07\/imagem146-300x99.jpg 300w\" sizes=\"auto, (max-width: 949px) 100vw, 949px\" \/><\/figure><\/div>\n\n\n\n<figure class=\"wp-block-pullquote is-style-default\" style=\"border-color:#0693e3\"><blockquote><p>&#8220;Quando as alturas da perfei\u00e7\u00e3o e da eternidade forem atingidas, homenagear\u00e3o ainda mais aqueles que come\u00e7aram de baixo e alegremente escalaram a escada da vida, degrau por degrau, e que, quando alcan\u00e7arem as alturas da gl\u00f3ria, ter\u00e3o ganhado um experi\u00eancia pessoal que incorpora um conhecimento real de cada fase da vida, de baixo para cima. &#8220;<\/p><\/blockquote><\/figure>\n\n\n\n<p class=\"has-text-align-center\"><a class=\"pag\" href=\"https:\/\/r20.rs6.net\/tn.jsp?f=001tfMsiYvCucw1vHohzekG5VsSrxnyOQiy2Hzzk3vEvgZe_IjtFg19fjfn9OEG5T-_n7sQ1dSzhvMp8kEFJ4JZfXNyKaEAmXkwZDqRLJABIbWmOzV0I5bKcW67jHdusk_wfq93rGm5t1mBt3gNf--_84jJJq0Wm_Cv1RF5BT8tqo538uAMJUTyK3YcvHaehslfNdixZUX7g8C-qWgldlKRZGvjoVLOpvlVptlVLOTQ9ioMr0fOV6o3Rg==&amp;c=znu4HdF2m1_vVmXLKjH7hKYMVQrwgT_9wTNhZBO8urAklIRNSnpT2Q==&amp;ch=Vqgpo8iBHm3UMQ4-lCkkgY_1ivMjnKH94DJ9CHIZcmhGFQQtOv-U2w==\" target=\"_blank\" rel=\"noreferrer noopener\">(32:3.10) 361.5<\/a><\/p>\n\n\n\n<p>Fonte:<\/p>\n\n\n\n<p align=\"center\"><strong><a href=\"https:\/\/www.urantia.org\/\"  class=\"pag\">Urantia Foundation | 533 Diversey Parkway, Chicago, IL 60614<\/a><\/strong><\/p><\/p>\n\n\n<p class=\"has-text-align-right\">\n<\/p><p style=\"text-align: right;\"><a class=\"pag\" href=\"https:\/\/tmarchives.com.br\/wp\/?page_id=1340\">Voltar<\/a><\/p>\n\n\n<p><\/p>\n","protected":false},"excerpt":{"rendered":"<p>&#8220;Quando as alturas da perfei\u00e7\u00e3o e da eternidade forem atingidas, homenagear\u00e3o ainda mais aqueles que come\u00e7aram de baixo e alegremente escalaram a escada da vida, degrau por degrau, e que, quando alcan\u00e7arem as alturas da gl\u00f3ria, ter\u00e3o ganhado um experi\u00eancia pessoal que incorpora um conhecimento [&hellip;]<\/p>\n","protected":false},"author":1,"featured_media":0,"parent":0,"menu_order":0,"comment_status":"closed","ping_status":"closed","template":"","meta":{"footnotes":""},"class_list":["post-2835","page","type-page","status-publish","hentry"],"_links":{"self":[{"href":"https:\/\/tmarchives.com.br\/wp\/index.php?rest_route=\/wp\/v2\/pages\/2835","targetHints":{"allow":["GET"]}}],"collection":[{"href":"https:\/\/tmarchives.com.br\/wp\/index.php?rest_route=\/wp\/v2\/pages"}],"about":[{"href":"https:\/\/tmarchives.com.br\/wp\/index.php?rest_route=\/wp\/v2\/types\/page"}],"author":[{"embeddable":true,"href":"https:\/\/tmarchives.com.br\/wp\/index.php?rest_route=\/wp\/v2\/users\/1"}],"replies":[{"embeddable":true,"href":"https:\/\/tmarchives.com.br\/wp\/index.php?rest_route=%2Fwp%2Fv2%2Fcomments&post=2835"}],"version-history":[{"count":1,"href":"https:\/\/tmarchives.com.br\/wp\/index.php?rest_route=\/wp\/v2\/pages\/2835\/revisions"}],"predecessor-version":[{"id":2839,"href":"https:\/\/tmarchives.com.br\/wp\/index.php?rest_route=\/wp\/v2\/pages\/2835\/revisions\/2839"}],"wp:attachment":[{"href":"https:\/\/tmarchives.com.br\/wp\/index.php?rest_route=%2Fwp%2Fv2%2Fmedia&parent=2835"}],"curies":[{"name":"wp","href":"https:\/\/api.w.org\/{rel}","templated":true}]}}