{"id":2830,"date":"2021-07-12T15:00:38","date_gmt":"2021-07-12T15:00:38","guid":{"rendered":"https:\/\/tmarchives.com.br\/wp\/?page_id=2830"},"modified":"2021-07-12T15:00:39","modified_gmt":"2021-07-12T15:00:39","slug":"progresso-espiritual","status":"publish","type":"page","link":"https:\/\/tmarchives.com.br\/wp\/?page_id=2830","title":{"rendered":"Progresso Espiritual"},"content":{"rendered":"\n<div class=\"wp-block-image\"><figure class=\"aligncenter size-large is-resized\"><img loading=\"lazy\" decoding=\"async\" src=\"https:\/\/tmarchives.com.br\/wp\/wp-content\/uploads\/2021\/07\/imagem145.jpg\" alt=\"\" class=\"wp-image-2831\" width=\"839\" height=\"249\" srcset=\"https:\/\/tmarchives.com.br\/wp\/wp-content\/uploads\/2021\/07\/imagem145.jpg 700w, https:\/\/tmarchives.com.br\/wp\/wp-content\/uploads\/2021\/07\/imagem145-300x89.jpg 300w\" sizes=\"auto, (max-width: 839px) 100vw, 839px\" \/><\/figure><\/div>\n\n\n\n<figure class=\"wp-block-pullquote is-style-default\" style=\"border-color:#0693e3\"><blockquote><p>&#8220;O tema das instru\u00e7\u00f5es de Jesus durante a estada em Sidon foi a progress\u00e3o espiritual. Ele lhes disse que eles n\u00e3o podiam ficar parados; eles deveriam prosseguir em retid\u00e3o ou retroceder para o mal e o pecado.&#8221;<\/p><\/blockquote><\/figure>\n\n\n\n<p class=\"has-text-align-center\"><a class=\"pag\" href=\"https:\/\/r20.rs6.net\/tn.jsp?f=001tReDXOPO6KUVDgqlDeV-I1KcwkTn-nPBx_WTGBudLvG8HVl9rKguLb5BMkJNQ4ocQGt3SoDLIR5geXVwmzUJUf7ZUrMBSBoDf1WzTW0tDNRnHNih5N_PHvvhiWidWqJXojw3ek27PaLf8A0-LMRoXTfdkcaCCzZlN6EWSnQht_4rdNlGkcO7ZOO-AQAnbDV8m__0fRSoDBtHEbWDw8UgQ9AZvlBLIPsFCs4SxNbaav4J2y0b54-J3w==&amp;c=Uh8jqS4Q-y7HkZp00JRuhXc0Ww4o5WJ0BE_56GDC_lSsXSNW1Ny5Zg==&amp;ch=sBw_9JiCzFZN7HP7JjdqCq7IVCtOG-80rm14l387fpxnsG6zdrwlyQ==\" target=\"_blank\" rel=\"noreferrer noopener\">(156:2.6) 1736.3<\/a><\/p>\n\n\n\n<p>Fonte:<\/p>\n\n\n\n<p align=\"center\"><strong><a href=\"https:\/\/www.urantia.org\/\"  class=\"pag\">Urantia Foundation | 533 Diversey Parkway, Chicago, IL 60614<\/a><\/strong><\/p><\/p>\n\n\n<p class=\"has-text-align-right\">\n<\/p><p style=\"text-align: right;\"><a class=\"pag\" href=\"https:\/\/tmarchives.com.br\/wp\/?page_id=1340\">Voltar<\/a><\/p>\n\n\n<p><\/p>\n","protected":false},"excerpt":{"rendered":"<p>&#8220;O tema das instru\u00e7\u00f5es de Jesus durante a estada em Sidon foi a progress\u00e3o espiritual. Ele lhes disse que eles n\u00e3o podiam ficar parados; eles deveriam prosseguir em retid\u00e3o ou retroceder para o mal e o pecado.&#8221; (156:2.6) 1736.3 Fonte: Urantia Foundation | 533 Diversey [&hellip;]<\/p>\n","protected":false},"author":1,"featured_media":0,"parent":0,"menu_order":0,"comment_status":"closed","ping_status":"closed","template":"","meta":{"footnotes":""},"class_list":["post-2830","page","type-page","status-publish","hentry"],"_links":{"self":[{"href":"https:\/\/tmarchives.com.br\/wp\/index.php?rest_route=\/wp\/v2\/pages\/2830","targetHints":{"allow":["GET"]}}],"collection":[{"href":"https:\/\/tmarchives.com.br\/wp\/index.php?rest_route=\/wp\/v2\/pages"}],"about":[{"href":"https:\/\/tmarchives.com.br\/wp\/index.php?rest_route=\/wp\/v2\/types\/page"}],"author":[{"embeddable":true,"href":"https:\/\/tmarchives.com.br\/wp\/index.php?rest_route=\/wp\/v2\/users\/1"}],"replies":[{"embeddable":true,"href":"https:\/\/tmarchives.com.br\/wp\/index.php?rest_route=%2Fwp%2Fv2%2Fcomments&post=2830"}],"version-history":[{"count":1,"href":"https:\/\/tmarchives.com.br\/wp\/index.php?rest_route=\/wp\/v2\/pages\/2830\/revisions"}],"predecessor-version":[{"id":2832,"href":"https:\/\/tmarchives.com.br\/wp\/index.php?rest_route=\/wp\/v2\/pages\/2830\/revisions\/2832"}],"wp:attachment":[{"href":"https:\/\/tmarchives.com.br\/wp\/index.php?rest_route=%2Fwp%2Fv2%2Fmedia&parent=2830"}],"curies":[{"name":"wp","href":"https:\/\/api.w.org\/{rel}","templated":true}]}}