{"id":2815,"date":"2021-07-12T14:32:40","date_gmt":"2021-07-12T14:32:40","guid":{"rendered":"https:\/\/tmarchives.com.br\/wp\/?page_id=2815"},"modified":"2021-07-12T14:32:40","modified_gmt":"2021-07-12T14:32:40","slug":"etica-e-moral","status":"publish","type":"page","link":"https:\/\/tmarchives.com.br\/wp\/?page_id=2815","title":{"rendered":"\u00c9tica e Moral"},"content":{"rendered":"\n<div class=\"wp-block-image\"><figure class=\"aligncenter size-large\"><img loading=\"lazy\" decoding=\"async\" width=\"700\" height=\"336\" src=\"https:\/\/tmarchives.com.br\/wp\/wp-content\/uploads\/2021\/07\/imagem142.jpg\" alt=\"\" class=\"wp-image-2816\" srcset=\"https:\/\/tmarchives.com.br\/wp\/wp-content\/uploads\/2021\/07\/imagem142.jpg 700w, https:\/\/tmarchives.com.br\/wp\/wp-content\/uploads\/2021\/07\/imagem142-300x144.jpg 300w\" sizes=\"auto, (max-width: 700px) 100vw, 700px\" \/><\/figure><\/div>\n\n\n\n<figure class=\"wp-block-pullquote is-style-default\" style=\"border-color:#0693e3\"><blockquote><p>&#8220;A \u00e9tica e a moral tornam-se verdadeiramente humanas quando s\u00e3o din\u00e2micas e progressivas, vivas com a realidade do universo.&#8221;<\/p><\/blockquote><\/figure>\n\n\n\n<p class=\"has-text-align-center\"><a class=\"pag\" href=\"https:\/\/r20.rs6.net\/tn.jsp?f=0012wj_hoXuFx2IKpuwUNNiZCpsGKKUkN0-Vpg5zNIbqZMuxvi70ug2BEhZ9Cqp38H4znYr7sgsKkcOY0_Dm8p7gZ2OF74K4ckBbzlgAsuHo0n75JPiINpWS-glmPwEeEiBSDGklfYO4mqbiDfiNCFFILmH8bVgqTtvImNjqnLn3calUKqIN2BFnX8Y12b7YO59MV6Z5qULMvkpfLdzqiJlSJl8dWQMeBnQZXV_5JZujcA=&amp;c=t73AFA9tCeBrtRfo9ZpVb8Ryoc23BVBFrLzg_OxATW4g1DQOLhblHw==&amp;ch=JYiwx7_O1fFIbk3jZIfBmtK1uvRkKBjHVppvTDVavTeJIQWFiuU46w==\" target=\"_blank\" rel=\"noreferrer noopener\">(12:5.10) 135.9<\/a><\/p>\n\n\n\n<p>Fonte:<\/p>\n\n\n\n<p align=\"center\"><strong><a href=\"https:\/\/www.urantia.org\/\"  class=\"pag\">Urantia Foundation | 533 Diversey Parkway, Chicago, IL 60614<\/a><\/strong><\/p><\/p>\n\n\n<p class=\"has-text-align-right\">\n<\/p><p style=\"text-align: right;\"><a class=\"pag\" href=\"https:\/\/tmarchives.com.br\/wp\/?page_id=1340\">Voltar<\/a><\/p>\n\n\n<p><\/p>\n","protected":false},"excerpt":{"rendered":"<p>&#8220;A \u00e9tica e a moral tornam-se verdadeiramente humanas quando s\u00e3o din\u00e2micas e progressivas, vivas com a realidade do universo.&#8221; (12:5.10) 135.9 Fonte: Urantia Foundation | 533 Diversey Parkway, Chicago, IL 60614 Voltar<\/p>\n","protected":false},"author":1,"featured_media":0,"parent":0,"menu_order":0,"comment_status":"closed","ping_status":"closed","template":"","meta":{"footnotes":""},"class_list":["post-2815","page","type-page","status-publish","hentry"],"_links":{"self":[{"href":"https:\/\/tmarchives.com.br\/wp\/index.php?rest_route=\/wp\/v2\/pages\/2815","targetHints":{"allow":["GET"]}}],"collection":[{"href":"https:\/\/tmarchives.com.br\/wp\/index.php?rest_route=\/wp\/v2\/pages"}],"about":[{"href":"https:\/\/tmarchives.com.br\/wp\/index.php?rest_route=\/wp\/v2\/types\/page"}],"author":[{"embeddable":true,"href":"https:\/\/tmarchives.com.br\/wp\/index.php?rest_route=\/wp\/v2\/users\/1"}],"replies":[{"embeddable":true,"href":"https:\/\/tmarchives.com.br\/wp\/index.php?rest_route=%2Fwp%2Fv2%2Fcomments&post=2815"}],"version-history":[{"count":1,"href":"https:\/\/tmarchives.com.br\/wp\/index.php?rest_route=\/wp\/v2\/pages\/2815\/revisions"}],"predecessor-version":[{"id":2817,"href":"https:\/\/tmarchives.com.br\/wp\/index.php?rest_route=\/wp\/v2\/pages\/2815\/revisions\/2817"}],"wp:attachment":[{"href":"https:\/\/tmarchives.com.br\/wp\/index.php?rest_route=%2Fwp%2Fv2%2Fmedia&parent=2815"}],"curies":[{"name":"wp","href":"https:\/\/api.w.org\/{rel}","templated":true}]}}