{"id":2811,"date":"2021-07-12T14:24:51","date_gmt":"2021-07-12T14:24:51","guid":{"rendered":"https:\/\/tmarchives.com.br\/wp\/?page_id=2811"},"modified":"2021-07-12T14:24:51","modified_gmt":"2021-07-12T14:24:51","slug":"compreendendo-a-vida-de-jesus","status":"publish","type":"page","link":"https:\/\/tmarchives.com.br\/wp\/?page_id=2811","title":{"rendered":"Compreendendo a vida de Jesus"},"content":{"rendered":"\n<div class=\"wp-block-image\"><figure class=\"aligncenter size-large is-resized\"><img loading=\"lazy\" decoding=\"async\" src=\"https:\/\/tmarchives.com.br\/wp\/wp-content\/uploads\/2021\/07\/imagem141.jpg\" alt=\"\" class=\"wp-image-2812\" width=\"804\" height=\"271\" srcset=\"https:\/\/tmarchives.com.br\/wp\/wp-content\/uploads\/2021\/07\/imagem141.jpg 700w, https:\/\/tmarchives.com.br\/wp\/wp-content\/uploads\/2021\/07\/imagem141-300x101.jpg 300w\" sizes=\"auto, (max-width: 804px) 100vw, 804px\" \/><\/figure><\/div>\n\n\n\n<figure class=\"wp-block-pullquote is-style-default\" style=\"border-color:#0693e3\"><blockquote><p>&#8220;A mais esclarecedora e espiritualmente edificante de todas as revela\u00e7\u00f5es da natureza divina deve ser encontrada na compreens\u00e3o da vida religiosa de Jesus de Nazar\u00e9, tanto antes como depois de sua obten\u00e7\u00e3o da plena consci\u00eancia da divindade.&#8221;<\/p><\/blockquote><\/figure>\n\n\n\n<p class=\"has-text-align-center\"><a class=\"pag\" href=\"https:\/\/r20.rs6.net\/tn.jsp?f=001wlhzn29gmiQyhsRm3iDj-h81z9tro85zkklycjGPouu5a-OXicfhA5W7GZgTSN--hGKxp8yUZD8smDLD9YFXxiKJTU3Uh29K9Yzz8yVd99eXtl5_mYPkOrgNHBFLBDQE7wyznSMeTggkmb355hxZJ7eXDD2B5CmxWATxvEk98gDTjJnQ-OZA2nZNw1n9mfvp2QRTCzUsZmdyBFJ9D9SwtVXS-QqScUk7&amp;c=n_cvEnC6iP-NaDht7xPyK0Gq7wNubq0D83aQs3kjX3gEtP_vm_Wt9w==&amp;ch=JQz0ID86YzR1sFdLKLCzRLuXERKCoJygEKIsNVl-h3YpKQPFRSIVhg==\" target=\"_blank\" rel=\"noreferrer noopener\">(2:0.2) 33.2<\/a><\/p>\n\n\n\n<p>Fonte:<\/p>\n\n\n\n<p align=\"center\"><strong><a href=\"https:\/\/www.urantia.org\/\"  class=\"pag\">Urantia Foundation | 533 Diversey Parkway, Chicago, IL 60614<\/a><\/strong><\/p><\/p>\n\n\n<p class=\"has-text-align-right\">\n<\/p><p style=\"text-align: right;\"><a class=\"pag\" href=\"https:\/\/tmarchives.com.br\/wp\/?page_id=1340\">Voltar<\/a><\/p>\n\n\n<p><\/p>\n","protected":false},"excerpt":{"rendered":"<p>&#8220;A mais esclarecedora e espiritualmente edificante de todas as revela\u00e7\u00f5es da natureza divina deve ser encontrada na compreens\u00e3o da vida religiosa de Jesus de Nazar\u00e9, tanto antes como depois de sua obten\u00e7\u00e3o da plena consci\u00eancia da divindade.&#8221; (2:0.2) 33.2 Fonte: Urantia Foundation | 533 Diversey [&hellip;]<\/p>\n","protected":false},"author":1,"featured_media":0,"parent":0,"menu_order":0,"comment_status":"closed","ping_status":"closed","template":"","meta":{"footnotes":""},"class_list":["post-2811","page","type-page","status-publish","hentry"],"_links":{"self":[{"href":"https:\/\/tmarchives.com.br\/wp\/index.php?rest_route=\/wp\/v2\/pages\/2811","targetHints":{"allow":["GET"]}}],"collection":[{"href":"https:\/\/tmarchives.com.br\/wp\/index.php?rest_route=\/wp\/v2\/pages"}],"about":[{"href":"https:\/\/tmarchives.com.br\/wp\/index.php?rest_route=\/wp\/v2\/types\/page"}],"author":[{"embeddable":true,"href":"https:\/\/tmarchives.com.br\/wp\/index.php?rest_route=\/wp\/v2\/users\/1"}],"replies":[{"embeddable":true,"href":"https:\/\/tmarchives.com.br\/wp\/index.php?rest_route=%2Fwp%2Fv2%2Fcomments&post=2811"}],"version-history":[{"count":1,"href":"https:\/\/tmarchives.com.br\/wp\/index.php?rest_route=\/wp\/v2\/pages\/2811\/revisions"}],"predecessor-version":[{"id":2813,"href":"https:\/\/tmarchives.com.br\/wp\/index.php?rest_route=\/wp\/v2\/pages\/2811\/revisions\/2813"}],"wp:attachment":[{"href":"https:\/\/tmarchives.com.br\/wp\/index.php?rest_route=%2Fwp%2Fv2%2Fmedia&parent=2811"}],"curies":[{"name":"wp","href":"https:\/\/api.w.org\/{rel}","templated":true}]}}