{"id":2800,"date":"2021-07-12T13:58:50","date_gmt":"2021-07-12T13:58:50","guid":{"rendered":"https:\/\/tmarchives.com.br\/wp\/?page_id=2800"},"modified":"2021-07-12T14:00:26","modified_gmt":"2021-07-12T14:00:26","slug":"nosso-lar-universal","status":"publish","type":"page","link":"https:\/\/tmarchives.com.br\/wp\/?page_id=2800","title":{"rendered":"Nosso Lar Universal"},"content":{"rendered":"\n<div class=\"wp-block-image\"><figure class=\"aligncenter size-large\"><img loading=\"lazy\" decoding=\"async\" width=\"700\" height=\"403\" src=\"https:\/\/tmarchives.com.br\/wp\/wp-content\/uploads\/2021\/07\/imagem139.jpg\" alt=\"\" class=\"wp-image-2803\" srcset=\"https:\/\/tmarchives.com.br\/wp\/wp-content\/uploads\/2021\/07\/imagem139.jpg 700w, https:\/\/tmarchives.com.br\/wp\/wp-content\/uploads\/2021\/07\/imagem139-300x173.jpg 300w\" sizes=\"auto, (max-width: 700px) 100vw, 700px\" \/><\/figure><\/div>\n\n\n\n<figure class=\"wp-block-pullquote is-style-default\" style=\"border-color:#0693e3\"><blockquote><p>&#8220;O Supremo \u00e9 o lar do seu universo e, quando voc\u00ea o encontrar, ser\u00e1 como voltar para casa. Ele \u00e9 o seu pai experiencial.&#8221;<\/p><\/blockquote><\/figure>\n\n\n\n<p class=\"has-text-align-center\"><a class=\"pag\" href=\"https:\/\/r20.rs6.net\/tn.jsp?f=0014NUhZKZq0QvUYLJHMsz04Z4Y7Ci4PGe4ThiykJPa-wu8TdFb7ZNNDm9TU53XmOzxQNRVo4Y-UXfBW8woVyhwlEx0eOmgsoJu-hjNuFCjSZa0-HztO6SBUBnfv0Ie2T4PC1zzfapefazz8kA_OiuiiRZuGGr77NMtn0gKrnhXe3S9sdo4g8p7FgeqKmfTjHdP-F-Zgkla_YfOjOmYSYMuGvI5wZT9g8AZ&amp;c=I8WnGMq_ATSv9_kDoq1Pmz-u-qV_Ba1ZuEZkr2VD71Zp3urRJ8L3AQ==&amp;ch=RxKTR9-Gwvev7oz1zSoNEBSGknzJVrcKZuePjErCyM1WVufRILVvIQ==\" target=\"_blank\" rel=\"noreferrer noopener\">(117:6.1) 1287.6<\/a><\/p>\n\n\n\n<p>Fonte:<\/p>\n\n\n\n<p align=\"center\"><strong><a href=\"https:\/\/www.urantia.org\/\"  class=\"pag\">Urantia Foundation | 533 Diversey Parkway, Chicago, IL 60614<\/a><\/strong><\/p><\/p>\n\n\n<p class=\"has-text-align-right\">\n<\/p><p style=\"text-align: right;\"><a class=\"pag\" href=\"https:\/\/tmarchives.com.br\/wp\/?page_id=1340\">Voltar<\/a><\/p>\n\n\n<p><\/p>\n","protected":false},"excerpt":{"rendered":"<p>&#8220;O Supremo \u00e9 o lar do seu universo e, quando voc\u00ea o encontrar, ser\u00e1 como voltar para casa. Ele \u00e9 o seu pai experiencial.&#8221; (117:6.1) 1287.6 Fonte: Urantia Foundation | 533 Diversey Parkway, Chicago, IL 60614 Voltar<\/p>\n","protected":false},"author":1,"featured_media":0,"parent":0,"menu_order":0,"comment_status":"closed","ping_status":"closed","template":"","meta":{"footnotes":""},"class_list":["post-2800","page","type-page","status-publish","hentry"],"_links":{"self":[{"href":"https:\/\/tmarchives.com.br\/wp\/index.php?rest_route=\/wp\/v2\/pages\/2800","targetHints":{"allow":["GET"]}}],"collection":[{"href":"https:\/\/tmarchives.com.br\/wp\/index.php?rest_route=\/wp\/v2\/pages"}],"about":[{"href":"https:\/\/tmarchives.com.br\/wp\/index.php?rest_route=\/wp\/v2\/types\/page"}],"author":[{"embeddable":true,"href":"https:\/\/tmarchives.com.br\/wp\/index.php?rest_route=\/wp\/v2\/users\/1"}],"replies":[{"embeddable":true,"href":"https:\/\/tmarchives.com.br\/wp\/index.php?rest_route=%2Fwp%2Fv2%2Fcomments&post=2800"}],"version-history":[{"count":2,"href":"https:\/\/tmarchives.com.br\/wp\/index.php?rest_route=\/wp\/v2\/pages\/2800\/revisions"}],"predecessor-version":[{"id":2804,"href":"https:\/\/tmarchives.com.br\/wp\/index.php?rest_route=\/wp\/v2\/pages\/2800\/revisions\/2804"}],"wp:attachment":[{"href":"https:\/\/tmarchives.com.br\/wp\/index.php?rest_route=%2Fwp%2Fv2%2Fmedia&parent=2800"}],"curies":[{"name":"wp","href":"https:\/\/api.w.org\/{rel}","templated":true}]}}