{"id":2677,"date":"2021-06-07T11:32:03","date_gmt":"2021-06-07T11:32:03","guid":{"rendered":"https:\/\/tmarchives.com.br\/wp\/?page_id=2677"},"modified":"2021-06-07T11:32:03","modified_gmt":"2021-06-07T11:32:03","slug":"deus-e-sempre-mais","status":"publish","type":"page","link":"https:\/\/tmarchives.com.br\/wp\/?page_id=2677","title":{"rendered":"Deus \u00e9 sempre mais"},"content":{"rendered":"\n<div class=\"wp-block-image\"><figure class=\"aligncenter size-large\"><img loading=\"lazy\" decoding=\"async\" width=\"700\" height=\"408\" src=\"https:\/\/tmarchives.com.br\/wp\/wp-content\/uploads\/2021\/06\/imagem138.jpg\" alt=\"\" class=\"wp-image-2679\" srcset=\"https:\/\/tmarchives.com.br\/wp\/wp-content\/uploads\/2021\/06\/imagem138.jpg 700w, https:\/\/tmarchives.com.br\/wp\/wp-content\/uploads\/2021\/06\/imagem138-300x175.jpg 300w\" sizes=\"auto, (max-width: 700px) 100vw, 700px\" \/><\/figure><\/div>\n\n\n\n<figure class=\"wp-block-pullquote is-style-default\" style=\"border-color:#0693e3\"><blockquote><p>&#8220;\u00c9 literalmente verdade que Deus \u00e9 tudo em todos. Mas mesmo isso n\u00e3o \u00e9 tudo de Deus.&#8221;<\/p><\/blockquote><\/figure>\n\n\n\n<p class=\"has-text-align-center\"><a class=\"pag\" href=\"https:\/\/r20.rs6.net\/tn.jsp?f=001qpK0kRt5G0QA54m9LlXzIceJKG6syeYN3lRI2Zylv_r1flYIhIDKByNXJR1et4ZHxNJ0Cc-ULxZToTYrmDjvq-gG4qERhDUJjz71KgzpucptTMNZcIhzH6QygBt758FXImnAKRLuGGN5rZ64xPWtVJ8KH3zsx8tYYUNv1jy2oh-zakZCm0HmhQs9ZQD7T5uWtpkdNfWRNdBko_PW-gYO6gfWasfzpN86&amp;c=EKvIb3Pmx2o94lR1Y0OAS5RirB4hA8bPUTlc85RdovWF3PvxPNo0YA==&amp;ch=aJlZyTOuzaI-tagXRgV2SCmMOogfzCA5Nk-MKW6WG6R2uTDhKdkopQ==\" target=\"_blank\" rel=\"noreferrer noopener\">(3:1.2) 44.5<\/a><\/p>\n\n\n\n<p>Fonte:<\/p>\n\n\n\n<p align=\"center\"><strong><a href=\"https:\/\/www.urantia.org\/\"  class=\"pag\">Urantia Foundation | 533 Diversey Parkway, Chicago, IL 60614<\/a><\/strong><\/p><\/p>\n\n\n<p class=\"has-text-align-right\">\n<\/p><p style=\"text-align: right;\"><a class=\"pag\" href=\"https:\/\/tmarchives.com.br\/wp\/?page_id=1340\">Voltar<\/a><\/p>\n\n\n<p><\/p>\n","protected":false},"excerpt":{"rendered":"<p>&#8220;\u00c9 literalmente verdade que Deus \u00e9 tudo em todos. Mas mesmo isso n\u00e3o \u00e9 tudo de Deus.&#8221; (3:1.2) 44.5 Fonte: Urantia Foundation | 533 Diversey Parkway, Chicago, IL 60614 Voltar<\/p>\n","protected":false},"author":1,"featured_media":0,"parent":0,"menu_order":0,"comment_status":"closed","ping_status":"closed","template":"","meta":{"footnotes":""},"class_list":["post-2677","page","type-page","status-publish","hentry"],"_links":{"self":[{"href":"https:\/\/tmarchives.com.br\/wp\/index.php?rest_route=\/wp\/v2\/pages\/2677","targetHints":{"allow":["GET"]}}],"collection":[{"href":"https:\/\/tmarchives.com.br\/wp\/index.php?rest_route=\/wp\/v2\/pages"}],"about":[{"href":"https:\/\/tmarchives.com.br\/wp\/index.php?rest_route=\/wp\/v2\/types\/page"}],"author":[{"embeddable":true,"href":"https:\/\/tmarchives.com.br\/wp\/index.php?rest_route=\/wp\/v2\/users\/1"}],"replies":[{"embeddable":true,"href":"https:\/\/tmarchives.com.br\/wp\/index.php?rest_route=%2Fwp%2Fv2%2Fcomments&post=2677"}],"version-history":[{"count":1,"href":"https:\/\/tmarchives.com.br\/wp\/index.php?rest_route=\/wp\/v2\/pages\/2677\/revisions"}],"predecessor-version":[{"id":2680,"href":"https:\/\/tmarchives.com.br\/wp\/index.php?rest_route=\/wp\/v2\/pages\/2677\/revisions\/2680"}],"wp:attachment":[{"href":"https:\/\/tmarchives.com.br\/wp\/index.php?rest_route=%2Fwp%2Fv2%2Fmedia&parent=2677"}],"curies":[{"name":"wp","href":"https:\/\/api.w.org\/{rel}","templated":true}]}}