{"id":2669,"date":"2021-06-07T11:03:59","date_gmt":"2021-06-07T11:03:59","guid":{"rendered":"https:\/\/tmarchives.com.br\/wp\/?page_id=2669"},"modified":"2021-06-07T11:04:00","modified_gmt":"2021-06-07T11:04:00","slug":"educacao","status":"publish","type":"page","link":"https:\/\/tmarchives.com.br\/wp\/?page_id=2669","title":{"rendered":"Educa\u00e7\u00e3o"},"content":{"rendered":"\n<div class=\"wp-block-image\"><figure class=\"aligncenter size-large\"><img loading=\"lazy\" decoding=\"async\" width=\"700\" height=\"368\" src=\"https:\/\/tmarchives.com.br\/wp\/wp-content\/uploads\/2021\/06\/imagem136.jpg\" alt=\"\" class=\"wp-image-2668\" srcset=\"https:\/\/tmarchives.com.br\/wp\/wp-content\/uploads\/2021\/06\/imagem136.jpg 700w, https:\/\/tmarchives.com.br\/wp\/wp-content\/uploads\/2021\/06\/imagem136-300x158.jpg 300w\" sizes=\"auto, (max-width: 700px) 100vw, 700px\" \/><\/figure><\/div>\n\n\n\n<figure class=\"wp-block-pullquote is-style-default\" style=\"border-color:#0693e3\"><blockquote><p>&#8220;O prop\u00f3sito de toda educa\u00e7\u00e3o deve ser promover e promover o prop\u00f3sito supremo da vida, o desenvolvimento de uma personalidade majestosa e bem equilibrada&#8221;<\/p><\/blockquote><\/figure>\n\n\n\n<p class=\"has-text-align-center\"><a class=\"pag\" href=\"https:\/\/r20.rs6.net\/tn.jsp?f=001gi84zgemQAkr500ufPZJtV22hVuK8Q8AqjhgawLfqDnqMttZo4cc1Vr2vmM0QuaClKx8St4Yxwygbc3QfBZIo9RnaA_PUkcprSAeNrV-XXiYv9cWe-v5pCVZck47SUbRRHjZgwbCsiQZ1IJV6bZi9s2g1n7goBTuZZz0NAGgCx6k2qJ0WXPbcD7sM8mbXvh8nV8UfmruQ9ATLE2GDGsRyXYcoBonL3v9x3hgu8BDi_o=&amp;c=BTIEait9-69ERxaCxT0kmN2BAXeV64qD9zV2FrF1xqi6Jw5MKTG5ig==&amp;ch=DVXIuQz3mpr88CR7xh7-dpQ9KnWJ1BMm3QGBbyPwqgyLD6yG99qG1A==\" target=\"_blank\" rel=\"noreferrer noopener\">(195:10.17) 2086.3<\/a><\/p>\n\n\n\n<p>Fonte:<\/p>\n\n\n\n<p align=\"center\"><strong><a href=\"https:\/\/www.urantia.org\/\"  class=\"pag\">Urantia Foundation | 533 Diversey Parkway, Chicago, IL 60614<\/a><\/strong><\/p><\/p>\n\n\n<p class=\"has-text-align-right\">\n<\/p><p style=\"text-align: right;\"><a class=\"pag\" href=\"https:\/\/tmarchives.com.br\/wp\/?page_id=1340\">Voltar<\/a><\/p>\n\n\n<p><\/p>\n","protected":false},"excerpt":{"rendered":"<p>&#8220;O prop\u00f3sito de toda educa\u00e7\u00e3o deve ser promover e promover o prop\u00f3sito supremo da vida, o desenvolvimento de uma personalidade majestosa e bem equilibrada&#8221; (195:10.17) 2086.3 Fonte: Urantia Foundation | 533 Diversey Parkway, Chicago, IL 60614 Voltar<\/p>\n","protected":false},"author":1,"featured_media":0,"parent":0,"menu_order":0,"comment_status":"closed","ping_status":"closed","template":"","meta":{"footnotes":""},"class_list":["post-2669","page","type-page","status-publish","hentry"],"_links":{"self":[{"href":"https:\/\/tmarchives.com.br\/wp\/index.php?rest_route=\/wp\/v2\/pages\/2669","targetHints":{"allow":["GET"]}}],"collection":[{"href":"https:\/\/tmarchives.com.br\/wp\/index.php?rest_route=\/wp\/v2\/pages"}],"about":[{"href":"https:\/\/tmarchives.com.br\/wp\/index.php?rest_route=\/wp\/v2\/types\/page"}],"author":[{"embeddable":true,"href":"https:\/\/tmarchives.com.br\/wp\/index.php?rest_route=\/wp\/v2\/users\/1"}],"replies":[{"embeddable":true,"href":"https:\/\/tmarchives.com.br\/wp\/index.php?rest_route=%2Fwp%2Fv2%2Fcomments&post=2669"}],"version-history":[{"count":1,"href":"https:\/\/tmarchives.com.br\/wp\/index.php?rest_route=\/wp\/v2\/pages\/2669\/revisions"}],"predecessor-version":[{"id":2670,"href":"https:\/\/tmarchives.com.br\/wp\/index.php?rest_route=\/wp\/v2\/pages\/2669\/revisions\/2670"}],"wp:attachment":[{"href":"https:\/\/tmarchives.com.br\/wp\/index.php?rest_route=%2Fwp%2Fv2%2Fmedia&parent=2669"}],"curies":[{"name":"wp","href":"https:\/\/api.w.org\/{rel}","templated":true}]}}