{"id":2661,"date":"2021-06-07T10:56:46","date_gmt":"2021-06-07T10:56:46","guid":{"rendered":"https:\/\/tmarchives.com.br\/wp\/?page_id=2661"},"modified":"2021-06-07T10:58:41","modified_gmt":"2021-06-07T10:58:41","slug":"valor-espiritual","status":"publish","type":"page","link":"https:\/\/tmarchives.com.br\/wp\/?page_id=2661","title":{"rendered":"Valor Espiritual"},"content":{"rendered":"\n<div class=\"wp-block-image\"><figure class=\"aligncenter size-large\"><img loading=\"lazy\" decoding=\"async\" width=\"700\" height=\"328\" src=\"https:\/\/tmarchives.com.br\/wp\/wp-content\/uploads\/2021\/06\/imagem135.jpg\" alt=\"\" class=\"wp-image-2664\" srcset=\"https:\/\/tmarchives.com.br\/wp\/wp-content\/uploads\/2021\/06\/imagem135.jpg 700w, https:\/\/tmarchives.com.br\/wp\/wp-content\/uploads\/2021\/06\/imagem135-300x141.jpg 300w\" sizes=\"auto, (max-width: 700px) 100vw, 700px\" \/><\/figure><\/div>\n\n\n\n<figure class=\"wp-block-pullquote is-style-default\" style=\"border-color:#0693e3\"><blockquote><p>&#8220;Se alguma coisa se origina em sua consci\u00eancia que \u00e9 repleta de valor espiritual supremo, uma vez que voc\u00ea d\u00e1 express\u00e3o, nenhum poder no universo pode impedir que brilhe diretamente para a Personalidade Espiritual Absoluta de toda a cria\u00e7\u00e3o.&#8221;<\/p><\/blockquote><\/figure>\n\n\n\n<p class=\"has-text-align-center\"><a class=\"pag\" href=\"https:\/\/r20.rs6.net\/tn.jsp?f=001nlJOsz6fHEBrm3fIqV5u5-uN3X553wA86_unvqPeRcoUwFajEVhk2SjGlxnI5VIF6JEo37kRYMpB9lT-o7BmhYZmaFnUUf-USrSxYFBInSBMjneOpZ6hn00-sJ6CNG0zNbTlO1qU4oq6DEXTyPJaAR8zaur0hLHA7mtoRQPR4Z0pPCZmVvxjkj_b_mbgXf4gxAW_-LsS_3H5NSJr7q8HSzLyHzRi_Lmutuv13wziswP1qfpxo2EQiQ==&amp;c=UBYqUV_8NuQAhjxpNyb6n4yIANGzFA4eAkGib0PLZ6uvorj8NnvaDA==&amp;ch=mSS-fQ_jZl2JaX3e62zMHsyhyGw5SGRE-AkCVSPwE01wASlXi2UP_Q==\" target=\"_blank\" rel=\"noreferrer noopener\">(7:3.5) 84.5<\/a><\/p>\n\n\n\n<p>Fonte:<\/p>\n\n\n\n<p align=\"center\"><strong><a href=\"https:\/\/www.urantia.org\/\"  class=\"pag\">Urantia Foundation | 533 Diversey Parkway, Chicago, IL 60614<\/a><\/strong><\/p><\/p>\n\n\n<p class=\"has-text-align-right\">\n<\/p><p style=\"text-align: right;\"><a class=\"pag\" href=\"https:\/\/tmarchives.com.br\/wp\/?page_id=1340\">Voltar<\/a><\/p>\n\n\n<p><\/p>\n","protected":false},"excerpt":{"rendered":"<p>&#8220;Se alguma coisa se origina em sua consci\u00eancia que \u00e9 repleta de valor espiritual supremo, uma vez que voc\u00ea d\u00e1 express\u00e3o, nenhum poder no universo pode impedir que brilhe diretamente para a Personalidade Espiritual Absoluta de toda a cria\u00e7\u00e3o.&#8221; (7:3.5) 84.5 Fonte: Urantia Foundation | [&hellip;]<\/p>\n","protected":false},"author":1,"featured_media":0,"parent":0,"menu_order":0,"comment_status":"closed","ping_status":"closed","template":"","meta":{"footnotes":""},"class_list":["post-2661","page","type-page","status-publish","hentry"],"_links":{"self":[{"href":"https:\/\/tmarchives.com.br\/wp\/index.php?rest_route=\/wp\/v2\/pages\/2661","targetHints":{"allow":["GET"]}}],"collection":[{"href":"https:\/\/tmarchives.com.br\/wp\/index.php?rest_route=\/wp\/v2\/pages"}],"about":[{"href":"https:\/\/tmarchives.com.br\/wp\/index.php?rest_route=\/wp\/v2\/types\/page"}],"author":[{"embeddable":true,"href":"https:\/\/tmarchives.com.br\/wp\/index.php?rest_route=\/wp\/v2\/users\/1"}],"replies":[{"embeddable":true,"href":"https:\/\/tmarchives.com.br\/wp\/index.php?rest_route=%2Fwp%2Fv2%2Fcomments&post=2661"}],"version-history":[{"count":1,"href":"https:\/\/tmarchives.com.br\/wp\/index.php?rest_route=\/wp\/v2\/pages\/2661\/revisions"}],"predecessor-version":[{"id":2665,"href":"https:\/\/tmarchives.com.br\/wp\/index.php?rest_route=\/wp\/v2\/pages\/2661\/revisions\/2665"}],"wp:attachment":[{"href":"https:\/\/tmarchives.com.br\/wp\/index.php?rest_route=%2Fwp%2Fv2%2Fmedia&parent=2661"}],"curies":[{"name":"wp","href":"https:\/\/api.w.org\/{rel}","templated":true}]}}