{"id":2657,"date":"2021-06-07T10:52:42","date_gmt":"2021-06-07T10:52:42","guid":{"rendered":"https:\/\/tmarchives.com.br\/wp\/?page_id=2657"},"modified":"2021-06-07T10:52:47","modified_gmt":"2021-06-07T10:52:47","slug":"a-renascenca-espiritual","status":"publish","type":"page","link":"https:\/\/tmarchives.com.br\/wp\/?page_id=2657","title":{"rendered":"A Renascen\u00e7a Espiritual"},"content":{"rendered":"\n<div class=\"wp-block-image\"><figure class=\"aligncenter size-large\"><img loading=\"lazy\" decoding=\"async\" width=\"700\" height=\"351\" src=\"https:\/\/tmarchives.com.br\/wp\/wp-content\/uploads\/2021\/06\/imagem134.jpg\" alt=\"\" class=\"wp-image-2658\" srcset=\"https:\/\/tmarchives.com.br\/wp\/wp-content\/uploads\/2021\/06\/imagem134.jpg 700w, https:\/\/tmarchives.com.br\/wp\/wp-content\/uploads\/2021\/06\/imagem134-300x150.jpg 300w\" sizes=\"auto, (max-width: 700px) 100vw, 700px\" \/><\/figure><\/div>\n\n\n\n<figure class=\"wp-block-pullquote is-style-default\" style=\"border-color:#0693e3\"><blockquote><p>&#8220;O renascimento espiritual deve aguardar a vinda de &#8230; novos professores da religi\u00e3o de Jesus que ser\u00e3o exclusivamente devotados \u00e0 regenera\u00e7\u00e3o espiritual dos homens.&#8221;<\/p><\/blockquote><\/figure>\n\n\n\n<p class=\"has-text-align-center\"><a class=\"pag\" href=\"https:\/\/r20.rs6.net\/tn.jsp?f=001MoAwHtpquh13UU76fPf7YGfVQWraEOS8z_8i94hu-h9bjqTfwidVEDvJqGufcSBUShpiy6N6jws0mqgvSXXvOv0KEEFH9tXh44ENhQImOn72TAUBlXJ0lTcm7ZV-aH2NCcKgJm-bWfF-Hg-w02eSsT4T9uxri-dNbgqF2HWpqaKLJTB2HBO7qRqJKxzgCQeMPgnNv1O5iNLNl-OORp7AEgDF7gHFVm8JfcvKVlgPHUQ=&amp;c=3bpffPe_rxWaW92n-7hij3oU7_HT0sFGU_xGDJ615PKAbCsPZ6Uy9w==&amp;ch=BboZ0v9KY74m9gYbKpT0HEK-mUPr1D-lX6BnAU4K8shAHXYYYPX_uw==\" target=\"_blank\" rel=\"noreferrer noopener\">(195:9.4) 2082.9<\/a><\/p>\n\n\n\n<p>Fonte:<\/p>\n\n\n\n<p align=\"center\"><strong><a href=\"https:\/\/www.urantia.org\/\"  class=\"pag\">Urantia Foundation | 533 Diversey Parkway, Chicago, IL 60614<\/a><\/strong><\/p><\/p>\n\n\n<p class=\"has-text-align-right\">\n<\/p><p style=\"text-align: right;\"><a class=\"pag\" href=\"https:\/\/tmarchives.com.br\/wp\/?page_id=1340\">Voltar<\/a><\/p>\n\n\n<p><\/p>\n","protected":false},"excerpt":{"rendered":"<p>&#8220;O renascimento espiritual deve aguardar a vinda de &#8230; novos professores da religi\u00e3o de Jesus que ser\u00e3o exclusivamente devotados \u00e0 regenera\u00e7\u00e3o espiritual dos homens.&#8221; (195:9.4) 2082.9 Fonte: Urantia Foundation | 533 Diversey Parkway, Chicago, IL 60614 Voltar<\/p>\n","protected":false},"author":1,"featured_media":0,"parent":0,"menu_order":0,"comment_status":"closed","ping_status":"closed","template":"","meta":{"footnotes":""},"class_list":["post-2657","page","type-page","status-publish","hentry"],"_links":{"self":[{"href":"https:\/\/tmarchives.com.br\/wp\/index.php?rest_route=\/wp\/v2\/pages\/2657","targetHints":{"allow":["GET"]}}],"collection":[{"href":"https:\/\/tmarchives.com.br\/wp\/index.php?rest_route=\/wp\/v2\/pages"}],"about":[{"href":"https:\/\/tmarchives.com.br\/wp\/index.php?rest_route=\/wp\/v2\/types\/page"}],"author":[{"embeddable":true,"href":"https:\/\/tmarchives.com.br\/wp\/index.php?rest_route=\/wp\/v2\/users\/1"}],"replies":[{"embeddable":true,"href":"https:\/\/tmarchives.com.br\/wp\/index.php?rest_route=%2Fwp%2Fv2%2Fcomments&post=2657"}],"version-history":[{"count":1,"href":"https:\/\/tmarchives.com.br\/wp\/index.php?rest_route=\/wp\/v2\/pages\/2657\/revisions"}],"predecessor-version":[{"id":2660,"href":"https:\/\/tmarchives.com.br\/wp\/index.php?rest_route=\/wp\/v2\/pages\/2657\/revisions\/2660"}],"wp:attachment":[{"href":"https:\/\/tmarchives.com.br\/wp\/index.php?rest_route=%2Fwp%2Fv2%2Fmedia&parent=2657"}],"curies":[{"name":"wp","href":"https:\/\/api.w.org\/{rel}","templated":true}]}}