{"id":2628,"date":"2021-05-31T13:23:37","date_gmt":"2021-05-31T13:23:37","guid":{"rendered":"https:\/\/tmarchives.com.br\/wp\/?page_id=2628"},"modified":"2021-05-31T13:23:37","modified_gmt":"2021-05-31T13:23:37","slug":"palavras-de-espirito-e-vida","status":"publish","type":"page","link":"https:\/\/tmarchives.com.br\/wp\/?page_id=2628","title":{"rendered":"Palavras de Esp\u00edrito e Vida"},"content":{"rendered":"\n<div class=\"wp-block-image\"><figure class=\"aligncenter size-large\"><img loading=\"lazy\" decoding=\"async\" width=\"700\" height=\"352\" src=\"https:\/\/tmarchives.com.br\/wp\/wp-content\/uploads\/2021\/05\/imagem131.jpg\" alt=\"\" class=\"wp-image-2629\" srcset=\"https:\/\/tmarchives.com.br\/wp\/wp-content\/uploads\/2021\/05\/imagem131.jpg 700w, https:\/\/tmarchives.com.br\/wp\/wp-content\/uploads\/2021\/05\/imagem131-300x151.jpg 300w\" sizes=\"auto, (max-width: 700px) 100vw, 700px\" \/><\/figure><\/div>\n\n\n\n<figure class=\"wp-block-pullquote is-style-default\" style=\"border-color:#0693e3\"><blockquote><p>\u201cMeu amado, voc\u00ea deve se lembrar que \u00e9 o esp\u00edrito que vivifica; a carne e tudo o que diz respeito a ela t\u00eam pouco proveito. As palavras que vos disse s\u00e3o esp\u00edrito e vida. Tenha bom \u00e2nimo! Eu n\u00e3o te abandonei.&#8221;<br>Jesus<\/p><\/blockquote><\/figure>\n\n\n\n<p class=\"has-text-align-center\"><a class=\"pag\" href=\"https:\/\/r20.rs6.net\/tn.jsp?f=001e_76Pn16lG2_0MtpStsOudTGJrtAvIfCEbq3rcu7FB99Yd-6Vo9l7ncie66RjSdZte-Lga4pZg5xIv4ayrE5rC1SWJ2E7CklYt1_U5uGAh-6ULSyCS5pgDWe5L74G00tTfBQbjOcsZo33X5Va1Kdju-WFFCF5t7qPTbxuZdogJJOCGStf1bs0I2R9NKOdmImCwKtEXaIz4C3ZnkRVw5To98tWC9iQYnJBXKeAQ_tLEo=&amp;c=JFLcj3XttUj_TH0KKzcpw5LbSleJ5nfS2ufQZjbgMs0xvHfGYz0l0A==&amp;ch=qVNvHDq-htIpr5RO23SlyiJOtyD5SYbk04f77VfK0CpaH9nvDV9wnw==\" target=\"_blank\" rel=\"noreferrer noopener\">(153:5.4) 1715.4<\/a><\/p>\n\n\n\n<p>Fonte:<\/p>\n\n\n\n<p align=\"center\"><strong><a href=\"https:\/\/www.urantia.org\/\"  class=\"pag\">Urantia Foundation | 533 Diversey Parkway, Chicago, IL 60614<\/a><\/strong><\/p><\/p>\n\n\n<p class=\"has-text-align-right\">\n<\/p><p style=\"text-align: right;\"><a class=\"pag\" href=\"https:\/\/tmarchives.com.br\/wp\/?page_id=1340\">Voltar<\/a><\/p>\n\n\n<p><\/p>\n","protected":false},"excerpt":{"rendered":"<p>\u201cMeu amado, voc\u00ea deve se lembrar que \u00e9 o esp\u00edrito que vivifica; a carne e tudo o que diz respeito a ela t\u00eam pouco proveito. As palavras que vos disse s\u00e3o esp\u00edrito e vida. Tenha bom \u00e2nimo! Eu n\u00e3o te abandonei.&#8221;Jesus (153:5.4) 1715.4 Fonte: Urantia [&hellip;]<\/p>\n","protected":false},"author":1,"featured_media":0,"parent":0,"menu_order":0,"comment_status":"closed","ping_status":"closed","template":"","meta":{"footnotes":""},"class_list":["post-2628","page","type-page","status-publish","hentry"],"_links":{"self":[{"href":"https:\/\/tmarchives.com.br\/wp\/index.php?rest_route=\/wp\/v2\/pages\/2628","targetHints":{"allow":["GET"]}}],"collection":[{"href":"https:\/\/tmarchives.com.br\/wp\/index.php?rest_route=\/wp\/v2\/pages"}],"about":[{"href":"https:\/\/tmarchives.com.br\/wp\/index.php?rest_route=\/wp\/v2\/types\/page"}],"author":[{"embeddable":true,"href":"https:\/\/tmarchives.com.br\/wp\/index.php?rest_route=\/wp\/v2\/users\/1"}],"replies":[{"embeddable":true,"href":"https:\/\/tmarchives.com.br\/wp\/index.php?rest_route=%2Fwp%2Fv2%2Fcomments&post=2628"}],"version-history":[{"count":1,"href":"https:\/\/tmarchives.com.br\/wp\/index.php?rest_route=\/wp\/v2\/pages\/2628\/revisions"}],"predecessor-version":[{"id":2630,"href":"https:\/\/tmarchives.com.br\/wp\/index.php?rest_route=\/wp\/v2\/pages\/2628\/revisions\/2630"}],"wp:attachment":[{"href":"https:\/\/tmarchives.com.br\/wp\/index.php?rest_route=%2Fwp%2Fv2%2Fmedia&parent=2628"}],"curies":[{"name":"wp","href":"https:\/\/api.w.org\/{rel}","templated":true}]}}