{"id":2620,"date":"2021-05-30T14:30:25","date_gmt":"2021-05-30T14:30:25","guid":{"rendered":"https:\/\/tmarchives.com.br\/wp\/?page_id=2620"},"modified":"2021-05-30T14:30:26","modified_gmt":"2021-05-30T14:30:26","slug":"realidade-espiritual","status":"publish","type":"page","link":"https:\/\/tmarchives.com.br\/wp\/?page_id=2620","title":{"rendered":"Realidade espiritual"},"content":{"rendered":"\n<div class=\"wp-block-image\"><figure class=\"aligncenter size-large\"><img loading=\"lazy\" decoding=\"async\" width=\"700\" height=\"359\" src=\"https:\/\/tmarchives.com.br\/wp\/wp-content\/uploads\/2021\/05\/imagem130.jpg\" alt=\"\" class=\"wp-image-2622\" srcset=\"https:\/\/tmarchives.com.br\/wp\/wp-content\/uploads\/2021\/05\/imagem130.jpg 700w, https:\/\/tmarchives.com.br\/wp\/wp-content\/uploads\/2021\/05\/imagem130-300x154.jpg 300w\" sizes=\"auto, (max-width: 700px) 100vw, 700px\" \/><\/figure><\/div>\n\n\n\n<figure class=\"wp-block-pullquote is-style-default\" style=\"border-color:#0693e3\"><blockquote><p>&#8220;Os valores espirituais e as for\u00e7as espirituais s\u00e3o reais. Do ponto de vista da personalidade, o esp\u00edrito \u00e9 a alma da cria\u00e7\u00e3o; a mat\u00e9ria \u00e9 o corpo f\u00edsico sombrio.&#8221;<\/p><\/blockquote><\/figure>\n\n\n\n<p class=\"has-text-align-center\"><a class=\"pag\" href=\"https:\/\/r20.rs6.net\/tn.jsp?f=001OsiK-TQ-Dke3wYkN0qdEPj5jeGj-akkPUJ4yLWfxsPaD-4dLiHi1Z_hh-NSdeX3HZsMzf811lmet1oUGGaCMZ_vUwz95WsT9gPpYrL4m0gWzrk6s9g8FUGsQaa1hQxUqDAK7_PzIkS-P17F6r8lqMV8_U3foqZ7iMLl0Anbit9cv2uNepFO8mjtQatxj09PuxZDh8oV1E3CqM8LcppEpwXf2MJm0VgyhkPpMuj75CMBYDiSjO-ZWJw==&amp;c=YICz3CRbG9FqRzVZ0d836rcx7HQGUPqt24-hvPHaogU_i2bLkqq9Zg==&amp;ch=kzPR1zb8dS1Z6MQqksZDfKB_O0Vm7zJo9uGwKYDpDSgJ8jwDXYAhtg==\" target=\"_blank\" rel=\"noreferrer noopener\">(7:1.3) 82.2<\/a><\/p>\n\n\n\n<p>Fonte:<\/p>\n\n\n\n<p align=\"center\"><strong><a href=\"https:\/\/www.urantia.org\/\"  class=\"pag\">Urantia Foundation | 533 Diversey Parkway, Chicago, IL 60614<\/a><\/strong><\/p><\/p>\n\n\n<p class=\"has-text-align-right\">\n<\/p><p style=\"text-align: right;\"><a class=\"pag\" href=\"https:\/\/tmarchives.com.br\/wp\/?page_id=1340\">Voltar<\/a><\/p>\n\n\n<p><\/p>\n","protected":false},"excerpt":{"rendered":"<p>&#8220;Os valores espirituais e as for\u00e7as espirituais s\u00e3o reais. Do ponto de vista da personalidade, o esp\u00edrito \u00e9 a alma da cria\u00e7\u00e3o; a mat\u00e9ria \u00e9 o corpo f\u00edsico sombrio.&#8221; (7:1.3) 82.2 Fonte: Urantia Foundation | 533 Diversey Parkway, Chicago, IL 60614 Voltar<\/p>\n","protected":false},"author":1,"featured_media":0,"parent":0,"menu_order":0,"comment_status":"closed","ping_status":"closed","template":"","meta":{"footnotes":""},"class_list":["post-2620","page","type-page","status-publish","hentry"],"_links":{"self":[{"href":"https:\/\/tmarchives.com.br\/wp\/index.php?rest_route=\/wp\/v2\/pages\/2620","targetHints":{"allow":["GET"]}}],"collection":[{"href":"https:\/\/tmarchives.com.br\/wp\/index.php?rest_route=\/wp\/v2\/pages"}],"about":[{"href":"https:\/\/tmarchives.com.br\/wp\/index.php?rest_route=\/wp\/v2\/types\/page"}],"author":[{"embeddable":true,"href":"https:\/\/tmarchives.com.br\/wp\/index.php?rest_route=\/wp\/v2\/users\/1"}],"replies":[{"embeddable":true,"href":"https:\/\/tmarchives.com.br\/wp\/index.php?rest_route=%2Fwp%2Fv2%2Fcomments&post=2620"}],"version-history":[{"count":1,"href":"https:\/\/tmarchives.com.br\/wp\/index.php?rest_route=\/wp\/v2\/pages\/2620\/revisions"}],"predecessor-version":[{"id":2623,"href":"https:\/\/tmarchives.com.br\/wp\/index.php?rest_route=\/wp\/v2\/pages\/2620\/revisions\/2623"}],"wp:attachment":[{"href":"https:\/\/tmarchives.com.br\/wp\/index.php?rest_route=%2Fwp%2Fv2%2Fmedia&parent=2620"}],"curies":[{"name":"wp","href":"https:\/\/api.w.org\/{rel}","templated":true}]}}