{"id":2613,"date":"2021-05-30T02:15:01","date_gmt":"2021-05-30T02:15:01","guid":{"rendered":"https:\/\/tmarchives.com.br\/wp\/?page_id=2613"},"modified":"2021-05-30T02:15:01","modified_gmt":"2021-05-30T02:15:01","slug":"valor-da-religiao","status":"publish","type":"page","link":"https:\/\/tmarchives.com.br\/wp\/?page_id=2613","title":{"rendered":"Valor da religi\u00e3o"},"content":{"rendered":"\n<div class=\"wp-block-image\"><figure class=\"aligncenter size-large\"><img loading=\"lazy\" decoding=\"async\" width=\"700\" height=\"303\" src=\"https:\/\/tmarchives.com.br\/wp\/wp-content\/uploads\/2021\/05\/imagem129.jpg\" alt=\"\" class=\"wp-image-2614\" srcset=\"https:\/\/tmarchives.com.br\/wp\/wp-content\/uploads\/2021\/05\/imagem129.jpg 700w, https:\/\/tmarchives.com.br\/wp\/wp-content\/uploads\/2021\/05\/imagem129-300x130.jpg 300w\" sizes=\"auto, (max-width: 700px) 100vw, 700px\" \/><\/figure><\/div>\n\n\n\n<figure class=\"wp-block-pullquote is-style-default\" style=\"border-color:#0693e3\"><blockquote><p>&#8220;A religi\u00e3o \u00e9 o flagelo eficiente da evolu\u00e7\u00e3o que impiedosamente conduz a humanidade indolente e sofredora de seu estado natural de in\u00e9rcia intelectual para a frente e para cima, para n\u00edveis mais elevados de raz\u00e3o e sabedoria.&#8221;<\/p><\/blockquote><\/figure>\n\n\n\n<p class=\"has-text-align-center\"><a class=\"pag\" href=\"https:\/\/r20.rs6.net\/tn.jsp?f=001j1XtkcXuP7sKRnRUzluMSlr1XB3vjAtquJxRxUnKXAvR4w3P43AH3Pr6JXPQbaN6f9rYfXr2XOcXfi43w6FXIcZDQqHkRtJR6WruKJgtO62SewUEv4J6kbFPnsmAKFAk7AOZwutvH2sKiNe8Z_4R0ov5khUklFn619uAFNM5fQZ7hwhuq1GOi0QG8P8zWCzdBgXhza9pc9D_l1qCL7wrohMxXKXS1naW8iPW4c3voQsD5Zmwv7VFJw==&amp;c=5qY2eO-qqIeFRZFZhv6bahxi7KQ12cB4R6snwCHj5BsA_RNBGbyiyg==&amp;ch=Czn_ftPaxEfXM9iVnrqZcbRiUbr7Go9tGm2ukwxw6PGPWQcfmuoCcg==\" target=\"_blank\" rel=\"noreferrer noopener\">(92:3.9) 1006.6<\/a><\/p>\n\n\n\n<p>Fonte:<\/p>\n\n\n\n<p align=\"center\"><strong><a href=\"https:\/\/www.urantia.org\/\"  class=\"pag\">Urantia Foundation | 533 Diversey Parkway, Chicago, IL 60614<\/a><\/strong><\/p><\/p>\n\n\n<p class=\"has-text-align-right\">\n<\/p><p style=\"text-align: right;\"><a class=\"pag\" href=\"https:\/\/tmarchives.com.br\/wp\/?page_id=1340\">Voltar<\/a><\/p>\n\n\n<p><\/p>\n","protected":false},"excerpt":{"rendered":"<p>&#8220;A religi\u00e3o \u00e9 o flagelo eficiente da evolu\u00e7\u00e3o que impiedosamente conduz a humanidade indolente e sofredora de seu estado natural de in\u00e9rcia intelectual para a frente e para cima, para n\u00edveis mais elevados de raz\u00e3o e sabedoria.&#8221; (92:3.9) 1006.6 Fonte: Urantia Foundation | 533 Diversey [&hellip;]<\/p>\n","protected":false},"author":1,"featured_media":0,"parent":0,"menu_order":0,"comment_status":"closed","ping_status":"closed","template":"","meta":{"footnotes":""},"class_list":["post-2613","page","type-page","status-publish","hentry"],"_links":{"self":[{"href":"https:\/\/tmarchives.com.br\/wp\/index.php?rest_route=\/wp\/v2\/pages\/2613","targetHints":{"allow":["GET"]}}],"collection":[{"href":"https:\/\/tmarchives.com.br\/wp\/index.php?rest_route=\/wp\/v2\/pages"}],"about":[{"href":"https:\/\/tmarchives.com.br\/wp\/index.php?rest_route=\/wp\/v2\/types\/page"}],"author":[{"embeddable":true,"href":"https:\/\/tmarchives.com.br\/wp\/index.php?rest_route=\/wp\/v2\/users\/1"}],"replies":[{"embeddable":true,"href":"https:\/\/tmarchives.com.br\/wp\/index.php?rest_route=%2Fwp%2Fv2%2Fcomments&post=2613"}],"version-history":[{"count":1,"href":"https:\/\/tmarchives.com.br\/wp\/index.php?rest_route=\/wp\/v2\/pages\/2613\/revisions"}],"predecessor-version":[{"id":2615,"href":"https:\/\/tmarchives.com.br\/wp\/index.php?rest_route=\/wp\/v2\/pages\/2613\/revisions\/2615"}],"wp:attachment":[{"href":"https:\/\/tmarchives.com.br\/wp\/index.php?rest_route=%2Fwp%2Fv2%2Fmedia&parent=2613"}],"curies":[{"name":"wp","href":"https:\/\/api.w.org\/{rel}","templated":true}]}}