{"id":2610,"date":"2021-05-30T02:07:37","date_gmt":"2021-05-30T02:07:37","guid":{"rendered":"https:\/\/tmarchives.com.br\/wp\/?page_id=2610"},"modified":"2021-05-30T02:07:37","modified_gmt":"2021-05-30T02:07:37","slug":"decisoes-de-sobrevivencia","status":"publish","type":"page","link":"https:\/\/tmarchives.com.br\/wp\/?page_id=2610","title":{"rendered":"Decis\u00f5es de sobreviv\u00eancia"},"content":{"rendered":"\n<div class=\"wp-block-image\"><figure class=\"aligncenter size-large\"><img loading=\"lazy\" decoding=\"async\" width=\"700\" height=\"363\" src=\"https:\/\/tmarchives.com.br\/wp\/wp-content\/uploads\/2021\/05\/imagem128.jpg\" alt=\"\" class=\"wp-image-2611\" srcset=\"https:\/\/tmarchives.com.br\/wp\/wp-content\/uploads\/2021\/05\/imagem128.jpg 700w, https:\/\/tmarchives.com.br\/wp\/wp-content\/uploads\/2021\/05\/imagem128-300x156.jpg 300w\" sizes=\"auto, (max-width: 700px) 100vw, 700px\" \/><\/figure><\/div>\n\n\n\n<figure class=\"wp-block-pullquote is-style-default\" style=\"border-color:#0693e3\"><blockquote><p>&#8220;Nos mundos evolucion\u00e1rios, a individualidade \u00e9 material; \u00e9 uma coisa no universo e, como tal, est\u00e1 sujeita \u00e0s leis da exist\u00eancia material. \u00c9 um fato no tempo e responde \u00e0s vicissitudes da\u00ed decorrentes. As decis\u00f5es de sobreviv\u00eancia devem\naqui ser formulado. &#8220;<\/p><\/blockquote><\/figure>\n\n\n\n<p class=\"has-text-align-center\"><a class=\"pag\" href=\"https:\/\/r20.rs6.net\/tn.jsp?f=001encdJj-udJKL94B34FSzgJDJj70tcXn8sxkXow419nVfomE8kSez-8hGFgeor5Wi07cKszJWm31c-elQE4X6cZVPvXtR1CsyVGjSp3BzDdySuTS8noGJwXGF3Yei_Utkv8tUwaqJzHoqrGqz41d9-mABE_H9pNCLwQgKJNDwXPnadN3yCmPW56JXzVxvmm0XKD9DZWkJAvO8mvx2zE4zifFS7t_wl1js3Uk0zzD2ei0=&amp;c=RSMAp3msE8jRMws16mJAwarhW-gTYbZyDmUXt54tXrK0REGi72OtyA==&amp;ch=7WOYpWcbPVe0-Kro2e3LiXgam3JsIKYqxPdDohGdVPi7glDFwL5eOw==\" target=\"_blank\" rel=\"noreferrer noopener\">(112:7.6) 1238.1<\/a><\/p>\n\n\n\n<p>Fonte:<\/p>\n\n\n\n<p align=\"center\"><strong><a href=\"https:\/\/www.urantia.org\/\"  class=\"pag\">Urantia Foundation | 533 Diversey Parkway, Chicago, IL 60614<\/a><\/strong><\/p><\/p>\n\n\n<p class=\"has-text-align-right\">\n<\/p><p style=\"text-align: right;\"><a class=\"pag\" href=\"https:\/\/tmarchives.com.br\/wp\/?page_id=1340\">Voltar<\/a><\/p>\n\n\n<p><\/p>\n","protected":false},"excerpt":{"rendered":"<p>&#8220;Nos mundos evolucion\u00e1rios, a individualidade \u00e9 material; \u00e9 uma coisa no universo e, como tal, est\u00e1 sujeita \u00e0s leis da exist\u00eancia material. \u00c9 um fato no tempo e responde \u00e0s vicissitudes da\u00ed decorrentes. As decis\u00f5es de sobreviv\u00eancia devem aqui ser formulado. &#8220; (112:7.6) 1238.1 Fonte: [&hellip;]<\/p>\n","protected":false},"author":1,"featured_media":0,"parent":0,"menu_order":0,"comment_status":"closed","ping_status":"closed","template":"","meta":{"footnotes":""},"class_list":["post-2610","page","type-page","status-publish","hentry"],"_links":{"self":[{"href":"https:\/\/tmarchives.com.br\/wp\/index.php?rest_route=\/wp\/v2\/pages\/2610","targetHints":{"allow":["GET"]}}],"collection":[{"href":"https:\/\/tmarchives.com.br\/wp\/index.php?rest_route=\/wp\/v2\/pages"}],"about":[{"href":"https:\/\/tmarchives.com.br\/wp\/index.php?rest_route=\/wp\/v2\/types\/page"}],"author":[{"embeddable":true,"href":"https:\/\/tmarchives.com.br\/wp\/index.php?rest_route=\/wp\/v2\/users\/1"}],"replies":[{"embeddable":true,"href":"https:\/\/tmarchives.com.br\/wp\/index.php?rest_route=%2Fwp%2Fv2%2Fcomments&post=2610"}],"version-history":[{"count":1,"href":"https:\/\/tmarchives.com.br\/wp\/index.php?rest_route=\/wp\/v2\/pages\/2610\/revisions"}],"predecessor-version":[{"id":2612,"href":"https:\/\/tmarchives.com.br\/wp\/index.php?rest_route=\/wp\/v2\/pages\/2610\/revisions\/2612"}],"wp:attachment":[{"href":"https:\/\/tmarchives.com.br\/wp\/index.php?rest_route=%2Fwp%2Fv2%2Fmedia&parent=2610"}],"curies":[{"name":"wp","href":"https:\/\/api.w.org\/{rel}","templated":true}]}}