{"id":2604,"date":"2021-05-30T01:59:36","date_gmt":"2021-05-30T01:59:36","guid":{"rendered":"https:\/\/tmarchives.com.br\/wp\/?page_id=2604"},"modified":"2021-05-30T02:03:02","modified_gmt":"2021-05-30T02:03:02","slug":"a-fe-viva-nos-sustenta","status":"publish","type":"page","link":"https:\/\/tmarchives.com.br\/wp\/?page_id=2604","title":{"rendered":"A f\u00e9 viva nos sustenta"},"content":{"rendered":"\n<div class=\"wp-block-image\"><figure class=\"aligncenter size-large\"><img loading=\"lazy\" decoding=\"async\" width=\"700\" height=\"223\" src=\"https:\/\/tmarchives.com.br\/wp\/wp-content\/uploads\/2021\/05\/imagem127.jpg\" alt=\"\" class=\"wp-image-2605\" srcset=\"https:\/\/tmarchives.com.br\/wp\/wp-content\/uploads\/2021\/05\/imagem127.jpg 700w, https:\/\/tmarchives.com.br\/wp\/wp-content\/uploads\/2021\/05\/imagem127-300x96.jpg 300w\" sizes=\"auto, (max-width: 700px) 100vw, 700px\" \/><\/figure><\/div>\n\n\n\n<figure class=\"wp-block-pullquote is-style-default\" style=\"border-color:#0693e3\"><blockquote><p>&#8220;\u00c9 natural que o homem mortal seja atormentado por sentimentos de inseguran\u00e7a, visto que ele se v\u00ea inextricavelmente ligado \u00e0 natureza enquanto possui poderes espirituais totalmente transcendentes a todas as coisas temporais e finitas. Somente a confian\u00e7a religiosa &#8211; a f\u00e9 viva &#8211; pode sustentar o homem em meio a tais dificuldades e problemas desconcertantes. &#8220;<\/p><\/blockquote><\/figure>\n\n\n\n<p class=\"has-text-align-center\"><a class=\"pag\" rel=\"noreferrer noopener\" href=\"https:\/\/r20.rs6.net\/tn.jsp?f=001EJikp_XQMdK3ykxehMFf3XwX345OWqp2Y53WXdm1LxIi1W8QxyK4MZs9gUnPMH0ZtCVWfbZ_7vuRIj1WGXeIpTNsywT1RHjkWAjvaJuaD_fAC0qkmWZdXAQwbXQdX117V_FuybjMM2lkm_XKyK2B3FrfsOZL7CctZycf7jMJR02pLIkOLBxjY8sJBCDaEQtEQPe6vAi5CodaSO3igDkL14WMyBXvcvShAsUhnQJt0B8=&amp;c=XQaiA5VqZeDrEWiLmo5RLJlnTZ_A7XDO62CXrlELwIVBkVUfAcy0rA==&amp;ch=jLQBUHtN7pCMxXcgGO76AQ74vxxFVAf4vfVSoH5rZ3jCVrhr36oG_g==\" target=\"_blank\">(111:6.8) 1222.7<\/a><\/p>\n\n\n\n<p>Fonte:<\/p>\n\n\n\n<p align=\"center\"><strong><a href=\"https:\/\/www.urantia.org\/\"  class=\"pag\">Urantia Foundation | 533 Diversey Parkway, Chicago, IL 60614<\/a><\/strong><\/p><\/p>\n\n\n<p class=\"has-text-align-right\">\n<\/p><p style=\"text-align: right;\"><a class=\"pag\" href=\"https:\/\/tmarchives.com.br\/wp\/?page_id=1340\">Voltar<\/a><\/p>\n\n\n<p><\/p>\n","protected":false},"excerpt":{"rendered":"<p>&#8220;\u00c9 natural que o homem mortal seja atormentado por sentimentos de inseguran\u00e7a, visto que ele se v\u00ea inextricavelmente ligado \u00e0 natureza enquanto possui poderes espirituais totalmente transcendentes a todas as coisas temporais e finitas. Somente a confian\u00e7a religiosa &#8211; a f\u00e9 viva &#8211; pode sustentar [&hellip;]<\/p>\n","protected":false},"author":1,"featured_media":0,"parent":0,"menu_order":0,"comment_status":"closed","ping_status":"closed","template":"","meta":{"footnotes":""},"class_list":["post-2604","page","type-page","status-publish","hentry"],"_links":{"self":[{"href":"https:\/\/tmarchives.com.br\/wp\/index.php?rest_route=\/wp\/v2\/pages\/2604","targetHints":{"allow":["GET"]}}],"collection":[{"href":"https:\/\/tmarchives.com.br\/wp\/index.php?rest_route=\/wp\/v2\/pages"}],"about":[{"href":"https:\/\/tmarchives.com.br\/wp\/index.php?rest_route=\/wp\/v2\/types\/page"}],"author":[{"embeddable":true,"href":"https:\/\/tmarchives.com.br\/wp\/index.php?rest_route=\/wp\/v2\/users\/1"}],"replies":[{"embeddable":true,"href":"https:\/\/tmarchives.com.br\/wp\/index.php?rest_route=%2Fwp%2Fv2%2Fcomments&post=2604"}],"version-history":[{"count":2,"href":"https:\/\/tmarchives.com.br\/wp\/index.php?rest_route=\/wp\/v2\/pages\/2604\/revisions"}],"predecessor-version":[{"id":2609,"href":"https:\/\/tmarchives.com.br\/wp\/index.php?rest_route=\/wp\/v2\/pages\/2604\/revisions\/2609"}],"wp:attachment":[{"href":"https:\/\/tmarchives.com.br\/wp\/index.php?rest_route=%2Fwp%2Fv2%2Fmedia&parent=2604"}],"curies":[{"name":"wp","href":"https:\/\/api.w.org\/{rel}","templated":true}]}}