{"id":2600,"date":"2021-05-30T01:53:54","date_gmt":"2021-05-30T01:53:54","guid":{"rendered":"https:\/\/tmarchives.com.br\/wp\/?page_id=2600"},"modified":"2021-05-30T01:53:54","modified_gmt":"2021-05-30T01:53:54","slug":"providencia","status":"publish","type":"page","link":"https:\/\/tmarchives.com.br\/wp\/?page_id=2600","title":{"rendered":"Provid\u00eancia"},"content":{"rendered":"\n<div class=\"wp-block-image\"><figure class=\"aligncenter size-large\"><img loading=\"lazy\" decoding=\"async\" width=\"700\" height=\"278\" src=\"https:\/\/tmarchives.com.br\/wp\/wp-content\/uploads\/2021\/05\/imagem126.jpg\" alt=\"\" class=\"wp-image-2601\" srcset=\"https:\/\/tmarchives.com.br\/wp\/wp-content\/uploads\/2021\/05\/imagem126.jpg 700w, https:\/\/tmarchives.com.br\/wp\/wp-content\/uploads\/2021\/05\/imagem126-300x119.jpg 300w\" sizes=\"auto, (max-width: 700px) 100vw, 700px\" \/><\/figure><\/div>\n\n\n\n<figure class=\"wp-block-pullquote is-style-default\" style=\"border-color:#0693e3\"><blockquote><p>&#8220;Quando os homens oram por uma interven\u00e7\u00e3o providencial nas circunst\u00e2ncias da vida, muitas vezes a resposta \u00e0 sua ora\u00e7\u00e3o \u00e9 sua pr\u00f3pria mudan\u00e7a de atitude em rela\u00e7\u00e3o \u00e0 vida. Mas a provid\u00eancia n\u00e3o \u00e9 caprichosa, nem \u00e9 fant\u00e1stica nem m\u00e1gica.&#8221;<\/p><\/blockquote><\/figure>\n\n\n\n<p class=\"has-text-align-center\"><a class=\"pag\" href=\"https:\/\/r20.rs6.net\/tn.jsp?f=001Y_ivT6LbRa8J0hlFJ33mq7hCKbc4Wrisx-KdEN-_D8ABzSucLFXvd7fE2rLcCgoUUNLpUwK5lWdoEx49QrHK0CtbyemUbfMcVPf-DuVOK97GwS63fM4pq1NYbNytOEAnxLibzMaSYDvLm9fjoDjvg5zqQqRY9PxWGArT1-H52iSTHWMhnBJpfNW3v0-Fv5OqjrEXU8FfaG6U4yfNH4g42GR0z6rmEAtD5GMH5PG8XOobrjKcTPQcsydwE8bFmyiE&amp;c=cOHw0ka1RTjECn9OMb3XpiAN2fuqXaYiak9MjrbhHKAxQOWfQwSj7A==&amp;ch=2hOfcElOOIUYmDQ3OI8EW_Er-pVL69TkQO_q87DqrodeZI8v4DdTPQ==\" target=\"_blank\" rel=\"noreferrer noopener\">(118:10.23) 1307.4<\/a><\/p>\n\n\n\n<p>Fonte:<\/p>\n\n\n\n<p align=\"center\"><strong><a href=\"https:\/\/www.urantia.org\/\"  class=\"pag\">Urantia Foundation | 533 Diversey Parkway, Chicago, IL 60614<\/a><\/strong><\/p><\/p>\n\n\n<p class=\"has-text-align-right\">\n<\/p><p style=\"text-align: right;\"><a class=\"pag\" href=\"https:\/\/tmarchives.com.br\/wp\/?page_id=1340\">Voltar<\/a><\/p>\n\n\n<p><\/p>\n","protected":false},"excerpt":{"rendered":"<p>&#8220;Quando os homens oram por uma interven\u00e7\u00e3o providencial nas circunst\u00e2ncias da vida, muitas vezes a resposta \u00e0 sua ora\u00e7\u00e3o \u00e9 sua pr\u00f3pria mudan\u00e7a de atitude em rela\u00e7\u00e3o \u00e0 vida. Mas a provid\u00eancia n\u00e3o \u00e9 caprichosa, nem \u00e9 fant\u00e1stica nem m\u00e1gica.&#8221; (118:10.23) 1307.4 Fonte: Urantia Foundation [&hellip;]<\/p>\n","protected":false},"author":1,"featured_media":0,"parent":0,"menu_order":0,"comment_status":"closed","ping_status":"closed","template":"","meta":{"footnotes":""},"class_list":["post-2600","page","type-page","status-publish","hentry"],"_links":{"self":[{"href":"https:\/\/tmarchives.com.br\/wp\/index.php?rest_route=\/wp\/v2\/pages\/2600","targetHints":{"allow":["GET"]}}],"collection":[{"href":"https:\/\/tmarchives.com.br\/wp\/index.php?rest_route=\/wp\/v2\/pages"}],"about":[{"href":"https:\/\/tmarchives.com.br\/wp\/index.php?rest_route=\/wp\/v2\/types\/page"}],"author":[{"embeddable":true,"href":"https:\/\/tmarchives.com.br\/wp\/index.php?rest_route=\/wp\/v2\/users\/1"}],"replies":[{"embeddable":true,"href":"https:\/\/tmarchives.com.br\/wp\/index.php?rest_route=%2Fwp%2Fv2%2Fcomments&post=2600"}],"version-history":[{"count":1,"href":"https:\/\/tmarchives.com.br\/wp\/index.php?rest_route=\/wp\/v2\/pages\/2600\/revisions"}],"predecessor-version":[{"id":2602,"href":"https:\/\/tmarchives.com.br\/wp\/index.php?rest_route=\/wp\/v2\/pages\/2600\/revisions\/2602"}],"wp:attachment":[{"href":"https:\/\/tmarchives.com.br\/wp\/index.php?rest_route=%2Fwp%2Fv2%2Fmedia&parent=2600"}],"curies":[{"name":"wp","href":"https:\/\/api.w.org\/{rel}","templated":true}]}}