{"id":2551,"date":"2021-05-22T23:00:26","date_gmt":"2021-05-22T23:00:26","guid":{"rendered":"https:\/\/tmarchives.com.br\/wp\/?page_id=2551"},"modified":"2021-05-22T23:00:26","modified_gmt":"2021-05-22T23:00:26","slug":"descobrindo-a-divindade","status":"publish","type":"page","link":"https:\/\/tmarchives.com.br\/wp\/?page_id=2551","title":{"rendered":"Descobrindo a Divindade"},"content":{"rendered":"\n<div class=\"wp-block-image\"><figure class=\"aligncenter size-large\"><img loading=\"lazy\" decoding=\"async\" width=\"700\" height=\"376\" src=\"https:\/\/tmarchives.com.br\/wp\/wp-content\/uploads\/2021\/05\/imagem122.jpg\" alt=\"\" class=\"wp-image-2552\" srcset=\"https:\/\/tmarchives.com.br\/wp\/wp-content\/uploads\/2021\/05\/imagem122.jpg 700w, https:\/\/tmarchives.com.br\/wp\/wp-content\/uploads\/2021\/05\/imagem122-300x161.jpg 300w\" sizes=\"auto, (max-width: 700px) 100vw, 700px\" \/><\/figure><\/div>\n\n\n\n<figure class=\"wp-block-pullquote is-style-default\" style=\"border-color:#0693e3\"><blockquote><p>&#8220;A humanidade nunca pode descobrir a divindade, exceto atrav\u00e9s da avenida da experi\u00eancia religiosa e pelo exerc\u00edcio\nda verdadeira f\u00e9. &#8220;<\/p><\/blockquote><\/figure>\n\n\n\n<p class=\"has-text-align-center\"><a class=\"pag\" href=\"https:\/\/r20.rs6.net\/tn.jsp?f=001ABlquGbNsMTgAZntQsLqMhD3oJS9VznSIYkDTQY6x1hHfL3ioSKsI_OfkA9q4y18zypS_9DXp-1siDlvdibm9pi4cBN9UlzQBOvhot1lh0vCt1T0Mdh-I0otOChactmtY-mRu2hAZ9YfxxcS6d9_PrkruyBplYEaZkXekrtlskIBrJE6UD7JCfOz4N7uYSy0v4ssYwF_QuncxNHCn84LrXPk7n_CojyaSZ9PAwqtb_w=&amp;c=veaSSMzJKRSr_JwpfDNC9qKgT26ZWmTUUWa0k1zZYP4GUHQcZhDy6Q==&amp;ch=QrXEOKJsOWYmZUtJLpCd7FKh2qwoB1IiX75DyGH0jGIKBEf3pMf4jQ==\" target=\"_blank\" rel=\"noreferrer noopener\">(101:10.4) 1116.5<\/a><\/p>\n\n\n\n<p>Fonte:<\/p>\n\n\n\n<p align=\"center\"><strong><a href=\"https:\/\/www.urantia.org\/\"  class=\"pag\">Urantia Foundation | 533 Diversey Parkway, Chicago, IL 60614<\/a><\/strong><\/p><\/p>\n\n\n<p class=\"has-text-align-right\">\n<\/p><p style=\"text-align: right;\"><a class=\"pag\" href=\"https:\/\/tmarchives.com.br\/wp\/?page_id=1340\">Voltar<\/a><\/p>\n\n\n<p><\/p>\n","protected":false},"excerpt":{"rendered":"<p>&#8220;A humanidade nunca pode descobrir a divindade, exceto atrav\u00e9s da avenida da experi\u00eancia religiosa e pelo exerc\u00edcio da verdadeira f\u00e9. &#8220; (101:10.4) 1116.5 Fonte: Urantia Foundation | 533 Diversey Parkway, Chicago, IL 60614 Voltar<\/p>\n","protected":false},"author":1,"featured_media":0,"parent":0,"menu_order":0,"comment_status":"closed","ping_status":"closed","template":"","meta":{"footnotes":""},"class_list":["post-2551","page","type-page","status-publish","hentry"],"_links":{"self":[{"href":"https:\/\/tmarchives.com.br\/wp\/index.php?rest_route=\/wp\/v2\/pages\/2551","targetHints":{"allow":["GET"]}}],"collection":[{"href":"https:\/\/tmarchives.com.br\/wp\/index.php?rest_route=\/wp\/v2\/pages"}],"about":[{"href":"https:\/\/tmarchives.com.br\/wp\/index.php?rest_route=\/wp\/v2\/types\/page"}],"author":[{"embeddable":true,"href":"https:\/\/tmarchives.com.br\/wp\/index.php?rest_route=\/wp\/v2\/users\/1"}],"replies":[{"embeddable":true,"href":"https:\/\/tmarchives.com.br\/wp\/index.php?rest_route=%2Fwp%2Fv2%2Fcomments&post=2551"}],"version-history":[{"count":1,"href":"https:\/\/tmarchives.com.br\/wp\/index.php?rest_route=\/wp\/v2\/pages\/2551\/revisions"}],"predecessor-version":[{"id":2553,"href":"https:\/\/tmarchives.com.br\/wp\/index.php?rest_route=\/wp\/v2\/pages\/2551\/revisions\/2553"}],"wp:attachment":[{"href":"https:\/\/tmarchives.com.br\/wp\/index.php?rest_route=%2Fwp%2Fv2%2Fmedia&parent=2551"}],"curies":[{"name":"wp","href":"https:\/\/api.w.org\/{rel}","templated":true}]}}