{"id":2546,"date":"2021-05-22T22:56:29","date_gmt":"2021-05-22T22:56:29","guid":{"rendered":"https:\/\/tmarchives.com.br\/wp\/?page_id=2546"},"modified":"2021-05-22T22:56:29","modified_gmt":"2021-05-22T22:56:29","slug":"o-perdao-divino-e-inevitavel","status":"publish","type":"page","link":"https:\/\/tmarchives.com.br\/wp\/?page_id=2546","title":{"rendered":"O perd\u00e3o divino \u00e9 inevit\u00e1vel"},"content":{"rendered":"\n<div class=\"wp-block-image\"><figure class=\"aligncenter size-large\"><img loading=\"lazy\" decoding=\"async\" width=\"700\" height=\"348\" src=\"https:\/\/tmarchives.com.br\/wp\/wp-content\/uploads\/2021\/05\/imagem121.jpg\" alt=\"\" class=\"wp-image-2548\" srcset=\"https:\/\/tmarchives.com.br\/wp\/wp-content\/uploads\/2021\/05\/imagem121.jpg 700w, https:\/\/tmarchives.com.br\/wp\/wp-content\/uploads\/2021\/05\/imagem121-300x149.jpg 300w\" sizes=\"auto, (max-width: 700px) 100vw, 700px\" \/><\/figure><\/div>\n\n\n\n<figure class=\"wp-block-pullquote is-style-default\" style=\"border-color:#0693e3\"><blockquote><p>&#8220;Com o filho terreno e o Pai celestial, o pai divino possui infinidade e divindade de simpatia e capacidade de compreens\u00e3o amorosa. O perd\u00e3o divino \u00e9 inevit\u00e1vel.&#8221;<br> Jesus<\/p><\/blockquote><\/figure>\n\n\n\n<p class=\"has-text-align-center\"><a class=\"pag\" href=\"https:\/\/r20.rs6.net\/tn.jsp?f=001_2yljMdpNNZrJR414-Tp6oo3jFpmXqFfV4i96lxzrIi3gHGrXT8vYKq6GFU98Z3R-WZVIQojLuyP67Ey_CI7XvFqIPGmpi6vVCAp2bLn177clK-azJhPPUB7Rqg3Z24ZMWaTUhuuXVz3rlhA0fWVc3BQrXFWolDTDY4xQGVT0mTnAbw5C9GgoHkUDe-XPuJpj9t6gYfem410CqGHG9HNWCyuqUOQyazwFNA4zbiulwFyPynkraDPRQ==&amp;c=kXczzIR3Cly9896MPl0PELgzfBUNevImXDXsRV12Lg_7SkcM6O67Qg==&amp;ch=yQbWhLgc62uih92T50Z6-gi3qJJ5On0VPA93FtAbc9N_WmnX7n4lTA==\" target=\"_blank\" rel=\"noreferrer noopener\">(174:1.3) 1898.3<\/a><\/p>\n\n\n\n<p>Fonte:<\/p>\n\n\n\n<p align=\"center\"><strong><a href=\"https:\/\/www.urantia.org\/\"  class=\"pag\">Urantia Foundation | 533 Diversey Parkway, Chicago, IL 60614<\/a><\/strong><\/p><\/p>\n\n\n<p class=\"has-text-align-right\">\n<\/p><p style=\"text-align: right;\"><a class=\"pag\" href=\"https:\/\/tmarchives.com.br\/wp\/?page_id=1340\">Voltar<\/a><\/p>\n\n\n<p><\/p>\n","protected":false},"excerpt":{"rendered":"<p>&#8220;Com o filho terreno e o Pai celestial, o pai divino possui infinidade e divindade de simpatia e capacidade de compreens\u00e3o amorosa. O perd\u00e3o divino \u00e9 inevit\u00e1vel.&#8221; Jesus (174:1.3) 1898.3 Fonte: Urantia Foundation | 533 Diversey Parkway, Chicago, IL 60614 Voltar<\/p>\n","protected":false},"author":1,"featured_media":0,"parent":0,"menu_order":0,"comment_status":"closed","ping_status":"closed","template":"","meta":{"footnotes":""},"class_list":["post-2546","page","type-page","status-publish","hentry"],"_links":{"self":[{"href":"https:\/\/tmarchives.com.br\/wp\/index.php?rest_route=\/wp\/v2\/pages\/2546","targetHints":{"allow":["GET"]}}],"collection":[{"href":"https:\/\/tmarchives.com.br\/wp\/index.php?rest_route=\/wp\/v2\/pages"}],"about":[{"href":"https:\/\/tmarchives.com.br\/wp\/index.php?rest_route=\/wp\/v2\/types\/page"}],"author":[{"embeddable":true,"href":"https:\/\/tmarchives.com.br\/wp\/index.php?rest_route=\/wp\/v2\/users\/1"}],"replies":[{"embeddable":true,"href":"https:\/\/tmarchives.com.br\/wp\/index.php?rest_route=%2Fwp%2Fv2%2Fcomments&post=2546"}],"version-history":[{"count":1,"href":"https:\/\/tmarchives.com.br\/wp\/index.php?rest_route=\/wp\/v2\/pages\/2546\/revisions"}],"predecessor-version":[{"id":2549,"href":"https:\/\/tmarchives.com.br\/wp\/index.php?rest_route=\/wp\/v2\/pages\/2546\/revisions\/2549"}],"wp:attachment":[{"href":"https:\/\/tmarchives.com.br\/wp\/index.php?rest_route=%2Fwp%2Fv2%2Fmedia&parent=2546"}],"curies":[{"name":"wp","href":"https:\/\/api.w.org\/{rel}","templated":true}]}}