{"id":2542,"date":"2021-05-22T22:51:13","date_gmt":"2021-05-22T22:51:13","guid":{"rendered":"https:\/\/tmarchives.com.br\/wp\/?page_id=2542"},"modified":"2021-05-22T22:52:24","modified_gmt":"2021-05-22T22:52:24","slug":"nunca-abandonado","status":"publish","type":"page","link":"https:\/\/tmarchives.com.br\/wp\/?page_id=2542","title":{"rendered":"Nunca abandonado"},"content":{"rendered":"\n<div class=\"wp-block-image\"><figure class=\"aligncenter size-large\"><img loading=\"lazy\" decoding=\"async\" width=\"700\" height=\"386\" src=\"https:\/\/tmarchives.com.br\/wp\/wp-content\/uploads\/2021\/05\/imagem120.jpg\" alt=\"\" class=\"wp-image-2543\" srcset=\"https:\/\/tmarchives.com.br\/wp\/wp-content\/uploads\/2021\/05\/imagem120.jpg 700w, https:\/\/tmarchives.com.br\/wp\/wp-content\/uploads\/2021\/05\/imagem120-300x165.jpg 300w\" sizes=\"auto, (max-width: 700px) 100vw, 700px\" \/><\/figure><\/div>\n\n\n\n<figure class=\"wp-block-pullquote is-style-default\" style=\"border-color:#0693e3\"><blockquote><p>&#8220;Os mortais de Ur\u00e2ntia n\u00e3o devem permitir o isolamento espiritual comparativo de seu mundo de alguns dos circuitos do universo local para produzir um sentimento de deser\u00e7\u00e3o c\u00f3smica ou orfanato planet\u00e1rio. Existe no planeta uma supervis\u00e3o sobre-humana muito definida e eficaz dos assuntos mundiais.\ne destinos humanos. &#8220;<\/p><\/blockquote><\/figure>\n\n\n\n<p class=\"has-text-align-center\"><a class=\"pag\" href=\"https:\/\/r20.rs6.net\/tn.jsp?f=001sCeNF2l1sq3pif6DE2Wt5Qim6kTk5td5WHG6Mep8_idUx4WIOKfd163E7jRnEW8wm1mQDlA5zy3F-iozunQ2cSIWFuHJS16JVRTqq7riSM4J8X97q58fpaC_DhgxwbwKVbqI-Ss4X5gUcRslbyHT9hm0Xat4A3NEmd3LCdtO_0hi5VM5DWhI0qzA9Y51Ci201tmNvDoQtWe0fxhAS13vpHItTLfqq6SoycOfToTFOGCPqPVBz4R3Z179aIM8b5mr&amp;c=jq7IgGGuLeZszWvUvtU3DSh21cmyb7VcJ-fzqgHjUf_TEe7B7kgjWg==&amp;ch=So-3uKcGPXF3cSV0BY_9_buwx2I3mYoBHMnDX5z_qqxRKBAplC1Tww==\" target=\"_blank\" rel=\"noreferrer noopener\">(114:7.14) 1258.6<\/a><\/p>\n\n\n\n<p>Fonte:<\/p>\n\n\n\n<p align=\"center\"><strong><a href=\"https:\/\/www.urantia.org\/\"  class=\"pag\">Urantia Foundation | 533 Diversey Parkway, Chicago, IL 60614<\/a><\/strong><\/p><\/p>\n\n\n<p class=\"has-text-align-right\">\n<\/p><p style=\"text-align: right;\"><a class=\"pag\" href=\"https:\/\/tmarchives.com.br\/wp\/?page_id=1340\">Voltar<\/a><\/p>\n\n\n<p><\/p>\n","protected":false},"excerpt":{"rendered":"<p>&#8220;Os mortais de Ur\u00e2ntia n\u00e3o devem permitir o isolamento espiritual comparativo de seu mundo de alguns dos circuitos do universo local para produzir um sentimento de deser\u00e7\u00e3o c\u00f3smica ou orfanato planet\u00e1rio. Existe no planeta uma supervis\u00e3o sobre-humana muito definida e eficaz dos assuntos mundiais. e [&hellip;]<\/p>\n","protected":false},"author":1,"featured_media":0,"parent":0,"menu_order":0,"comment_status":"closed","ping_status":"closed","template":"","meta":{"footnotes":""},"class_list":["post-2542","page","type-page","status-publish","hentry"],"_links":{"self":[{"href":"https:\/\/tmarchives.com.br\/wp\/index.php?rest_route=\/wp\/v2\/pages\/2542","targetHints":{"allow":["GET"]}}],"collection":[{"href":"https:\/\/tmarchives.com.br\/wp\/index.php?rest_route=\/wp\/v2\/pages"}],"about":[{"href":"https:\/\/tmarchives.com.br\/wp\/index.php?rest_route=\/wp\/v2\/types\/page"}],"author":[{"embeddable":true,"href":"https:\/\/tmarchives.com.br\/wp\/index.php?rest_route=\/wp\/v2\/users\/1"}],"replies":[{"embeddable":true,"href":"https:\/\/tmarchives.com.br\/wp\/index.php?rest_route=%2Fwp%2Fv2%2Fcomments&post=2542"}],"version-history":[{"count":1,"href":"https:\/\/tmarchives.com.br\/wp\/index.php?rest_route=\/wp\/v2\/pages\/2542\/revisions"}],"predecessor-version":[{"id":2544,"href":"https:\/\/tmarchives.com.br\/wp\/index.php?rest_route=\/wp\/v2\/pages\/2542\/revisions\/2544"}],"wp:attachment":[{"href":"https:\/\/tmarchives.com.br\/wp\/index.php?rest_route=%2Fwp%2Fv2%2Fmedia&parent=2542"}],"curies":[{"name":"wp","href":"https:\/\/api.w.org\/{rel}","templated":true}]}}