{"id":2538,"date":"2021-05-22T22:47:19","date_gmt":"2021-05-22T22:47:19","guid":{"rendered":"https:\/\/tmarchives.com.br\/wp\/?page_id=2538"},"modified":"2021-05-22T22:47:19","modified_gmt":"2021-05-22T22:47:19","slug":"a-missao-do-espirito-da-verdade","status":"publish","type":"page","link":"https:\/\/tmarchives.com.br\/wp\/?page_id=2538","title":{"rendered":"A Miss\u00e3o do Esp\u00edrito da Verdade"},"content":{"rendered":"\n<div class=\"wp-block-image\"><figure class=\"aligncenter size-large\"><img loading=\"lazy\" decoding=\"async\" width=\"700\" height=\"316\" src=\"https:\/\/tmarchives.com.br\/wp\/wp-content\/uploads\/2021\/05\/imagem119.jpg\" alt=\"\" class=\"wp-image-2539\" srcset=\"https:\/\/tmarchives.com.br\/wp\/wp-content\/uploads\/2021\/05\/imagem119.jpg 700w, https:\/\/tmarchives.com.br\/wp\/wp-content\/uploads\/2021\/05\/imagem119-300x135.jpg 300w\" sizes=\"auto, (max-width: 700px) 100vw, 700px\" \/><\/figure><\/div>\n\n\n\n<figure class=\"wp-block-pullquote is-style-default\" style=\"border-color:#0693e3\"><blockquote><p>&#8220;A primeira miss\u00e3o deste esp\u00edrito \u00e9, naturalmente, promover e personalizar a verdade, pois \u00e9 a compreens\u00e3o da verdade que constitui a forma mais elevada de liberdade humana.&#8221;<\/p><\/blockquote><\/figure>\n\n\n\n<p class=\"has-text-align-center\"><a class=\"pag\" href=\"https:\/\/r20.rs6.net\/tn.jsp?f=001SyLw3NfsEjgmkfnne9DLQ1pYtnXXmtj5p6c_lu4dJfkNQROydgjoNShGIsZi0oB4ITem7Mn_HTS-LuAhFnA6x6q-E8Zye7yu5xUmclSWe6Z6rtcLwOeNUR3Q0i-JAwO8QLMg9L0VHVSSTL0Cs0NI2M1bleiSz_giwomU5MkuR4ArvmYc2LVPflj8kgRJxa5A4ynUuVG_9v82KtbwDL1Vi9wNw6w14mMcDNQHICqDDvw=&amp;c=HFvC9eMFuWDXkm1N1h8AQfgnenMXG4KdScKSalXFiSM_voxBgkP1_g==&amp;ch=1v44Z5IaWD_WpHNE08X7ab-ZTxNHT8YSaheduq3I9qiOWfSN4YTqjA==&amp;jrc=1\" target=\"_blank\" rel=\"noreferrer noopener\">(194:2.2) 2060.7<\/a><\/p>\n\n\n\n<p>Fonte:<\/p>\n\n\n\n<p align=\"center\"><strong><a href=\"https:\/\/www.urantia.org\/\"  class=\"pag\">Urantia Foundation | 533 Diversey Parkway, Chicago, IL 60614<\/a><\/strong><\/p><\/p>\n\n\n<p class=\"has-text-align-right\">\n<\/p><p style=\"text-align: right;\"><a class=\"pag\" href=\"https:\/\/tmarchives.com.br\/wp\/?page_id=1340\">Voltar<\/a><\/p>\n\n\n<p><\/p>\n","protected":false},"excerpt":{"rendered":"<p>&#8220;A primeira miss\u00e3o deste esp\u00edrito \u00e9, naturalmente, promover e personalizar a verdade, pois \u00e9 a compreens\u00e3o da verdade que constitui a forma mais elevada de liberdade humana.&#8221; (194:2.2) 2060.7 Fonte: Urantia Foundation | 533 Diversey Parkway, Chicago, IL 60614 Voltar<\/p>\n","protected":false},"author":1,"featured_media":0,"parent":0,"menu_order":0,"comment_status":"closed","ping_status":"closed","template":"","meta":{"footnotes":""},"class_list":["post-2538","page","type-page","status-publish","hentry"],"_links":{"self":[{"href":"https:\/\/tmarchives.com.br\/wp\/index.php?rest_route=\/wp\/v2\/pages\/2538","targetHints":{"allow":["GET"]}}],"collection":[{"href":"https:\/\/tmarchives.com.br\/wp\/index.php?rest_route=\/wp\/v2\/pages"}],"about":[{"href":"https:\/\/tmarchives.com.br\/wp\/index.php?rest_route=\/wp\/v2\/types\/page"}],"author":[{"embeddable":true,"href":"https:\/\/tmarchives.com.br\/wp\/index.php?rest_route=\/wp\/v2\/users\/1"}],"replies":[{"embeddable":true,"href":"https:\/\/tmarchives.com.br\/wp\/index.php?rest_route=%2Fwp%2Fv2%2Fcomments&post=2538"}],"version-history":[{"count":1,"href":"https:\/\/tmarchives.com.br\/wp\/index.php?rest_route=\/wp\/v2\/pages\/2538\/revisions"}],"predecessor-version":[{"id":2540,"href":"https:\/\/tmarchives.com.br\/wp\/index.php?rest_route=\/wp\/v2\/pages\/2538\/revisions\/2540"}],"wp:attachment":[{"href":"https:\/\/tmarchives.com.br\/wp\/index.php?rest_route=%2Fwp%2Fv2%2Fmedia&parent=2538"}],"curies":[{"name":"wp","href":"https:\/\/api.w.org\/{rel}","templated":true}]}}