{"id":2533,"date":"2021-05-22T22:41:57","date_gmt":"2021-05-22T22:41:57","guid":{"rendered":"https:\/\/tmarchives.com.br\/wp\/?page_id=2533"},"modified":"2021-05-22T22:41:57","modified_gmt":"2021-05-22T22:41:57","slug":"pentecostes","status":"publish","type":"page","link":"https:\/\/tmarchives.com.br\/wp\/?page_id=2533","title":{"rendered":"Pentecostes"},"content":{"rendered":"\n<div class=\"wp-block-image\"><figure class=\"aligncenter size-large is-resized\"><img loading=\"lazy\" decoding=\"async\" src=\"https:\/\/tmarchives.com.br\/wp\/wp-content\/uploads\/2021\/05\/imagem118.jpg\" alt=\"\" class=\"wp-image-2535\" width=\"722\" height=\"178\" srcset=\"https:\/\/tmarchives.com.br\/wp\/wp-content\/uploads\/2021\/05\/imagem118.jpg 700w, https:\/\/tmarchives.com.br\/wp\/wp-content\/uploads\/2021\/05\/imagem118-300x74.jpg 300w\" sizes=\"auto, (max-width: 722px) 100vw, 722px\" \/><\/figure><\/div>\n\n\n\n<figure class=\"wp-block-pullquote is-style-default\" style=\"border-color:#0693e3\"><blockquote><p>\u201cE agora que ele deixou pessoalmente o mundo, [Jesus] envia em seu lugar o seu Esp\u00edrito da Verdade, que \u00e9 projetado para viver no homem e, para cada nova gera\u00e7\u00e3o, para reafirmar a mensagem de Jesus para que cada novo grupo de mortais aparecer na face da terra ter\u00e1 uma vers\u00e3o nova e atualizada do evangelho, tal ilumina\u00e7\u00e3o pessoal e orienta\u00e7\u00e3o de grupo que provar\u00e1 ser um solvente eficaz para as sempre novas e variadas dificuldades espirituais do homem. &#8220;<\/p><\/blockquote><\/figure>\n\n\n\n<p class=\"has-text-align-center\"><a class=\"pag\" href=\"https:\/\/r20.rs6.net\/tn.jsp?f=001MmdDPvjSmnhPp9EGx5cLG3D-YHXU8p_jaSIYMEhMcnfZVjR2yNOgaj611XW6UV8KVlhFgdJ4U7CR5lYpm_E8udX7IQWTYp8MICy4WgTTTMFOFrW_bXavo8Npa5hy7dIAtPPvPrdBKzIyaI2IDfvVqM7K-wiD5Q-fsg3QHna7MkN58IxF_-EH45QJWP6X5n-k-30brthQnu85M9078Gy0XlX2ClHFPL-Grsal8g_GCes=&amp;c=hItNaF9mYkONPNi99RmVMb9lJh5XnGZNIH3L-WgGXYjl19AY4wIV_Q==&amp;ch=mpDi3Z20oC5HXirtt1x9RvF97W6vzkgc3yWVcNSG2nHpa-EQ6w13wQ==\" target=\"_blank\" rel=\"noreferrer noopener\">(194:2.1) 2060.6<\/a><\/p>\n\n\n\n<p>Fonte:<\/p>\n\n\n\n<p align=\"center\"><strong><a href=\"https:\/\/www.urantia.org\/\"  class=\"pag\">Urantia Foundation | 533 Diversey Parkway, Chicago, IL 60614<\/a><\/strong><\/p><\/p>\n\n\n<p class=\"has-text-align-right\">\n<\/p><p style=\"text-align: right;\"><a class=\"pag\" href=\"https:\/\/tmarchives.com.br\/wp\/?page_id=1340\">Voltar<\/a><\/p>\n\n\n<p><\/p>\n","protected":false},"excerpt":{"rendered":"<p>\u201cE agora que ele deixou pessoalmente o mundo, [Jesus] envia em seu lugar o seu Esp\u00edrito da Verdade, que \u00e9 projetado para viver no homem e, para cada nova gera\u00e7\u00e3o, para reafirmar a mensagem de Jesus para que cada novo grupo de mortais aparecer na [&hellip;]<\/p>\n","protected":false},"author":1,"featured_media":0,"parent":0,"menu_order":0,"comment_status":"closed","ping_status":"closed","template":"","meta":{"footnotes":""},"class_list":["post-2533","page","type-page","status-publish","hentry"],"_links":{"self":[{"href":"https:\/\/tmarchives.com.br\/wp\/index.php?rest_route=\/wp\/v2\/pages\/2533","targetHints":{"allow":["GET"]}}],"collection":[{"href":"https:\/\/tmarchives.com.br\/wp\/index.php?rest_route=\/wp\/v2\/pages"}],"about":[{"href":"https:\/\/tmarchives.com.br\/wp\/index.php?rest_route=\/wp\/v2\/types\/page"}],"author":[{"embeddable":true,"href":"https:\/\/tmarchives.com.br\/wp\/index.php?rest_route=\/wp\/v2\/users\/1"}],"replies":[{"embeddable":true,"href":"https:\/\/tmarchives.com.br\/wp\/index.php?rest_route=%2Fwp%2Fv2%2Fcomments&post=2533"}],"version-history":[{"count":1,"href":"https:\/\/tmarchives.com.br\/wp\/index.php?rest_route=\/wp\/v2\/pages\/2533\/revisions"}],"predecessor-version":[{"id":2536,"href":"https:\/\/tmarchives.com.br\/wp\/index.php?rest_route=\/wp\/v2\/pages\/2533\/revisions\/2536"}],"wp:attachment":[{"href":"https:\/\/tmarchives.com.br\/wp\/index.php?rest_route=%2Fwp%2Fv2%2Fmedia&parent=2533"}],"curies":[{"name":"wp","href":"https:\/\/api.w.org\/{rel}","templated":true}]}}