{"id":2524,"date":"2021-05-17T14:08:01","date_gmt":"2021-05-17T14:08:01","guid":{"rendered":"https:\/\/tmarchives.com.br\/wp\/?page_id=2524"},"modified":"2021-05-17T14:08:45","modified_gmt":"2021-05-17T14:08:45","slug":"bondade-revelada","status":"publish","type":"page","link":"https:\/\/tmarchives.com.br\/wp\/?page_id=2524","title":{"rendered":"Bondade Revelada"},"content":{"rendered":"\n<p><\/p>\n\n\n\n<div class=\"wp-block-image\"><figure class=\"aligncenter size-large\"><img loading=\"lazy\" decoding=\"async\" width=\"700\" height=\"333\" src=\"https:\/\/tmarchives.com.br\/wp\/wp-content\/uploads\/2021\/05\/imagem117.jpg\" alt=\"\" class=\"wp-image-2525\" srcset=\"https:\/\/tmarchives.com.br\/wp\/wp-content\/uploads\/2021\/05\/imagem117.jpg 700w, https:\/\/tmarchives.com.br\/wp\/wp-content\/uploads\/2021\/05\/imagem117-300x143.jpg 300w\" sizes=\"auto, (max-width: 700px) 100vw, 700px\" \/><\/figure><\/div>\n\n\n\n<figure class=\"wp-block-pullquote is-style-default\" style=\"border-color:#0693e3\"><blockquote><p>&#8220;[A] bondade de Deus \u00e9 uma parte da personalidade de Deus, e sua revela\u00e7\u00e3o completa aparece apenas na experi\u00eancia religiosa pessoal dos filhos de Deus crentes.&#8221;<\/p><\/blockquote><\/figure>\n\n\n\n<p class=\"has-text-align-center\"><a class=\"pag\" href=\"http:\/\/r20.rs6.net\/tn.jsp?f=001qXJiLaV9yFLpWMXEk19UmuXSDTvtGpLBakNF2CkqHdP82-GBT5ye60x1EP4_kB6Ebh1IGUpRyVmf4vI_fPLR71N8RCRG208OMLdFObyzlPBH7IdhzBsa7cw6SYTe_aZvkmut5F3DpTW-10US9FKM1G9xUSsx3vo6jACDjaxjg30hU7nwYT24oviirebXyycl-ogU7WlyQ2mbXmpgMR9Cq6-xHzg4h8wt&amp;c=IuLWF9Yh4JFJo5Hjeq_c48JyxHgETS_DN9bestZoUK_y4RPfEgswhg==&amp;ch=FoGHROGdMsAsQRkZtTF2yRjU-U0Ix0makC7sEdyGO4cpiD9bpMZ02A==\" target=\"_blank\" rel=\"noreferrer noopener\">(2:6.1) 40.5<\/a><\/p>\n\n\n\n<p>Fonte:<\/p>\n\n\n\n<p align=\"center\"><strong><a href=\"https:\/\/www.urantia.org\/\"  class=\"pag\">Urantia Foundation | 533 Diversey Parkway, Chicago, IL 60614<\/a><\/strong><\/p><\/p>\n\n\n<p class=\"has-text-align-right\">\n<\/p><p style=\"text-align: right;\"><a class=\"pag\" href=\"https:\/\/tmarchives.com.br\/wp\/?page_id=1340\">Voltar<\/a><\/p>\n\n\n<p><\/p>\n","protected":false},"excerpt":{"rendered":"<p>&#8220;[A] bondade de Deus \u00e9 uma parte da personalidade de Deus, e sua revela\u00e7\u00e3o completa aparece apenas na experi\u00eancia religiosa pessoal dos filhos de Deus crentes.&#8221; (2:6.1) 40.5 Fonte: Urantia Foundation | 533 Diversey Parkway, Chicago, IL 60614 Voltar<\/p>\n","protected":false},"author":1,"featured_media":0,"parent":0,"menu_order":0,"comment_status":"closed","ping_status":"closed","template":"","meta":{"footnotes":""},"class_list":["post-2524","page","type-page","status-publish","hentry"],"_links":{"self":[{"href":"https:\/\/tmarchives.com.br\/wp\/index.php?rest_route=\/wp\/v2\/pages\/2524","targetHints":{"allow":["GET"]}}],"collection":[{"href":"https:\/\/tmarchives.com.br\/wp\/index.php?rest_route=\/wp\/v2\/pages"}],"about":[{"href":"https:\/\/tmarchives.com.br\/wp\/index.php?rest_route=\/wp\/v2\/types\/page"}],"author":[{"embeddable":true,"href":"https:\/\/tmarchives.com.br\/wp\/index.php?rest_route=\/wp\/v2\/users\/1"}],"replies":[{"embeddable":true,"href":"https:\/\/tmarchives.com.br\/wp\/index.php?rest_route=%2Fwp%2Fv2%2Fcomments&post=2524"}],"version-history":[{"count":1,"href":"https:\/\/tmarchives.com.br\/wp\/index.php?rest_route=\/wp\/v2\/pages\/2524\/revisions"}],"predecessor-version":[{"id":2526,"href":"https:\/\/tmarchives.com.br\/wp\/index.php?rest_route=\/wp\/v2\/pages\/2524\/revisions\/2526"}],"wp:attachment":[{"href":"https:\/\/tmarchives.com.br\/wp\/index.php?rest_route=%2Fwp%2Fv2%2Fmedia&parent=2524"}],"curies":[{"name":"wp","href":"https:\/\/api.w.org\/{rel}","templated":true}]}}