{"id":2516,"date":"2021-05-16T19:03:49","date_gmt":"2021-05-16T19:03:49","guid":{"rendered":"https:\/\/tmarchives.com.br\/wp\/?page_id=2516"},"modified":"2021-05-16T19:05:04","modified_gmt":"2021-05-16T19:05:04","slug":"servico-amoroso","status":"publish","type":"page","link":"https:\/\/tmarchives.com.br\/wp\/?page_id=2516","title":{"rendered":"Servi\u00e7o Amoroso"},"content":{"rendered":"\n<div class=\"wp-block-image\"><figure class=\"aligncenter size-large\"><img loading=\"lazy\" decoding=\"async\" width=\"700\" height=\"281\" src=\"https:\/\/tmarchives.com.br\/wp\/wp-content\/uploads\/2021\/05\/imagem116.jpg\" alt=\"\" class=\"wp-image-2517\" srcset=\"https:\/\/tmarchives.com.br\/wp\/wp-content\/uploads\/2021\/05\/imagem116.jpg 700w, https:\/\/tmarchives.com.br\/wp\/wp-content\/uploads\/2021\/05\/imagem116-300x120.jpg 300w\" sizes=\"auto, (max-width: 700px) 100vw, 700px\" \/><\/figure><\/div>\n\n\n\n<figure class=\"wp-block-pullquote is-style-default\" style=\"border-color:#0693e3\"><blockquote><p>&#8220;Os judeus exaltaram a bondade; os gregos exaltaram a beleza; os hindus pregam devo\u00e7\u00e3o; os ascetas distantes ensinam rever\u00eancia; os romanos exigem lealdade; mas exijo de meus disc\u00edpulos vida, at\u00e9 mesmo uma vida de servi\u00e7o amoroso para com seus\nirm\u00e3os na carne. &#8220;<\/p>Jesus<\/blockquote><\/figure>\n\n\n\n<p class=\"has-text-align-center\"><a class=\"pag\" href=\"http:\/\/r20.rs6.net\/tn.jsp?f=001I-yHFQ7wXftDhwmp1agSovVXUnGRkbqkvpL7DgRU7HRDRIfRZAj183YuyqQ9Rm2cGNrB-HYjxOgc44jYUzyVybaohT1-uU_n7dEARKg51tO7TkOljmAHqslZU3ekb2Z84OMOwo9F0F3IDmOL5LqNAajQvJ-LRAOP-3OpcOqogjxHCF_8WuHM8VdZBba24tJflydDuu9RABmNzhCWeyFDaHMaP93Vi44STt8IxlI1WxZwnj4yiqTI9hz0cW5TB7u09ayL2Ccy04M=&amp;c=03JFeSdrCMZzkV53uItT2GhzpL4Gfs9n4sfK5mQaT3PK7lgi_SCvjQ==&amp;ch=gYgh5ZwH0NsZe8hq-hwXVJXTzEj9SSNB8Uqq2dQwjKTjfrFPBTIMVA==\" target=\"_blank\" rel=\"noreferrer noopener\">(191:5.3) 2043.1<\/a><\/p>\n\n\n\n<p>Fonte:<\/p>\n\n\n\n<p align=\"center\"><strong><a href=\"https:\/\/www.urantia.org\/\"  class=\"pag\">Urantia Foundation | 533 Diversey Parkway, Chicago, IL 60614<\/a><\/strong><\/p><\/p>\n\n\n<p class=\"has-text-align-right\">\n<\/p><p style=\"text-align: right;\"><a class=\"pag\" href=\"https:\/\/tmarchives.com.br\/wp\/?page_id=1340\">Voltar<\/a><\/p>\n\n\n<p><\/p>\n","protected":false},"excerpt":{"rendered":"<p>&#8220;Os judeus exaltaram a bondade; os gregos exaltaram a beleza; os hindus pregam devo\u00e7\u00e3o; os ascetas distantes ensinam rever\u00eancia; os romanos exigem lealdade; mas exijo de meus disc\u00edpulos vida, at\u00e9 mesmo uma vida de servi\u00e7o amoroso para com seus irm\u00e3os na carne. &#8220; Jesus (191:5.3) [&hellip;]<\/p>\n","protected":false},"author":1,"featured_media":0,"parent":0,"menu_order":0,"comment_status":"closed","ping_status":"closed","template":"","meta":{"footnotes":""},"class_list":["post-2516","page","type-page","status-publish","hentry"],"_links":{"self":[{"href":"https:\/\/tmarchives.com.br\/wp\/index.php?rest_route=\/wp\/v2\/pages\/2516","targetHints":{"allow":["GET"]}}],"collection":[{"href":"https:\/\/tmarchives.com.br\/wp\/index.php?rest_route=\/wp\/v2\/pages"}],"about":[{"href":"https:\/\/tmarchives.com.br\/wp\/index.php?rest_route=\/wp\/v2\/types\/page"}],"author":[{"embeddable":true,"href":"https:\/\/tmarchives.com.br\/wp\/index.php?rest_route=\/wp\/v2\/users\/1"}],"replies":[{"embeddable":true,"href":"https:\/\/tmarchives.com.br\/wp\/index.php?rest_route=%2Fwp%2Fv2%2Fcomments&post=2516"}],"version-history":[{"count":2,"href":"https:\/\/tmarchives.com.br\/wp\/index.php?rest_route=\/wp\/v2\/pages\/2516\/revisions"}],"predecessor-version":[{"id":2519,"href":"https:\/\/tmarchives.com.br\/wp\/index.php?rest_route=\/wp\/v2\/pages\/2516\/revisions\/2519"}],"wp:attachment":[{"href":"https:\/\/tmarchives.com.br\/wp\/index.php?rest_route=%2Fwp%2Fv2%2Fmedia&parent=2516"}],"curies":[{"name":"wp","href":"https:\/\/api.w.org\/{rel}","templated":true}]}}