{"id":2511,"date":"2021-05-16T18:58:56","date_gmt":"2021-05-16T18:58:56","guid":{"rendered":"https:\/\/tmarchives.com.br\/wp\/?page_id=2511"},"modified":"2021-05-16T18:58:57","modified_gmt":"2021-05-16T18:58:57","slug":"mais-do-que-conquistadores","status":"publish","type":"page","link":"https:\/\/tmarchives.com.br\/wp\/?page_id=2511","title":{"rendered":"Mais do que conquistadores"},"content":{"rendered":"\n<div class=\"wp-block-image\"><figure class=\"aligncenter size-large\"><img loading=\"lazy\" decoding=\"async\" width=\"700\" height=\"246\" src=\"https:\/\/tmarchives.com.br\/wp\/wp-content\/uploads\/2021\/05\/imagem115.jpg\" alt=\"\" class=\"wp-image-2512\" srcset=\"https:\/\/tmarchives.com.br\/wp\/wp-content\/uploads\/2021\/05\/imagem115.jpg 700w, https:\/\/tmarchives.com.br\/wp\/wp-content\/uploads\/2021\/05\/imagem115-300x105.jpg 300w\" sizes=\"auto, (max-width: 700px) 100vw, 700px\" \/><\/figure><\/div>\n\n\n\n<figure class=\"wp-block-pullquote is-style-default\" style=\"border-color:#0693e3\"><blockquote><p>&#8220;Os disc\u00edpulos de Jesus devem ser mais do que vencedores, at\u00e9 mesmo fontes transbordantes de inspira\u00e7\u00e3o e vida aprimorada para todos os homens.&#8221;<\/p><\/blockquote><\/figure>\n\n\n\n<p class=\"has-text-align-center\"><a class=\"pag\" href=\"http:\/\/r20.rs6.net\/tn.jsp?f=0014UUkw9AvfQue4m6qIKllGiKZACADW8KLbgjsXDfNOX7WncfLBg4aMeThn0wyYBIVssD4xzQPjj5Drm_VeMHQDiYmIUkvEsUv25dwa9Du-MlBih1Ncp2-YVzHR9MfuEiNMIpEkjgO9ZST0CvqBEUjNvPElgIH2f2xuNBtOOxMcpeIWHHtAzZwElMX1UdQ0Eq3mByr0alKSXsRuFIk5Ny5OkUTviIq88oMCJwXsD7Mjrw=&amp;c=If2-3WYbWWKwO0kgZcfmnGbU2cibXzl-FWcdFS_P2EQ-nZgFV37cEg==&amp;ch=3QsB6pOCNOpV400w-8WiUTdc6I8GLzJQYSQeKH_qfBB-FQwsm0sjeA==\" target=\"_blank\" rel=\"noreferrer noopener\">(195:10.1) 2084.1<\/a><\/p>\n\n\n\n<p>Fonte:<\/p>\n\n\n\n<p align=\"center\"><strong><a href=\"https:\/\/www.urantia.org\/\"  class=\"pag\">Urantia Foundation | 533 Diversey Parkway, Chicago, IL 60614<\/a><\/strong><\/p><\/p>\n\n\n<p class=\"has-text-align-right\">\n<\/p><p style=\"text-align: right;\"><a class=\"pag\" href=\"https:\/\/tmarchives.com.br\/wp\/?page_id=1340\">Voltar<\/a><\/p>\n\n\n<p><\/p>\n","protected":false},"excerpt":{"rendered":"<p>&#8220;Os disc\u00edpulos de Jesus devem ser mais do que vencedores, at\u00e9 mesmo fontes transbordantes de inspira\u00e7\u00e3o e vida aprimorada para todos os homens.&#8221; (195:10.1) 2084.1 Fonte: Urantia Foundation | 533 Diversey Parkway, Chicago, IL 60614 Voltar<\/p>\n","protected":false},"author":1,"featured_media":0,"parent":0,"menu_order":0,"comment_status":"closed","ping_status":"closed","template":"","meta":{"footnotes":""},"class_list":["post-2511","page","type-page","status-publish","hentry"],"_links":{"self":[{"href":"https:\/\/tmarchives.com.br\/wp\/index.php?rest_route=\/wp\/v2\/pages\/2511","targetHints":{"allow":["GET"]}}],"collection":[{"href":"https:\/\/tmarchives.com.br\/wp\/index.php?rest_route=\/wp\/v2\/pages"}],"about":[{"href":"https:\/\/tmarchives.com.br\/wp\/index.php?rest_route=\/wp\/v2\/types\/page"}],"author":[{"embeddable":true,"href":"https:\/\/tmarchives.com.br\/wp\/index.php?rest_route=\/wp\/v2\/users\/1"}],"replies":[{"embeddable":true,"href":"https:\/\/tmarchives.com.br\/wp\/index.php?rest_route=%2Fwp%2Fv2%2Fcomments&post=2511"}],"version-history":[{"count":1,"href":"https:\/\/tmarchives.com.br\/wp\/index.php?rest_route=\/wp\/v2\/pages\/2511\/revisions"}],"predecessor-version":[{"id":2513,"href":"https:\/\/tmarchives.com.br\/wp\/index.php?rest_route=\/wp\/v2\/pages\/2511\/revisions\/2513"}],"wp:attachment":[{"href":"https:\/\/tmarchives.com.br\/wp\/index.php?rest_route=%2Fwp%2Fv2%2Fmedia&parent=2511"}],"curies":[{"name":"wp","href":"https:\/\/api.w.org\/{rel}","templated":true}]}}