{"id":2493,"date":"2021-05-16T18:35:21","date_gmt":"2021-05-16T18:35:21","guid":{"rendered":"https:\/\/tmarchives.com.br\/wp\/?page_id=2493"},"modified":"2021-05-16T18:38:00","modified_gmt":"2021-05-16T18:38:00","slug":"ore-como-uma-crianca","status":"publish","type":"page","link":"https:\/\/tmarchives.com.br\/wp\/?page_id=2493","title":{"rendered":"Ore como uma crian\u00e7a"},"content":{"rendered":"\n<div class=\"wp-block-image\"><figure class=\"aligncenter size-large\"><img loading=\"lazy\" decoding=\"async\" width=\"700\" height=\"325\" src=\"https:\/\/tmarchives.com.br\/wp\/wp-content\/uploads\/2021\/05\/imagem112.jpg\" alt=\"\" class=\"wp-image-2494\" srcset=\"https:\/\/tmarchives.com.br\/wp\/wp-content\/uploads\/2021\/05\/imagem112.jpg 700w, https:\/\/tmarchives.com.br\/wp\/wp-content\/uploads\/2021\/05\/imagem112-300x139.jpg 300w\" sizes=\"auto, (max-width: 700px) 100vw, 700px\" \/><\/figure><\/div>\n\n\n\n<figure class=\"wp-block-pullquote is-style-default\" style=\"border-color:#0693e3\"><blockquote><p align=\"Justify\">&#8220;Quando as crian\u00e7as t\u00eam seus ideais, n\u00e3o os desaloje; deixe-os crescer. E enquanto voc\u00ea est\u00e1 aprendendo a pensar como homem, tamb\u00e9m deveria aprender a orar como crian\u00e7a.&#8221;<\/p><\/blockquote><\/figure>\n\n\n\n<p class=\"has-text-align-center\"><a class=\"pag\" href=\"http:\/\/r20.rs6.net\/tn.jsp?f=001u9lHX-3yrmibprM8fo-NisQZLS_YQE39a9_GBf3B3GUu9BqEHnF2FXvHRlSB5CG04E-YFTAGE1vURBuq3fHAOFR-CY3YuKgmTpj4Q5wJOQ4OsTGSgbfuwVjxAazQwvaJyPvOzO57vquOBqk8vOJgoXX3577VtJT6x0BzPVVY2WaNjCMdCF2p5jjgwM2kX05fQ4zqbu5IdtBJ4xZrzvQUXk-or5UU63Rr&amp;c=QNn1drpZ6o8-PLogsNJDh4fEP_tJyebx4daJg1jUfwGG9gHkrdtNMQ==&amp;ch=KRxBwWaAZfph_-G2mH81so8nG_xyyz-LaDno6dhSuk0EyWfIl-mZAw==\" target=\"_blank\" rel=\"noreferrer noopener\">(48:6.32) 554.6<\/a><\/p>\n\n\n\n<p>Fonte:<\/p>\n\n\n\n<p align=\"center\"><strong><a href=\"https:\/\/www.urantia.org\/\"  class=\"pag\">Urantia Foundation | 533 Diversey Parkway, Chicago, IL 60614<\/a><\/strong><\/p><\/p>\n\n\n<p class=\"has-text-align-right\">\n<\/p><p style=\"text-align: right;\"><a class=\"pag\" href=\"https:\/\/tmarchives.com.br\/wp\/?page_id=1340\">Voltar<\/a><\/p>\n\n\n<p><\/p>\n","protected":false},"excerpt":{"rendered":"<p>&#8220;Quando as crian\u00e7as t\u00eam seus ideais, n\u00e3o os desaloje; deixe-os crescer. E enquanto voc\u00ea est\u00e1 aprendendo a pensar como homem, tamb\u00e9m deveria aprender a orar como crian\u00e7a.&#8221; (48:6.32) 554.6 Fonte: Urantia Foundation | 533 Diversey Parkway, Chicago, IL 60614 Voltar<\/p>\n","protected":false},"author":1,"featured_media":0,"parent":0,"menu_order":0,"comment_status":"closed","ping_status":"closed","template":"","meta":{"footnotes":""},"class_list":["post-2493","page","type-page","status-publish","hentry"],"_links":{"self":[{"href":"https:\/\/tmarchives.com.br\/wp\/index.php?rest_route=\/wp\/v2\/pages\/2493","targetHints":{"allow":["GET"]}}],"collection":[{"href":"https:\/\/tmarchives.com.br\/wp\/index.php?rest_route=\/wp\/v2\/pages"}],"about":[{"href":"https:\/\/tmarchives.com.br\/wp\/index.php?rest_route=\/wp\/v2\/types\/page"}],"author":[{"embeddable":true,"href":"https:\/\/tmarchives.com.br\/wp\/index.php?rest_route=\/wp\/v2\/users\/1"}],"replies":[{"embeddable":true,"href":"https:\/\/tmarchives.com.br\/wp\/index.php?rest_route=%2Fwp%2Fv2%2Fcomments&post=2493"}],"version-history":[{"count":1,"href":"https:\/\/tmarchives.com.br\/wp\/index.php?rest_route=\/wp\/v2\/pages\/2493\/revisions"}],"predecessor-version":[{"id":2495,"href":"https:\/\/tmarchives.com.br\/wp\/index.php?rest_route=\/wp\/v2\/pages\/2493\/revisions\/2495"}],"wp:attachment":[{"href":"https:\/\/tmarchives.com.br\/wp\/index.php?rest_route=%2Fwp%2Fv2%2Fmedia&parent=2493"}],"curies":[{"name":"wp","href":"https:\/\/api.w.org\/{rel}","templated":true}]}}