{"id":2481,"date":"2021-05-16T18:21:04","date_gmt":"2021-05-16T18:21:04","guid":{"rendered":"https:\/\/tmarchives.com.br\/wp\/?page_id=2481"},"modified":"2021-05-16T18:23:29","modified_gmt":"2021-05-16T18:23:29","slug":"energias-redirecionadas","status":"publish","type":"page","link":"https:\/\/tmarchives.com.br\/wp\/?page_id=2481","title":{"rendered":"Energias Redirecionadas"},"content":{"rendered":"\n<div class=\"wp-block-image\"><figure class=\"aligncenter size-large\"><img loading=\"lazy\" decoding=\"async\" width=\"700\" height=\"330\" src=\"https:\/\/tmarchives.com.br\/wp\/wp-content\/uploads\/2021\/05\/imagem110.jpg\" alt=\"\" class=\"wp-image-2482\" srcset=\"https:\/\/tmarchives.com.br\/wp\/wp-content\/uploads\/2021\/05\/imagem110.jpg 700w, https:\/\/tmarchives.com.br\/wp\/wp-content\/uploads\/2021\/05\/imagem110-300x141.jpg 300w\" sizes=\"auto, (max-width: 700px) 100vw, 700px\" \/><\/figure><\/div>\n\n\n\n<figure class=\"wp-block-pullquote is-style-default\" style=\"border-color:#0693e3\"><blockquote><p align=\"Justify\">&#8220;Eu o admoesto que, embora reconhe\u00e7a a tenta\u00e7\u00e3o de maneira honesta e sincera pelo que ela \u00e9, voc\u00ea redireciona inteligentemente as energias do esp\u00edrito, da mente e do corpo, que buscam express\u00e3o, para canais superiores e para objetivos mais idealistas.&#8221;<\/p>Jesus<\/blockquote><\/figure>\n\n\n\n<p class=\"has-text-align-center\"><a class=\"pag\" href=\"http:\/\/r20.rs6.net\/tn.jsp?f=001EPdDlb8BASnapISvU-2tN5_5m5DMuYFy-QYa8uK9QHnibbBtZYuOdp0lUF5TbFSrU2_hmNIiq1cWkoi3Ay8SkoH8EgiXFDDhRpE8IPGn2R4VTWaWztIx6_5MYqy41jW4yllSud7gSfxSd8Z2HOlP6pENgqu0yxTyOC0zQnH2njWJ6gP1pmcM5MU8f-KcqgEh0VnJhp2aw0VWJQdq1p0sXAFFzrwYG5q8Mjs0hvbbOtM8hdzfSrYQPw==&amp;c=QApQMDBgkPjc7taXb3QcFwM3ltY63gNaVeH5E5j39yBW4Fl_xUC3QA==&amp;ch=S8xJKI7ENSnot0WhY3iu5FJ_BxH8l-lCGW1p9jCU4BgxgBODulekgg==\" target=\"_blank\" rel=\"noreferrer noopener\">(156:5.4) 1738.3<\/a><\/p>\n\n\n\n<p>Fonte:<\/p>\n\n\n\n<p align=\"center\"><strong><a href=\"https:\/\/www.urantia.org\/\"  class=\"pag\">Urantia Foundation | 533 Diversey Parkway, Chicago, IL 60614<\/a><\/strong><\/p><\/p>\n\n\n<p class=\"has-text-align-right\">\n<\/p><p style=\"text-align: right;\"><a class=\"pag\" href=\"https:\/\/tmarchives.com.br\/wp\/?page_id=1340\">Voltar<\/a><\/p>\n\n\n<p><\/p>\n","protected":false},"excerpt":{"rendered":"<p>&#8220;Eu o admoesto que, embora reconhe\u00e7a a tenta\u00e7\u00e3o de maneira honesta e sincera pelo que ela \u00e9, voc\u00ea redireciona inteligentemente as energias do esp\u00edrito, da mente e do corpo, que buscam express\u00e3o, para canais superiores e para objetivos mais idealistas.&#8221; Jesus (156:5.4) 1738.3 Fonte: Urantia [&hellip;]<\/p>\n","protected":false},"author":1,"featured_media":0,"parent":0,"menu_order":0,"comment_status":"closed","ping_status":"closed","template":"","meta":{"footnotes":""},"class_list":["post-2481","page","type-page","status-publish","hentry"],"_links":{"self":[{"href":"https:\/\/tmarchives.com.br\/wp\/index.php?rest_route=\/wp\/v2\/pages\/2481","targetHints":{"allow":["GET"]}}],"collection":[{"href":"https:\/\/tmarchives.com.br\/wp\/index.php?rest_route=\/wp\/v2\/pages"}],"about":[{"href":"https:\/\/tmarchives.com.br\/wp\/index.php?rest_route=\/wp\/v2\/types\/page"}],"author":[{"embeddable":true,"href":"https:\/\/tmarchives.com.br\/wp\/index.php?rest_route=\/wp\/v2\/users\/1"}],"replies":[{"embeddable":true,"href":"https:\/\/tmarchives.com.br\/wp\/index.php?rest_route=%2Fwp%2Fv2%2Fcomments&post=2481"}],"version-history":[{"count":2,"href":"https:\/\/tmarchives.com.br\/wp\/index.php?rest_route=\/wp\/v2\/pages\/2481\/revisions"}],"predecessor-version":[{"id":2485,"href":"https:\/\/tmarchives.com.br\/wp\/index.php?rest_route=\/wp\/v2\/pages\/2481\/revisions\/2485"}],"wp:attachment":[{"href":"https:\/\/tmarchives.com.br\/wp\/index.php?rest_route=%2Fwp%2Fv2%2Fmedia&parent=2481"}],"curies":[{"name":"wp","href":"https:\/\/api.w.org\/{rel}","templated":true}]}}