{"id":2448,"date":"2021-05-07T12:21:41","date_gmt":"2021-05-07T12:21:41","guid":{"rendered":"https:\/\/tmarchives.com.br\/wp\/?page_id=2448"},"modified":"2021-05-07T12:21:53","modified_gmt":"2021-05-07T12:21:53","slug":"orar","status":"publish","type":"page","link":"https:\/\/tmarchives.com.br\/wp\/?page_id=2448","title":{"rendered":"Orar"},"content":{"rendered":"\n<div class=\"wp-block-image\"><figure class=\"aligncenter size-large\"><img loading=\"lazy\" decoding=\"async\" width=\"700\" height=\"278\" src=\"https:\/\/tmarchives.com.br\/wp\/wp-content\/uploads\/2021\/05\/imagem107.jpg\" alt=\"\" class=\"wp-image-2442\" srcset=\"https:\/\/tmarchives.com.br\/wp\/wp-content\/uploads\/2021\/05\/imagem107.jpg 700w, https:\/\/tmarchives.com.br\/wp\/wp-content\/uploads\/2021\/05\/imagem107-300x119.jpg 300w\" sizes=\"auto, (max-width: 700px) 100vw, 700px\" \/><\/figure><\/div>\n\n\n\n<figure class=\"wp-block-pullquote is-style-default\" style=\"border-color:#0693e3\"><blockquote><p align=\"Justify\">&#8220;Ore pelo bem-estar de sua fam\u00edlia, amigos e companheiros, mas ore especialmente por aqueles que os amaldi\u00e7oam e fa\u00e7a peti\u00e7\u00f5es amorosas por aqueles que os perseguem.&#8221;<\/p><\/blockquote><\/figure>\n\n\n\n<p class=\"has-text-align-center\"><a class=\"pag\" href=\"http:\/\/r20.rs6.net\/tn.jsp?f=001Fi2d1mShDieYkywHgWentLc1QXeA3B3eFi22OgZZzB3PTsPLj7AJvf4zneLbjjEUmmJ9TfIzeAxW9_wpmU5mjT1UZYl9i8OsllNwm7sha1Y0EsaE4QO_m6npArc8DjTF3JAe-JM6zWLarjPJD-lu8el17T4NOY7SOBzHHF2w3_Qvmmgt4pC3IjYQggn4ca4TozXV9g9BAWnwvWSz2Sx3GY1LfuKx4B04MTgoUY0djtBfIdNX3R5AmA==&amp;c=vQlCdvmKTSpum5HaA3zZbmXJMII-pM3DJXeid-NCkmxPd2vA4AOz6g==&amp;ch=J7OLnL_hA_JdGwItl0ghNKzAGXpL-EZHWvyIEixNYfykG58gNwGVVw==\" target=\"_blank\" rel=\"noreferrer noopener\">(146:2.11) 1639.6<\/a><\/p>\n\n\n\n<p>Fonte:<\/p>\n\n\n\n<p align=\"center\"><strong><a href=\"https:\/\/www.urantia.org\/\"  class=\"pag\">Urantia Foundation | 533 Diversey Parkway, Chicago, IL 60614<\/a><\/strong><\/p><\/p>\n\n\n<p class=\"has-text-align-right\">\n<\/p><p style=\"text-align: right;\"><a class=\"pag\" href=\"https:\/\/tmarchives.com.br\/wp\/?page_id=1340\">Voltar<\/a><\/p>\n\n\n<p><\/p>\n","protected":false},"excerpt":{"rendered":"<p>&#8220;Ore pelo bem-estar de sua fam\u00edlia, amigos e companheiros, mas ore especialmente por aqueles que os amaldi\u00e7oam e fa\u00e7a peti\u00e7\u00f5es amorosas por aqueles que os perseguem.&#8221; (146:2.11) 1639.6 Fonte: Urantia Foundation | 533 Diversey Parkway, Chicago, IL 60614 Voltar<\/p>\n","protected":false},"author":1,"featured_media":0,"parent":0,"menu_order":0,"comment_status":"closed","ping_status":"closed","template":"","meta":{"footnotes":""},"class_list":["post-2448","page","type-page","status-publish","hentry"],"_links":{"self":[{"href":"https:\/\/tmarchives.com.br\/wp\/index.php?rest_route=\/wp\/v2\/pages\/2448","targetHints":{"allow":["GET"]}}],"collection":[{"href":"https:\/\/tmarchives.com.br\/wp\/index.php?rest_route=\/wp\/v2\/pages"}],"about":[{"href":"https:\/\/tmarchives.com.br\/wp\/index.php?rest_route=\/wp\/v2\/types\/page"}],"author":[{"embeddable":true,"href":"https:\/\/tmarchives.com.br\/wp\/index.php?rest_route=\/wp\/v2\/users\/1"}],"replies":[{"embeddable":true,"href":"https:\/\/tmarchives.com.br\/wp\/index.php?rest_route=%2Fwp%2Fv2%2Fcomments&post=2448"}],"version-history":[{"count":2,"href":"https:\/\/tmarchives.com.br\/wp\/index.php?rest_route=\/wp\/v2\/pages\/2448\/revisions"}],"predecessor-version":[{"id":6333,"href":"https:\/\/tmarchives.com.br\/wp\/index.php?rest_route=\/wp\/v2\/pages\/2448\/revisions\/6333"}],"wp:attachment":[{"href":"https:\/\/tmarchives.com.br\/wp\/index.php?rest_route=%2Fwp%2Fv2%2Fmedia&parent=2448"}],"curies":[{"name":"wp","href":"https:\/\/api.w.org\/{rel}","templated":true}]}}