{"id":2445,"date":"2021-05-07T12:18:46","date_gmt":"2021-05-07T12:18:46","guid":{"rendered":"https:\/\/tmarchives.com.br\/wp\/?page_id=2445"},"modified":"2025-05-22T15:16:52","modified_gmt":"2025-05-22T18:16:52","slug":"a-alma-imortal","status":"publish","type":"page","link":"https:\/\/tmarchives.com.br\/wp\/?page_id=2445","title":{"rendered":"A alma imortal"},"content":{"rendered":"<div class=\"wp-block-image\">\n<figure class=\"aligncenter size-large\"><img loading=\"lazy\" decoding=\"async\" width=\"700\" height=\"339\" src=\"https:\/\/tmarchives.com.br\/wp\/wp-content\/uploads\/2021\/05\/imagem106.jpg\" alt=\"\" class=\"wp-image-2441\" srcset=\"https:\/\/tmarchives.com.br\/wp\/wp-content\/uploads\/2021\/05\/imagem106.jpg 700w, https:\/\/tmarchives.com.br\/wp\/wp-content\/uploads\/2021\/05\/imagem106-300x145.jpg 300w\" sizes=\"auto, (max-width: 700px) 100vw, 700px\" \/><\/figure>\n<\/div>\n\n\n<figure class=\"wp-block-pullquote is-style-default has-border-color\" style=\"border-color:#0693e3\"><blockquote><p>&#8220;A sobreviv\u00eancia das criaturas mortais \u00e9 totalmente baseada na evolu\u00e7\u00e3o de uma alma imortal dentro da mente mortal.&#8221;<\/p><\/blockquote><\/figure>\n\n\n\n<p class=\"has-text-align-center\"><a class=\"pag\" href=\"http:\/\/r20.rs6.net\/tn.jsp?f=001VKpIAlg-ghcVxrg62Cmbw1H0FSOQW-w4PfV1lps2XPyiMnpfwsGhoM6Ou1zzKpGY0rUlW1yCHp9WZ5nq8xrBkeEimp1af654RuJ2Wscpjc4EXjQc8bsGwnAS5Bj7HY2k78mA7Zcr4uaXDXxM2Ms2SPEtQBCYuYb7kLuT3QKaKcVi0O2emZk6wdLvdOYMf_mSW7Zk5Gpo--arUJOnqRebbFMvPN4kjQBh&amp;c=idgohNYM9n1eYaB_1vH2SY_-R4DcpvUMtrLBzIjcPLUd5z1NCDco_w==&amp;ch=DdLKWtiL947M5PC0_UKWIcklGnRLnoD-Th-tPtfsuGwLdFH9jm9O5g==\" target=\"_blank\" rel=\"noreferrer noopener\">(36:6.5) 404.3<\/a><\/p>\n\n\n\n<p>Fonte:<\/p>\n\n\n\n<p align=\"center\"><strong><a href=\"https:\/\/www.urantia.org\/\"  class=\"pag\">Urantia Foundation | 533 Diversey Parkway, Chicago, IL 60614<\/a><\/strong><\/p><\/p>\n\n\n<p class=\"has-text-align-right\">\n<\/p><p style=\"text-align: right;\"><a class=\"pag\" href=\"https:\/\/tmarchives.com.br\/wp\/?page_id=1340\">Voltar<\/a><\/p>\n\n\n<p><\/p>\n","protected":false},"excerpt":{"rendered":"<p>&#8220;A sobreviv\u00eancia das criaturas mortais \u00e9 totalmente baseada na evolu\u00e7\u00e3o de uma alma imortal dentro da mente mortal.&#8221; (36:6.5) 404.3 Fonte: Urantia Foundation | 533 Diversey Parkway, Chicago, IL 60614 Voltar<\/p>\n","protected":false},"author":1,"featured_media":0,"parent":0,"menu_order":0,"comment_status":"closed","ping_status":"closed","template":"","meta":{"footnotes":""},"class_list":["post-2445","page","type-page","status-publish","hentry"],"_links":{"self":[{"href":"https:\/\/tmarchives.com.br\/wp\/index.php?rest_route=\/wp\/v2\/pages\/2445","targetHints":{"allow":["GET"]}}],"collection":[{"href":"https:\/\/tmarchives.com.br\/wp\/index.php?rest_route=\/wp\/v2\/pages"}],"about":[{"href":"https:\/\/tmarchives.com.br\/wp\/index.php?rest_route=\/wp\/v2\/types\/page"}],"author":[{"embeddable":true,"href":"https:\/\/tmarchives.com.br\/wp\/index.php?rest_route=\/wp\/v2\/users\/1"}],"replies":[{"embeddable":true,"href":"https:\/\/tmarchives.com.br\/wp\/index.php?rest_route=%2Fwp%2Fv2%2Fcomments&post=2445"}],"version-history":[{"count":2,"href":"https:\/\/tmarchives.com.br\/wp\/index.php?rest_route=\/wp\/v2\/pages\/2445\/revisions"}],"predecessor-version":[{"id":4826,"href":"https:\/\/tmarchives.com.br\/wp\/index.php?rest_route=\/wp\/v2\/pages\/2445\/revisions\/4826"}],"wp:attachment":[{"href":"https:\/\/tmarchives.com.br\/wp\/index.php?rest_route=%2Fwp%2Fv2%2Fmedia&parent=2445"}],"curies":[{"name":"wp","href":"https:\/\/api.w.org\/{rel}","templated":true}]}}