{"id":2401,"date":"2021-05-04T14:47:55","date_gmt":"2021-05-04T14:47:55","guid":{"rendered":"https:\/\/tmarchives.com.br\/wp\/?page_id=2401"},"modified":"2021-05-04T14:48:18","modified_gmt":"2021-05-04T14:48:18","slug":"progresso-do-espirito","status":"publish","type":"page","link":"https:\/\/tmarchives.com.br\/wp\/?page_id=2401","title":{"rendered":"Progresso do Esp\u00edrito"},"content":{"rendered":"\n<div class=\"wp-block-image\"><figure class=\"aligncenter size-large is-resized\"><img loading=\"lazy\" decoding=\"async\" src=\"https:\/\/tmarchives.com.br\/wp\/wp-content\/uploads\/2021\/05\/imagem104.jpg\" alt=\"\" class=\"wp-image-2399\" width=\"848\" height=\"219\" srcset=\"https:\/\/tmarchives.com.br\/wp\/wp-content\/uploads\/2021\/05\/imagem104.jpg 700w, https:\/\/tmarchives.com.br\/wp\/wp-content\/uploads\/2021\/05\/imagem104-300x78.jpg 300w\" sizes=\"auto, (max-width: 848px) 100vw, 848px\" \/><\/figure><\/div>\n\n\n\n<figure class=\"wp-block-pullquote is-style-default\" style=\"border-color:#0693e3\"><blockquote><p align=\"Justify\">&#8220;Assim como uma gota d&#8217;\u00e1gua de um n\u00edvel superior cai para um inferior e, fluindo para a frente, passa sempre para baixo atrav\u00e9s de uma sucess\u00e3o de quedas curtas, sempre para cima est\u00e1 o progresso nos mundos moroncial e espiritual &#8211; e t\u00e3o lentamente quanto\nest\u00e1gios graduais. &#8220;<\/p><\/blockquote><\/figure>\n\n\n\n<p class=\"has-text-align-center\"><a class=\"pag\" href=\"http:\/\/r20.rs6.net\/tn.jsp?f=001IGytsr6fYvWieQpqd-q_KiORwVtNgIu7cO4zTNqEhfcSw_mrkdEuZliESaUY75kWobwTCTWYt-mbg5VYbJTBayJYGvjKljB3GLl3eexhiWpradLgFdgJ_Gkjofw4uHF8CGpGWLA5ITHCpGHoGEPbsvFO3-Llnq4uE-rJxL74ILTAbIFTJQdfzOIpGodH_ybIBDKdsEA6bZKk38h7fuakCfF_AYwmC1Mu&amp;c=ZUZFn66eweWPxXIlT9Fo9lH-N1n1vXFOCm02cqvCmWDYwCTIgnSKyw==&amp;ch=_I1ux_5bz9q_1aodmW9NJJMM2XiZHkbJU-uTGjC6LyovdW-X8FgO1Q==\" target=\"_blank\" rel=\"noreferrer noopener\">(39:4.12) 435.5<\/a><\/p>\n\n\n\n<p>Fonte:<\/p>\n\n\n\n<p align=\"center\"><strong><a href=\"https:\/\/www.urantia.org\/\"  class=\"pag\">Urantia Foundation | 533 Diversey Parkway, Chicago, IL 60614<\/a><\/strong><\/p><\/p>\n\n\n<p class=\"has-text-align-right\">\n<\/p><p style=\"text-align: right;\"><a class=\"pag\" href=\"https:\/\/tmarchives.com.br\/wp\/?page_id=1340\">Voltar<\/a><\/p>\n\n\n<p><\/p>\n","protected":false},"excerpt":{"rendered":"<p>&#8220;Assim como uma gota d&#8217;\u00e1gua de um n\u00edvel superior cai para um inferior e, fluindo para a frente, passa sempre para baixo atrav\u00e9s de uma sucess\u00e3o de quedas curtas, sempre para cima est\u00e1 o progresso nos mundos moroncial e espiritual &#8211; e t\u00e3o lentamente quanto [&hellip;]<\/p>\n","protected":false},"author":1,"featured_media":0,"parent":0,"menu_order":0,"comment_status":"closed","ping_status":"closed","template":"","meta":{"footnotes":""},"class_list":["post-2401","page","type-page","status-publish","hentry"],"_links":{"self":[{"href":"https:\/\/tmarchives.com.br\/wp\/index.php?rest_route=\/wp\/v2\/pages\/2401","targetHints":{"allow":["GET"]}}],"collection":[{"href":"https:\/\/tmarchives.com.br\/wp\/index.php?rest_route=\/wp\/v2\/pages"}],"about":[{"href":"https:\/\/tmarchives.com.br\/wp\/index.php?rest_route=\/wp\/v2\/types\/page"}],"author":[{"embeddable":true,"href":"https:\/\/tmarchives.com.br\/wp\/index.php?rest_route=\/wp\/v2\/users\/1"}],"replies":[{"embeddable":true,"href":"https:\/\/tmarchives.com.br\/wp\/index.php?rest_route=%2Fwp%2Fv2%2Fcomments&post=2401"}],"version-history":[{"count":2,"href":"https:\/\/tmarchives.com.br\/wp\/index.php?rest_route=\/wp\/v2\/pages\/2401\/revisions"}],"predecessor-version":[{"id":13710,"href":"https:\/\/tmarchives.com.br\/wp\/index.php?rest_route=\/wp\/v2\/pages\/2401\/revisions\/13710"}],"wp:attachment":[{"href":"https:\/\/tmarchives.com.br\/wp\/index.php?rest_route=%2Fwp%2Fv2%2Fmedia&parent=2401"}],"curies":[{"name":"wp","href":"https:\/\/api.w.org\/{rel}","templated":true}]}}