{"id":2388,"date":"2021-05-02T16:59:04","date_gmt":"2021-05-02T16:59:04","guid":{"rendered":"https:\/\/tmarchives.com.br\/wp\/?page_id=2388"},"modified":"2021-05-02T16:59:04","modified_gmt":"2021-05-02T16:59:04","slug":"pressao-espiritual","status":"publish","type":"page","link":"https:\/\/tmarchives.com.br\/wp\/?page_id=2388","title":{"rendered":"Press\u00e3o Espiritual"},"content":{"rendered":"\n<div class=\"wp-block-image\"><figure class=\"aligncenter size-large\"><img loading=\"lazy\" decoding=\"async\" width=\"700\" height=\"260\" src=\"https:\/\/tmarchives.com.br\/wp\/wp-content\/uploads\/2021\/05\/imagem98.jpg\" alt=\"\" class=\"wp-image-2389\" srcset=\"https:\/\/tmarchives.com.br\/wp\/wp-content\/uploads\/2021\/05\/imagem98.jpg 700w, https:\/\/tmarchives.com.br\/wp\/wp-content\/uploads\/2021\/05\/imagem98-300x111.jpg 300w\" sizes=\"auto, (max-width: 700px) 100vw, 700px\" \/><\/figure><\/div>\n\n\n\n<figure class=\"wp-block-pullquote is-style-default\" style=\"border-color:#0693e3\"><blockquote><p align=\"Justify\">&#8220;A \u00fanica t\u00e9cnica para acelerar a tend\u00eancia natural da evolu\u00e7\u00e3o social \u00e9 aplicar press\u00e3o espiritual de cima, aumentando assim o discernimento moral enquanto aumenta a capacidade da alma de cada mortal de compreender e amar todos os outros mortais.&#8221;<\/p><\/blockquote><\/figure>\n\n\n\n<p class=\"has-text-align-center\"><a class=\"pag\" href=\"http:\/\/r20.rs6.net\/tn.jsp?f=001tOE8ZQVdFgQ0B4ji9srHHswmvSnkLP33J2Bmxgr83fnKYWP0EVPddqppnJGCQjNhDCvlMJmmhdCfiP9BxGXwhAzXrkB9sY6bJO_ZRVOwNQy5OTlBYRkE6_k17OUxV_5xw1QhRYaaC8b7w6KiRouxOO-JmU4DWC7xvw8k4x7XkWlt-4YN4Jvyp9XsXqIgEGWUHNy_w3-UwouecK3JU10sRlW0m0RMrF05y-gGRfGJPYM=&amp;c=J4170x5OGaYIGrsleam1JdUQRMyMDpouTe6pv6DldC9HWOuiDc5wwQ==&amp;ch=gZ5lG4mPhhd_XbJrCPxrYEf6eccfNYdlTRpcaRiMhpMWL0qo1BNSUA==\" target=\"_blank\" rel=\"noreferrer noopener\">(52:6.7) 598.2<\/a><\/p>\n\n\n\n<p>Fonte:<\/p>\n\n\n\n<p align=\"center\"><strong><a href=\"https:\/\/www.urantia.org\/\"  class=\"pag\">Urantia Foundation | 533 Diversey Parkway, Chicago, IL 60614<\/a><\/strong><\/p><\/p>\n\n\n<p class=\"has-text-align-right\">\n<\/p><p style=\"text-align: right;\"><a class=\"pag\" href=\"https:\/\/tmarchives.com.br\/wp\/?page_id=1340\">Voltar<\/a><\/p>\n\n\n<p><\/p>\n","protected":false},"excerpt":{"rendered":"<p>&#8220;A \u00fanica t\u00e9cnica para acelerar a tend\u00eancia natural da evolu\u00e7\u00e3o social \u00e9 aplicar press\u00e3o espiritual de cima, aumentando assim o discernimento moral enquanto aumenta a capacidade da alma de cada mortal de compreender e amar todos os outros mortais.&#8221; (52:6.7) 598.2 Fonte: Urantia Foundation | [&hellip;]<\/p>\n","protected":false},"author":1,"featured_media":0,"parent":0,"menu_order":0,"comment_status":"closed","ping_status":"closed","template":"","meta":{"footnotes":""},"class_list":["post-2388","page","type-page","status-publish","hentry"],"_links":{"self":[{"href":"https:\/\/tmarchives.com.br\/wp\/index.php?rest_route=\/wp\/v2\/pages\/2388","targetHints":{"allow":["GET"]}}],"collection":[{"href":"https:\/\/tmarchives.com.br\/wp\/index.php?rest_route=\/wp\/v2\/pages"}],"about":[{"href":"https:\/\/tmarchives.com.br\/wp\/index.php?rest_route=\/wp\/v2\/types\/page"}],"author":[{"embeddable":true,"href":"https:\/\/tmarchives.com.br\/wp\/index.php?rest_route=\/wp\/v2\/users\/1"}],"replies":[{"embeddable":true,"href":"https:\/\/tmarchives.com.br\/wp\/index.php?rest_route=%2Fwp%2Fv2%2Fcomments&post=2388"}],"version-history":[{"count":1,"href":"https:\/\/tmarchives.com.br\/wp\/index.php?rest_route=\/wp\/v2\/pages\/2388\/revisions"}],"predecessor-version":[{"id":2390,"href":"https:\/\/tmarchives.com.br\/wp\/index.php?rest_route=\/wp\/v2\/pages\/2388\/revisions\/2390"}],"wp:attachment":[{"href":"https:\/\/tmarchives.com.br\/wp\/index.php?rest_route=%2Fwp%2Fv2%2Fmedia&parent=2388"}],"curies":[{"name":"wp","href":"https:\/\/api.w.org\/{rel}","templated":true}]}}