{"id":2330,"date":"2021-04-25T17:55:44","date_gmt":"2021-04-25T17:55:44","guid":{"rendered":"https:\/\/tmarchives.com.br\/wp\/?page_id=2330"},"modified":"2021-04-25T17:55:44","modified_gmt":"2021-04-25T17:55:44","slug":"perceba-a-presenca-divina","status":"publish","type":"page","link":"https:\/\/tmarchives.com.br\/wp\/?page_id=2330","title":{"rendered":"Perceba a Presen\u00e7a Divina"},"content":{"rendered":"\n<div class=\"wp-block-image\"><figure class=\"aligncenter size-large is-resized\"><img loading=\"lazy\" decoding=\"async\" src=\"https:\/\/tmarchives.com.br\/wp\/wp-content\/uploads\/2021\/04\/imagem93.jpg\" alt=\"\" class=\"wp-image-2327\" width=\"744\" height=\"239\" srcset=\"https:\/\/tmarchives.com.br\/wp\/wp-content\/uploads\/2021\/04\/imagem93.jpg 700w, https:\/\/tmarchives.com.br\/wp\/wp-content\/uploads\/2021\/04\/imagem93-300x96.jpg 300w\" sizes=\"auto, (max-width: 744px) 100vw, 744px\" \/><\/figure><\/div>\n\n\n\n<figure class=\"wp-block-pullquote is-style-default\" style=\"border-color:#0693e3\"><blockquote><p align=\"Justify\">&#8220;Somente o homem habitado pelo esp\u00edrito pode perceber a presen\u00e7a divina e buscar atingir uma experi\u00eancia mais plena com esta\nantegozo da divindade.&#8221;<\/p><\/blockquote><\/figure>\n\n\n\n<p class=\"has-text-align-center\"><a class=\"pag\" href=\"http:\/\/r20.rs6.net\/tn.jsp?f=001xr7zmdN-f44FVLcp0v0IX4q5XNqYT-i6Y1qpBSLQiSdKvMPuIzGYzCksJ6YaGicYVK8CfEye37BYhpxar6IT6bRw44VN9nRKlHeCWs0kYeWeCV2hMpWRL5srcfP63UYjI4qsnOFR2tBe6QhyGqy2q2MuJT4AcGeFmaOShNFT1ok3iwp9OYUBvx4VwmQs48U1ITsw8RrCSdqfQTMZ3IbR9gwEic918nKd&amp;c=n4ZL86ij6u3HOBI2KpVIuATewUbkoLnF0IEckY1obPF8iJ6FiVel3Q==&amp;ch=-JsTQI36srcj6Y4yMnxFm-kwuX34mjLdu5PFT2heDk--fucI_mjvxA==\" target=\"_blank\" rel=\"noreferrer noopener\">(196:3.9) 2094.8<\/a><\/p>\n\n\n\n<p>Fonte:<\/p>\n\n\n\n<p align=\"center\"><strong><a href=\"https:\/\/www.urantia.org\/\"  class=\"pag\">Urantia Foundation | 533 Diversey Parkway, Chicago, IL 60614<\/a><\/strong><\/p><\/p>\n\n\n<p class=\"has-text-align-right\">\n<\/p><p style=\"text-align: right;\"><a class=\"pag\" href=\"https:\/\/tmarchives.com.br\/wp\/?page_id=1340\">Voltar<\/a><\/p>\n\n\n<p><\/p>\n","protected":false},"excerpt":{"rendered":"<p>&#8220;Somente o homem habitado pelo esp\u00edrito pode perceber a presen\u00e7a divina e buscar atingir uma experi\u00eancia mais plena com esta antegozo da divindade.&#8221; (196:3.9) 2094.8 Fonte: Urantia Foundation | 533 Diversey Parkway, Chicago, IL 60614 Voltar<\/p>\n","protected":false},"author":1,"featured_media":0,"parent":0,"menu_order":0,"comment_status":"closed","ping_status":"closed","template":"","meta":{"footnotes":""},"class_list":["post-2330","page","type-page","status-publish","hentry"],"_links":{"self":[{"href":"https:\/\/tmarchives.com.br\/wp\/index.php?rest_route=\/wp\/v2\/pages\/2330","targetHints":{"allow":["GET"]}}],"collection":[{"href":"https:\/\/tmarchives.com.br\/wp\/index.php?rest_route=\/wp\/v2\/pages"}],"about":[{"href":"https:\/\/tmarchives.com.br\/wp\/index.php?rest_route=\/wp\/v2\/types\/page"}],"author":[{"embeddable":true,"href":"https:\/\/tmarchives.com.br\/wp\/index.php?rest_route=\/wp\/v2\/users\/1"}],"replies":[{"embeddable":true,"href":"https:\/\/tmarchives.com.br\/wp\/index.php?rest_route=%2Fwp%2Fv2%2Fcomments&post=2330"}],"version-history":[{"count":1,"href":"https:\/\/tmarchives.com.br\/wp\/index.php?rest_route=\/wp\/v2\/pages\/2330\/revisions"}],"predecessor-version":[{"id":2331,"href":"https:\/\/tmarchives.com.br\/wp\/index.php?rest_route=\/wp\/v2\/pages\/2330\/revisions\/2331"}],"wp:attachment":[{"href":"https:\/\/tmarchives.com.br\/wp\/index.php?rest_route=%2Fwp%2Fv2%2Fmedia&parent=2330"}],"curies":[{"name":"wp","href":"https:\/\/api.w.org\/{rel}","templated":true}]}}