{"id":2322,"date":"2021-04-22T14:14:31","date_gmt":"2021-04-22T14:14:31","guid":{"rendered":"https:\/\/tmarchives.com.br\/wp\/?page_id=2322"},"modified":"2021-04-22T14:14:32","modified_gmt":"2021-04-22T14:14:32","slug":"deus-e-uma-certeza","status":"publish","type":"page","link":"https:\/\/tmarchives.com.br\/wp\/?page_id=2322","title":{"rendered":"Deus \u00e9 uma certeza"},"content":{"rendered":"\n<div class=\"wp-block-image\"><figure class=\"aligncenter size-large\"><img loading=\"lazy\" decoding=\"async\" width=\"700\" height=\"336\" src=\"https:\/\/tmarchives.com.br\/wp\/wp-content\/uploads\/2021\/04\/imagem91.jpg\" alt=\"\" class=\"wp-image-2321\" srcset=\"https:\/\/tmarchives.com.br\/wp\/wp-content\/uploads\/2021\/04\/imagem91.jpg 700w, https:\/\/tmarchives.com.br\/wp\/wp-content\/uploads\/2021\/04\/imagem91-300x144.jpg 300w\" sizes=\"auto, (max-width: 700px) 100vw, 700px\" \/><\/figure><\/div>\n\n\n\n<figure class=\"wp-block-pullquote is-style-default\" style=\"border-color:#0693e3\"><blockquote><p align=\"Justify\">&#8220;Para a ci\u00eancia, Deus \u00e9 uma possibilidade, para a psicologia uma desejabilidade, para a filosofia uma probabilidade, para a religi\u00e3o pessoal uma certeza, uma realidade da experi\u00eancia religiosa.&#8221;<\/p><\/blockquote><\/figure>\n\n\n\n<p class=\"has-text-align-center\"><a class=\"pag\" href=\"http:\/\/r20.rs6.net\/tn.jsp?f=001L-DiwsbRW5Qpi-eUuZ8-52T9isCWlCV22-wQ294vsgSTXGHqF6Y1tRIeZ7FbGbxtBRMs1FoYof7CEaUHP5EwgP_zATI3zrNklA3CsU8os81ssbgK-Is9s3n3MItBICi9NDtz4_rBgT8MN3_RG9Dtttr1sMA14mm77sQDIaHL6pajMSBSv2Wx3iKxekqFPSDDhZkfg-2lMAiMWyGHvwiScYTAA66XxcBvXKtz7f-ywDBg0aLvoqRdFQ==&amp;c=2uha4JmKzY9jbsvJyq7FhOys-QETNwAFf1oCYjM38zCNfK_f0ScdvA==&amp;ch=ktcMXXL_HS_gQAQSXQJ6crmRBsCK3xv5QnQosoPGjjUxAyKvtu3cnw==\" target=\"_blank\" rel=\"noreferrer noopener\">(102:6.8) 1125.3<\/a><\/p>\n\n\n\n<p>Fonte:<\/p>\n\n\n\n<p align=\"center\"><strong><a href=\"https:\/\/www.urantia.org\/\"  class=\"pag\">Urantia Foundation | 533 Diversey Parkway, Chicago, IL 60614<\/a><\/strong><\/p><\/p>\n\n\n<p class=\"has-text-align-right\">\n<\/p><p style=\"text-align: right;\"><a class=\"pag\" href=\"https:\/\/tmarchives.com.br\/wp\/?page_id=1340\">Voltar<\/a><\/p>\n\n\n<p><\/p>\n","protected":false},"excerpt":{"rendered":"<p>&#8220;Para a ci\u00eancia, Deus \u00e9 uma possibilidade, para a psicologia uma desejabilidade, para a filosofia uma probabilidade, para a religi\u00e3o pessoal uma certeza, uma realidade da experi\u00eancia religiosa.&#8221; (102:6.8) 1125.3 Fonte: Urantia Foundation | 533 Diversey Parkway, Chicago, IL 60614 Voltar<\/p>\n","protected":false},"author":1,"featured_media":0,"parent":0,"menu_order":0,"comment_status":"closed","ping_status":"closed","template":"","meta":{"footnotes":""},"class_list":["post-2322","page","type-page","status-publish","hentry"],"_links":{"self":[{"href":"https:\/\/tmarchives.com.br\/wp\/index.php?rest_route=\/wp\/v2\/pages\/2322","targetHints":{"allow":["GET"]}}],"collection":[{"href":"https:\/\/tmarchives.com.br\/wp\/index.php?rest_route=\/wp\/v2\/pages"}],"about":[{"href":"https:\/\/tmarchives.com.br\/wp\/index.php?rest_route=\/wp\/v2\/types\/page"}],"author":[{"embeddable":true,"href":"https:\/\/tmarchives.com.br\/wp\/index.php?rest_route=\/wp\/v2\/users\/1"}],"replies":[{"embeddable":true,"href":"https:\/\/tmarchives.com.br\/wp\/index.php?rest_route=%2Fwp%2Fv2%2Fcomments&post=2322"}],"version-history":[{"count":1,"href":"https:\/\/tmarchives.com.br\/wp\/index.php?rest_route=\/wp\/v2\/pages\/2322\/revisions"}],"predecessor-version":[{"id":2323,"href":"https:\/\/tmarchives.com.br\/wp\/index.php?rest_route=\/wp\/v2\/pages\/2322\/revisions\/2323"}],"wp:attachment":[{"href":"https:\/\/tmarchives.com.br\/wp\/index.php?rest_route=%2Fwp%2Fv2%2Fmedia&parent=2322"}],"curies":[{"name":"wp","href":"https:\/\/api.w.org\/{rel}","templated":true}]}}