{"id":2312,"date":"2021-04-21T13:36:01","date_gmt":"2021-04-21T13:36:01","guid":{"rendered":"https:\/\/tmarchives.com.br\/wp\/?page_id=2312"},"modified":"2021-04-21T13:36:01","modified_gmt":"2021-04-21T13:36:01","slug":"um-novo-tipo-de-criacao","status":"publish","type":"page","link":"https:\/\/tmarchives.com.br\/wp\/?page_id=2312","title":{"rendered":"Um Novo Tipo de Cria\u00e7\u00e3o"},"content":{"rendered":"\n<div class=\"wp-block-image\"><figure class=\"aligncenter size-large is-resized\"><img loading=\"lazy\" decoding=\"async\" src=\"https:\/\/tmarchives.com.br\/wp\/wp-content\/uploads\/2021\/04\/imagem90.jpg\" alt=\"\" class=\"wp-image-2313\" width=\"764\" height=\"366\"\/><\/figure><\/div>\n\n\n\n<figure class=\"wp-block-pullquote is-style-default\" style=\"border-color:#0693e3\"><blockquote><p align=\"Justify\">&#8220;Em todo Orv\u00f4nton, acredita-se que um novo tipo de cria\u00e7\u00e3o est\u00e1 em processo, uma ordem de universos destinada a se tornar o cen\u00e1rio das atividades futuras do Corpo de Finalidade reunido; e se nossas conjecturas estiverem corretas, ent\u00e3o o futuro infinito pode se manter para todos voc\u00eas os mesmos espet\u00e1culos cativantes que o passado sem fim reservou para seus mais velhos e antecessores. &#8220;<\/p><\/blockquote><\/figure>\n\n\n\n<p class=\"has-text-align-center\"><a class=\"pag\" href=\"http:\/\/r20.rs6.net\/tn.jsp?f=001YH_ZSW-Gh8VU5_uWZR3ojWcgVvYuYGjR-sBQ6ygPl6lWxsEroCx-yMRqXIZgd9MzGaf4kregbjquYmtYxmi3t8q14SvPYFKCQXDiFCn_gw-uXsnxEJ_PF3pLDZJVVMTzxKuqmiW0dedPP6kR30GNk8vwhO1ZD9kAVZHr7GY3RDKe5rylvHRdulgyTLKcRQ0UGKzHjOS9dJkSKEHIA6G_skxoLkbxMnSOxjRQq5LrRLc=&amp;c=cTRXDMqLkodondn0h5w_obDvay9DhZuvO9FWMchvEREnkhfmyn8B3A==&amp;ch=XMgNc3bDE52x9fQm7bhXlf1dovBBv7VO4tz_9fEa4SMemARJK2bW0A==\" target=\"_blank\" rel=\"noreferrer noopener\">(12:2.6) 131.3<\/a><\/p>\n\n\n\n<p>Fonte:<\/p>\n\n\n\n<p><strong><a href=\"https:\/\/www.urantia.org\/\" class=\"pag\">Urantia Foundation | 533 Diversey Parkway, Chicago, IL 60614<\/a><\/strong><\/p>\n\n\n<p class=\"has-text-align-right\">\n<\/p><p style=\"text-align: right;\"><a class=\"pag\" href=\"https:\/\/tmarchives.com.br\/wp\/?page_id=1340\">Voltar<\/a><\/p>\n\n\n<p><\/p>\n","protected":false},"excerpt":{"rendered":"<p>&#8220;Em todo Orv\u00f4nton, acredita-se que um novo tipo de cria\u00e7\u00e3o est\u00e1 em processo, uma ordem de universos destinada a se tornar o cen\u00e1rio das atividades futuras do Corpo de Finalidade reunido; e se nossas conjecturas estiverem corretas, ent\u00e3o o futuro infinito pode se manter para [&hellip;]<\/p>\n","protected":false},"author":1,"featured_media":0,"parent":0,"menu_order":0,"comment_status":"closed","ping_status":"closed","template":"","meta":{"footnotes":""},"class_list":["post-2312","page","type-page","status-publish","hentry"],"_links":{"self":[{"href":"https:\/\/tmarchives.com.br\/wp\/index.php?rest_route=\/wp\/v2\/pages\/2312","targetHints":{"allow":["GET"]}}],"collection":[{"href":"https:\/\/tmarchives.com.br\/wp\/index.php?rest_route=\/wp\/v2\/pages"}],"about":[{"href":"https:\/\/tmarchives.com.br\/wp\/index.php?rest_route=\/wp\/v2\/types\/page"}],"author":[{"embeddable":true,"href":"https:\/\/tmarchives.com.br\/wp\/index.php?rest_route=\/wp\/v2\/users\/1"}],"replies":[{"embeddable":true,"href":"https:\/\/tmarchives.com.br\/wp\/index.php?rest_route=%2Fwp%2Fv2%2Fcomments&post=2312"}],"version-history":[{"count":1,"href":"https:\/\/tmarchives.com.br\/wp\/index.php?rest_route=\/wp\/v2\/pages\/2312\/revisions"}],"predecessor-version":[{"id":2314,"href":"https:\/\/tmarchives.com.br\/wp\/index.php?rest_route=\/wp\/v2\/pages\/2312\/revisions\/2314"}],"wp:attachment":[{"href":"https:\/\/tmarchives.com.br\/wp\/index.php?rest_route=%2Fwp%2Fv2%2Fmedia&parent=2312"}],"curies":[{"name":"wp","href":"https:\/\/api.w.org\/{rel}","templated":true}]}}