{"id":2244,"date":"2021-04-11T16:11:09","date_gmt":"2021-04-11T16:11:09","guid":{"rendered":"https:\/\/tmarchives.com.br\/wp\/?page_id=2244"},"modified":"2021-04-11T16:11:31","modified_gmt":"2021-04-11T16:11:31","slug":"uma-religiao-para-todos","status":"publish","type":"page","link":"https:\/\/tmarchives.com.br\/wp\/?page_id=2244","title":{"rendered":"Uma religi\u00e3o para todos"},"content":{"rendered":"\n<div class=\"wp-block-image\"><figure class=\"aligncenter size-large is-resized\"><img loading=\"lazy\" decoding=\"async\" src=\"https:\/\/tmarchives.com.br\/wp\/wp-content\/uploads\/2021\/04\/imagem80.jpg\" alt=\"\" class=\"wp-image-2245\" width=\"854\" height=\"418\" srcset=\"https:\/\/tmarchives.com.br\/wp\/wp-content\/uploads\/2021\/04\/imagem80.jpg 700w, https:\/\/tmarchives.com.br\/wp\/wp-content\/uploads\/2021\/04\/imagem80-300x147.jpg 300w\" sizes=\"auto, (max-width: 854px) 100vw, 854px\" \/><\/figure><\/div>\n\n\n\n<figure class=\"wp-block-pullquote is-style-default\" style=\"border-color:#0693e3\"><blockquote><p align=\"Justify\">&#8220;O ensino de Jesus \u00e9 uma religi\u00e3o para todos &#8230; Sua vida e seus ensinamentos foram legados ao universo como uma heran\u00e7a inspiradora e idealista adequada para a orienta\u00e7\u00e3o espiritual e instru\u00e7\u00e3o moral de todas as idades em todos os mundos.&#8221;<\/p><\/blockquote><\/figure>\n\n\n\n<p class=\"has-text-align-center\"><a class=\"pag\" href=\"http:\/\/r20.rs6.net\/tn.jsp?f=001L4PzKItiq4ySYWoEEfvO_9cumX0jOr5kGZexasj9ptL2FEN-qtfsax-5SXalAOh5K9lrveJVmJeg_INoVpM9dFLqMgY9SdKamoigLPqTzUBqosnV5_BOguOoIuOaPV6N-RYcg0hZBa6MrF6Hr0aLTkj7RgMdZsZojJ3XzHeX0tBRDigLBb6YYrG7nXRhO8a4rYcKDO-6GHmincLfTyuunED-ntcseb-DFsiouQAo3BU=&amp;c=xn6np0JgFQ22_HDXzfnl2otLQunbv1J76NYzb-fvjCfO-_FgD_8lZg==&amp;ch=R77n1d1CKgGGiWk57Ws-F8ZHQi0AZ07V4J22OAYzH7l4gz3ZEGIF8A==\" target=\"_blank\" rel=\"noreferrer noopener\">(140:8.29) 1583.3<\/a><\/p>\n\n\n\n<p>Fonte:<\/p>\n\n\n\n<p align=\"center\"><strong><a href=\"https:\/\/www.urantia.org\/\"  class=\"pag\">Urantia Foundation | 533 Diversey Parkway, Chicago, IL 60614<\/a><\/strong><\/p><\/p>\n\n\n<p class=\"has-text-align-right\">\n<\/p><p style=\"text-align: right;\"><a class=\"pag\" href=\"https:\/\/tmarchives.com.br\/wp\/?page_id=1340\">Voltar<\/a><\/p>\n\n\n<p><\/p>\n","protected":false},"excerpt":{"rendered":"<p>&#8220;O ensino de Jesus \u00e9 uma religi\u00e3o para todos &#8230; Sua vida e seus ensinamentos foram legados ao universo como uma heran\u00e7a inspiradora e idealista adequada para a orienta\u00e7\u00e3o espiritual e instru\u00e7\u00e3o moral de todas as idades em todos os mundos.&#8221; (140:8.29) 1583.3 Fonte: Urantia [&hellip;]<\/p>\n","protected":false},"author":1,"featured_media":0,"parent":0,"menu_order":0,"comment_status":"closed","ping_status":"closed","template":"","meta":{"footnotes":""},"class_list":["post-2244","page","type-page","status-publish","hentry"],"_links":{"self":[{"href":"https:\/\/tmarchives.com.br\/wp\/index.php?rest_route=\/wp\/v2\/pages\/2244","targetHints":{"allow":["GET"]}}],"collection":[{"href":"https:\/\/tmarchives.com.br\/wp\/index.php?rest_route=\/wp\/v2\/pages"}],"about":[{"href":"https:\/\/tmarchives.com.br\/wp\/index.php?rest_route=\/wp\/v2\/types\/page"}],"author":[{"embeddable":true,"href":"https:\/\/tmarchives.com.br\/wp\/index.php?rest_route=\/wp\/v2\/users\/1"}],"replies":[{"embeddable":true,"href":"https:\/\/tmarchives.com.br\/wp\/index.php?rest_route=%2Fwp%2Fv2%2Fcomments&post=2244"}],"version-history":[{"count":1,"href":"https:\/\/tmarchives.com.br\/wp\/index.php?rest_route=\/wp\/v2\/pages\/2244\/revisions"}],"predecessor-version":[{"id":2246,"href":"https:\/\/tmarchives.com.br\/wp\/index.php?rest_route=\/wp\/v2\/pages\/2244\/revisions\/2246"}],"wp:attachment":[{"href":"https:\/\/tmarchives.com.br\/wp\/index.php?rest_route=%2Fwp%2Fv2%2Fmedia&parent=2244"}],"curies":[{"name":"wp","href":"https:\/\/api.w.org\/{rel}","templated":true}]}}