{"id":2193,"date":"2021-04-06T15:52:54","date_gmt":"2021-04-06T15:52:54","guid":{"rendered":"https:\/\/tmarchives.com.br\/wp\/?page_id=2193"},"modified":"2021-05-16T18:45:32","modified_gmt":"2021-05-16T18:45:32","slug":"pensa-modelo","status":"publish","type":"page","link":"https:\/\/tmarchives.com.br\/wp\/?page_id=2193","title":{"rendered":"Um ant\u00eddoto divino"},"content":{"rendered":"\n<div class=\"wp-block-image\"><figure class=\"aligncenter size-large\"><img loading=\"lazy\" decoding=\"async\" width=\"700\" height=\"352\" src=\"https:\/\/tmarchives.com.br\/wp\/wp-content\/uploads\/2021\/05\/imagem113.jpg\" alt=\"\" class=\"wp-image-2501\" srcset=\"https:\/\/tmarchives.com.br\/wp\/wp-content\/uploads\/2021\/05\/imagem113.jpg 700w, https:\/\/tmarchives.com.br\/wp\/wp-content\/uploads\/2021\/05\/imagem113-300x151.jpg 300w\" sizes=\"auto, (max-width: 700px) 100vw, 700px\" \/><\/figure><\/div>\n\n\n\n<figure class=\"wp-block-pullquote is-style-default\" style=\"border-color:#0693e3\"><blockquote><p align=\"Justify\">&#8220;Uma das fun\u00e7\u00f5es do humor \u00e9 ajudar a todos n\u00f3s a nos levarmos menos a s\u00e9rio. O humor \u00e9 o ant\u00eddoto divino para a exalta\u00e7\u00e3o do ego.&#8221;<\/p><\/blockquote><\/figure>\n\n\n\n<p class=\"has-text-align-center\"><a class=\"pag\" href=\"http:\/\/r20.rs6.net\/tn.jsp?f=001OjcDx0symoxEBSeHkXKoywRxfcjbTVPXGa22owVhe0Nq8v_slWu3Nt3QjiOn7mwvS-w-ezRiUqByvYgcYScrn-FRUaNBXeYICWJ1ozFG2wS6fF1zdg00tAM0Y6iR4BkAZ3LsuzBFV8C5OroTGNhTv3S4ss3-BbgR3nAqvyriVFvj5Ha3vjSu8qHzedp3j7e2FGAgIyZCNlgfmE6udXoFSNh7kAuY6V1o&amp;c=nqC4sd-aehGN3NC0FhhDbFjF6Q96eguk0mIoPnRMqZAR8hzTeQqTDA==&amp;ch=0JJYOAqT0gk9jyHD4xD4d_rDgSNERTge-F7Jj_-vILC3ASM-sftpzQ==\" target=\"_blank\" rel=\"noreferrer noopener\">(48:4.15) 549.2<\/a><\/p>\n\n\n\n<p>Fonte:<\/p>\n\n\n\n<p align=\"center\"><strong><a href=\"https:\/\/www.urantia.org\/\"  class=\"pag\">Urantia Foundation | 533 Diversey Parkway, Chicago, IL 60614<\/a><\/strong><\/p><\/p>\n\n\n<p class=\"has-text-align-right\">\n<\/p><p style=\"text-align: right;\"><a class=\"pag\" href=\"https:\/\/tmarchives.com.br\/wp\/?page_id=1340\">Voltar<\/a><\/p>\n\n\n<p><\/p>\n","protected":false},"excerpt":{"rendered":"<p>&#8220;Uma das fun\u00e7\u00f5es do humor \u00e9 ajudar a todos n\u00f3s a nos levarmos menos a s\u00e9rio. O humor \u00e9 o ant\u00eddoto divino para a exalta\u00e7\u00e3o do ego.&#8221; (48:4.15) 549.2 Fonte: Urantia Foundation | 533 Diversey Parkway, Chicago, IL 60614 Voltar<\/p>\n","protected":false},"author":1,"featured_media":0,"parent":0,"menu_order":0,"comment_status":"closed","ping_status":"closed","template":"","meta":{"footnotes":""},"class_list":["post-2193","page","type-page","status-publish","hentry"],"_links":{"self":[{"href":"https:\/\/tmarchives.com.br\/wp\/index.php?rest_route=\/wp\/v2\/pages\/2193","targetHints":{"allow":["GET"]}}],"collection":[{"href":"https:\/\/tmarchives.com.br\/wp\/index.php?rest_route=\/wp\/v2\/pages"}],"about":[{"href":"https:\/\/tmarchives.com.br\/wp\/index.php?rest_route=\/wp\/v2\/types\/page"}],"author":[{"embeddable":true,"href":"https:\/\/tmarchives.com.br\/wp\/index.php?rest_route=\/wp\/v2\/users\/1"}],"replies":[{"embeddable":true,"href":"https:\/\/tmarchives.com.br\/wp\/index.php?rest_route=%2Fwp%2Fv2%2Fcomments&post=2193"}],"version-history":[{"count":2,"href":"https:\/\/tmarchives.com.br\/wp\/index.php?rest_route=\/wp\/v2\/pages\/2193\/revisions"}],"predecessor-version":[{"id":2502,"href":"https:\/\/tmarchives.com.br\/wp\/index.php?rest_route=\/wp\/v2\/pages\/2193\/revisions\/2502"}],"wp:attachment":[{"href":"https:\/\/tmarchives.com.br\/wp\/index.php?rest_route=%2Fwp%2Fv2%2Fmedia&parent=2193"}],"curies":[{"name":"wp","href":"https:\/\/api.w.org\/{rel}","templated":true}]}}