{"id":2096,"date":"2021-03-28T14:02:38","date_gmt":"2021-03-28T14:02:38","guid":{"rendered":"https:\/\/tmarchives.com.br\/wp\/?page_id=2096"},"modified":"2021-03-28T14:03:09","modified_gmt":"2021-03-28T14:03:09","slug":"trabalho-em-equipe","status":"publish","type":"page","link":"https:\/\/tmarchives.com.br\/wp\/?page_id=2096","title":{"rendered":"Trabalho em equipe"},"content":{"rendered":"\n<div class=\"wp-block-image\"><figure class=\"aligncenter size-large\"><img loading=\"lazy\" decoding=\"async\" width=\"700\" height=\"302\" src=\"https:\/\/tmarchives.com.br\/wp\/wp-content\/uploads\/2021\/03\/imagem65.jpg\" alt=\"\" class=\"wp-image-2097\" srcset=\"https:\/\/tmarchives.com.br\/wp\/wp-content\/uploads\/2021\/03\/imagem65.jpg 700w, https:\/\/tmarchives.com.br\/wp\/wp-content\/uploads\/2021\/03\/imagem65-300x129.jpg 300w\" sizes=\"auto, (max-width: 700px) 100vw, 700px\" \/><\/figure><\/div>\n\n\n\n<figure class=\"wp-block-pullquote\" style=\"border-color:#0693e3\"><blockquote><p align=\"Justify\">&#8220;Uma das li\u00e7\u00f5es mais importantes a serem aprendidas durante sua carreira mortal \u00e9 o trabalho em equipe. As esferas da perfei\u00e7\u00e3o s\u00e3o administradas por aqueles que dominam esta arte de trabalhando com outros seres.&#8221;<\/p><\/blockquote><\/figure>\n\n\n\n<p class=\"has-text-align-center\"><a class=\"pag\" href=\"http:\/\/r20.rs6.net\/tn.jsp?f=00135pOjWAWdMzlHz8QEwcCjhEfUm7lOK9-xJMJM9OKne4-gTONBJDFtYyHEPCf4bCPfErlbdvB0T5hT00aNneMJ88fGkZQRVFYZUqH-7VrPImxeNsMikbESbRrnA3YeFQZMCN7zsH0HbQ5TdME-hXrwq8yS8D2KGj9KolDzlFsro9_h87smOxNHLJEzDfwoxdfNgmnTY2QVJkL22B11vkprfAP4jVrbdmYzbyVLu6nXS7qJDJCwx3jKPCQLRH5NcRA&amp;c=Jyvk6uYtGCIF4UNRJb51hFRQxyjST7jhFp3fyg9OwkFwMFrS_Zb03g==&amp;ch=2aj7LE7Lg81jwRiwjiNXFLdgmZKn755ykyzz-DgHHS5aBRERb4kmFQ==\" target=\"_blank\" rel=\"noreferrer noopener\">(28:5.14) 312.1<\/a><\/p>\n\n\n\n<p>Fonte:<\/p>\n\n\n\n<p align=\"center\"><strong><a href=\"https:\/\/www.urantia.org\/\"  class=\"pag\">Urantia Foundation | 533 Diversey Parkway, Chicago, IL 60614<\/a><\/strong><\/p><\/p>\n\n\n<p class=\"has-text-align-right\">\n<\/p><p style=\"text-align: right;\"><a class=\"pag\" href=\"https:\/\/tmarchives.com.br\/wp\/?page_id=1340\">Voltar<\/a><\/p>\n\n\n<p><\/p>\n","protected":false},"excerpt":{"rendered":"<p>&#8220;Uma das li\u00e7\u00f5es mais importantes a serem aprendidas durante sua carreira mortal \u00e9 o trabalho em equipe. As esferas da perfei\u00e7\u00e3o s\u00e3o administradas por aqueles que dominam esta arte de trabalhando com outros seres.&#8221; (28:5.14) 312.1 Fonte: Urantia Foundation | 533 Diversey Parkway, Chicago, IL [&hellip;]<\/p>\n","protected":false},"author":1,"featured_media":0,"parent":0,"menu_order":0,"comment_status":"closed","ping_status":"closed","template":"","meta":{"footnotes":""},"class_list":["post-2096","page","type-page","status-publish","hentry"],"_links":{"self":[{"href":"https:\/\/tmarchives.com.br\/wp\/index.php?rest_route=\/wp\/v2\/pages\/2096","targetHints":{"allow":["GET"]}}],"collection":[{"href":"https:\/\/tmarchives.com.br\/wp\/index.php?rest_route=\/wp\/v2\/pages"}],"about":[{"href":"https:\/\/tmarchives.com.br\/wp\/index.php?rest_route=\/wp\/v2\/types\/page"}],"author":[{"embeddable":true,"href":"https:\/\/tmarchives.com.br\/wp\/index.php?rest_route=\/wp\/v2\/users\/1"}],"replies":[{"embeddable":true,"href":"https:\/\/tmarchives.com.br\/wp\/index.php?rest_route=%2Fwp%2Fv2%2Fcomments&post=2096"}],"version-history":[{"count":1,"href":"https:\/\/tmarchives.com.br\/wp\/index.php?rest_route=\/wp\/v2\/pages\/2096\/revisions"}],"predecessor-version":[{"id":2098,"href":"https:\/\/tmarchives.com.br\/wp\/index.php?rest_route=\/wp\/v2\/pages\/2096\/revisions\/2098"}],"wp:attachment":[{"href":"https:\/\/tmarchives.com.br\/wp\/index.php?rest_route=%2Fwp%2Fv2%2Fmedia&parent=2096"}],"curies":[{"name":"wp","href":"https:\/\/api.w.org\/{rel}","templated":true}]}}