{"id":2090,"date":"2021-03-27T16:03:57","date_gmt":"2021-03-27T16:03:57","guid":{"rendered":"https:\/\/tmarchives.com.br\/wp\/?page_id=2090"},"modified":"2024-01-06T12:19:05","modified_gmt":"2024-01-06T12:19:05","slug":"um-pensamento-parte-2","status":"publish","type":"page","link":"https:\/\/tmarchives.com.br\/wp\/?page_id=2090","title":{"rendered":"Um pensamento &#8211; Parte III"},"content":{"rendered":"\n<p style=\"font-size:19px\"><strong>Pensamentos para refletir sobre O Livro de Ur\u00e2ntia<\/strong>.<\/p>\n\n\n\n<ol start=\"201\"><strong>\n<li> <a class=\"pag\" href=\"http:\/\/tmarchives.com.br\/wp\/?page_id=3525\">Consci\u00eancia de Filia\u00e7\u00e3o<\/a> <\/li>\n<li><a class=\"pag\" href=\"http:\/\/tmarchives.com.br\/wp\/?page_id=3529\">A Arte de Viver<\/a> <\/li> \n<li><a class=\"pag\" href=\"http:\/\/tmarchives.com.br\/wp\/?page_id=3534\">Indiv\u00edduos nascidos do esp\u00edrito<\/a> <\/li> \n<li><a class=\"pag\" href=\"http:\/\/tmarchives.com.br\/wp\/?page_id=3539\">Deus compreendeu<\/a> <\/li> \n<li><a class=\"pag\" href=\"http:\/\/tmarchives.com.br\/wp\/?page_id=3544\">Ora\u00e7\u00e3o<\/a> <\/li> \n<li><a class=\"pag\" href=\"http:\/\/tmarchives.com.br\/wp\/?page_id=3549\">Apelando para o Esp\u00edrito<\/a> <\/li> \n<li><a class=\"pag\" href=\"http:\/\/tmarchives.com.br\/wp\/?page_id=3554\">Religi\u00e3o e Valores<\/a> <\/li> \n<li><a class=\"pag\" href=\"http:\/\/tmarchives.com.br\/wp\/?page_id=3559\">Venenos mentais<\/a> <\/li> \n<li><a class=\"pag\" href=\"http:\/\/tmarchives.com.br\/wp\/?page_id=3565\">Feliz anivers\u00e1rio, Jesus!<\/a> <\/li> \n<li><a class=\"pag\" href=\"http:\/\/tmarchives.com.br\/wp\/?page_id=3571\">Uni\u00e3o de F\u00e9 com Jesus<\/a> <\/li> \n<li><a class=\"pag\" href=\"http:\/\/tmarchives.com.br\/wp\/?page_id=3576\">Paz com Deus<\/a> <\/li>  \n<li><a class=\"pag\" href=\"http:\/\/tmarchives.com.br\/wp\/?page_id=3580\">Novos L\u00edderes<\/a> <\/li>  \n<li><a class=\"pag\" href=\"http:\/\/tmarchives.com.br\/wp\/?page_id=3584\">O passado e o futuro<\/a> <\/li>  \n<li><a class=\"pag\" href=\"http:\/\/tmarchives.com.br\/wp\/?page_id=3589\">Para viver Divinamente<\/a> <\/li> \n<li><a class=\"pag\" href=\"http:\/\/tmarchives.com.br\/wp\/?page_id=3594\">A Fraternidade Espiritual<\/a> <\/li> \n<li><a class=\"pag\" href=\"http:\/\/tmarchives.com.br\/wp\/?page_id=3599\">Paz soberba<\/a> <\/li> \n<li><a class=\"pag\" href=\"http:\/\/tmarchives.com.br\/wp\/?page_id=3608\">Homens e mulheres<\/a> <\/li> \n<li><a class=\"pag\" href=\"http:\/\/tmarchives.com.br\/wp\/?page_id=3614\">A vontade que acredita<\/a> <\/li> \n<li><a class=\"pag\" href=\"http:\/\/tmarchives.com.br\/wp\/?page_id=3619\">Amor de pai<\/a> <\/li> \n<li><a class=\"pag\" href=\"http:\/\/tmarchives.com.br\/wp\/?page_id=3624\">O Libertador do Mundo<\/a> <\/li> \n<li><a class=\"pag\" href=\"http:\/\/tmarchives.com.br\/wp\/?page_id=3631\">Liberal e Grande Cora\u00e7\u00e3o<\/a> <\/li> \n<li><a class=\"pag\" href=\"http:\/\/tmarchives.com.br\/wp\/?page_id=6336\">Crescimento Educacional<\/a> <\/li> \n<li><a class=\"pag\" href=\"http:\/\/tmarchives.com.br\/wp\/?page_id=6341\">Um administrador s\u00e1bio<\/a> <\/li> \n<li><a class=\"pag\" href=\"http:\/\/tmarchives.com.br\/wp\/?page_id=6347\">Vontade<\/a> <\/li> \n<li><a class=\"pag\" href=\"http:\/\/tmarchives.com.br\/wp\/?page_id=6354\">Crer como Jesus Acreditava<\/a><\/li>\n<li><a class=\"pag\" href=\"http:\/\/tmarchives.com.br\/wp\/?page_id=6360\">Como entramos no Reino<\/a> <\/li>  \n<li><a class=\"pag\" href=\"http:\/\/tmarchives.com.br\/wp\/?page_id=6369\">Sem fim<\/a> <\/li>\n<li><a class=\"pag\" href=\"http:\/\/tmarchives.com.br\/wp\/?page_id=6382\">Como Jesus nos via<\/a> <\/li>\n <\/strong><\/ol>\n\n\n\n<p class=\"has-text-align-right\">&nbsp;<\/p>\n<p style=\"text-align: right;\"><a class=\"pag\" href=\"https:\/\/tmarchives.com.br\/wp\/?page_id=1340\">Anteriores<\/a>| <a class=\"pag\" href=\"https:\/\/tmarchives.com.br\/wp\/?page_id=2090\">Pr\u00f3ximos<\/a><\/p>\n","protected":false},"excerpt":{"rendered":"<p>Pensamentos para refletir sobre O Livro de Ur\u00e2ntia. Consci\u00eancia de Filia\u00e7\u00e3o A Arte de Viver Indiv\u00edduos nascidos do esp\u00edrito Deus compreendeu Ora\u00e7\u00e3o Apelando para o Esp\u00edrito Religi\u00e3o e Valores Venenos mentais Feliz anivers\u00e1rio, Jesus! Uni\u00e3o de F\u00e9 com Jesus Paz com Deus Novos L\u00edderes O [&hellip;]<\/p>\n","protected":false},"author":1,"featured_media":0,"parent":0,"menu_order":0,"comment_status":"closed","ping_status":"closed","template":"","meta":{"footnotes":""},"class_list":["post-2090","page","type-page","status-publish","hentry"],"_links":{"self":[{"href":"https:\/\/tmarchives.com.br\/wp\/index.php?rest_route=\/wp\/v2\/pages\/2090","targetHints":{"allow":["GET"]}}],"collection":[{"href":"https:\/\/tmarchives.com.br\/wp\/index.php?rest_route=\/wp\/v2\/pages"}],"about":[{"href":"https:\/\/tmarchives.com.br\/wp\/index.php?rest_route=\/wp\/v2\/types\/page"}],"author":[{"embeddable":true,"href":"https:\/\/tmarchives.com.br\/wp\/index.php?rest_route=\/wp\/v2\/users\/1"}],"replies":[{"embeddable":true,"href":"https:\/\/tmarchives.com.br\/wp\/index.php?rest_route=%2Fwp%2Fv2%2Fcomments&post=2090"}],"version-history":[{"count":43,"href":"https:\/\/tmarchives.com.br\/wp\/index.php?rest_route=\/wp\/v2\/pages\/2090\/revisions"}],"predecessor-version":[{"id":6385,"href":"https:\/\/tmarchives.com.br\/wp\/index.php?rest_route=\/wp\/v2\/pages\/2090\/revisions\/6385"}],"wp:attachment":[{"href":"https:\/\/tmarchives.com.br\/wp\/index.php?rest_route=%2Fwp%2Fv2%2Fmedia&parent=2090"}],"curies":[{"name":"wp","href":"https:\/\/api.w.org\/{rel}","templated":true}]}}