{"id":1958,"date":"2021-03-11T14:01:09","date_gmt":"2021-03-11T14:01:09","guid":{"rendered":"https:\/\/tmarchives.com.br\/wp\/?page_id=1958"},"modified":"2021-03-11T14:01:09","modified_gmt":"2021-03-11T14:01:09","slug":"respeito-parental","status":"publish","type":"page","link":"https:\/\/tmarchives.com.br\/wp\/?page_id=1958","title":{"rendered":"Respeito Parental"},"content":{"rendered":"\n<div class=\"wp-block-image\"><figure class=\"aligncenter size-large\"><img loading=\"lazy\" decoding=\"async\" width=\"700\" height=\"271\" src=\"https:\/\/tmarchives.com.br\/wp\/wp-content\/uploads\/2021\/03\/imagem48.jpg\" alt=\"\" class=\"wp-image-1959\" srcset=\"https:\/\/tmarchives.com.br\/wp\/wp-content\/uploads\/2021\/03\/imagem48.jpg 700w, https:\/\/tmarchives.com.br\/wp\/wp-content\/uploads\/2021\/03\/imagem48-300x116.jpg 300w\" sizes=\"auto, (max-width: 700px) 100vw, 700px\" \/><\/figure><\/div>\n\n\n\n<figure class=\"wp-block-pullquote\" style=\"border-color:#0693e3\"><blockquote><p align=\"Justify\">&#8221; O respeito da crian\u00e7a pelos seus pais surge, n\u00e3o do conhecimento da obriga\u00e7\u00e3o que \u00e9 gerada pela procria\u00e7\u00e3o parental, mas cresce naturalmente, como resultado dos cuidados, da educa\u00e7\u00e3o e do afeto, demonstrados amorosamente na assist\u00eancia dada \u00e0 crian\u00e7a para vencer a batalha da vida.&#8221;<\/p><\/blockquote><\/figure>\n\n\n\n<p class=\"has-text-align-center\"><a class=\"pag\" href=\"http:\/\/r20.rs6.net\/tn.jsp?f=001TPkBMbX7U8FRaVgDhqNCszyAOWpk83l983ovv6hD9vYyC5qzqcYBHyrfp6AZsLi7-EwtLxkWvtE64P8qLwfcorsxIjjZ5bGBaus-pg2ss1wvtYATs72l77SEwIIPvLxDUNGNULgTZ9I5zmeV0ujjJjsPyClGsbwUN_UyUDQM8b03fWEpwMdep9evzSyc3Sz5sv_WnsyUU7vU0IzcVGOqNeNe_EP916slXPSP7H3SDx1xZzh247hACA==&amp;c=EGisx-gE4pjA3DoLO_Vw82R24oLedsYCOpkQz3kwT05YsHICdY9BiQ==&amp;ch=D7vJ30_h2SCoAnBOStJn1KVUDt3xFnMTBT8U9Xl5w_0jYBcQQVSRjA==\" target=\"_blank\" rel=\"noreferrer noopener\">(84:7.26) 941.7<\/a><\/p>\n\n\n\n<p>Fonte:<\/p>\n\n\n\n<p align=\"center\"><strong><a href=\"https:\/\/www.urantia.org\/\"  class=\"pag\">Urantia Foundation | 533 Diversey Parkway, Chicago, IL 60614<\/a><\/strong><\/p><\/p>\n\n\n<p class=\"has-text-align-right\">\n<\/p><p style=\"text-align: right;\"><a class=\"pag\" href=\"https:\/\/tmarchives.com.br\/wp\/?page_id=1340\">Voltar<\/a><\/p>\n\n\n<p><\/p>\n","protected":false},"excerpt":{"rendered":"<p>&#8221; O respeito da crian\u00e7a pelos seus pais surge, n\u00e3o do conhecimento da obriga\u00e7\u00e3o que \u00e9 gerada pela procria\u00e7\u00e3o parental, mas cresce naturalmente, como resultado dos cuidados, da educa\u00e7\u00e3o e do afeto, demonstrados amorosamente na assist\u00eancia dada \u00e0 crian\u00e7a para vencer a batalha da vida.&#8221; [&hellip;]<\/p>\n","protected":false},"author":1,"featured_media":0,"parent":0,"menu_order":0,"comment_status":"closed","ping_status":"closed","template":"","meta":{"footnotes":""},"class_list":["post-1958","page","type-page","status-publish","hentry"],"_links":{"self":[{"href":"https:\/\/tmarchives.com.br\/wp\/index.php?rest_route=\/wp\/v2\/pages\/1958","targetHints":{"allow":["GET"]}}],"collection":[{"href":"https:\/\/tmarchives.com.br\/wp\/index.php?rest_route=\/wp\/v2\/pages"}],"about":[{"href":"https:\/\/tmarchives.com.br\/wp\/index.php?rest_route=\/wp\/v2\/types\/page"}],"author":[{"embeddable":true,"href":"https:\/\/tmarchives.com.br\/wp\/index.php?rest_route=\/wp\/v2\/users\/1"}],"replies":[{"embeddable":true,"href":"https:\/\/tmarchives.com.br\/wp\/index.php?rest_route=%2Fwp%2Fv2%2Fcomments&post=1958"}],"version-history":[{"count":1,"href":"https:\/\/tmarchives.com.br\/wp\/index.php?rest_route=\/wp\/v2\/pages\/1958\/revisions"}],"predecessor-version":[{"id":1960,"href":"https:\/\/tmarchives.com.br\/wp\/index.php?rest_route=\/wp\/v2\/pages\/1958\/revisions\/1960"}],"wp:attachment":[{"href":"https:\/\/tmarchives.com.br\/wp\/index.php?rest_route=%2Fwp%2Fv2%2Fmedia&parent=1958"}],"curies":[{"name":"wp","href":"https:\/\/api.w.org\/{rel}","templated":true}]}}