{"id":1903,"date":"2021-03-07T13:07:51","date_gmt":"2021-03-07T13:07:51","guid":{"rendered":"https:\/\/tmarchives.com.br\/wp\/?page_id=1903"},"modified":"2021-03-07T13:07:52","modified_gmt":"2021-03-07T13:07:52","slug":"realizacao-pessoal","status":"publish","type":"page","link":"https:\/\/tmarchives.com.br\/wp\/?page_id=1903","title":{"rendered":"Realiza\u00e7\u00e3o pessoal"},"content":{"rendered":"\n<div class=\"wp-block-image\"><figure class=\"aligncenter size-large\"><img loading=\"lazy\" decoding=\"async\" width=\"700\" height=\"382\" src=\"https:\/\/tmarchives.com.br\/wp\/wp-content\/uploads\/2021\/03\/imagem44.jpg\" alt=\"\" class=\"wp-image-1904\" srcset=\"https:\/\/tmarchives.com.br\/wp\/wp-content\/uploads\/2021\/03\/imagem44.jpg 700w, https:\/\/tmarchives.com.br\/wp\/wp-content\/uploads\/2021\/03\/imagem44-300x164.jpg 300w\" sizes=\"auto, (max-width: 700px) 100vw, 700px\" \/><\/figure><\/div>\n\n\n\n<figure class=\"wp-block-pullquote\" style=\"border-color:#0693e3\"><blockquote><p align=\"Justify\">&#8220;Os n\u00edveis mais elevados de auto-realiza\u00e7\u00e3o s\u00e3o alcan\u00e7ados pela adora\u00e7\u00e3o e o servi\u00e7o.&#8221;<\/p><\/blockquote><\/figure>\n\n\n\n<p class=\"has-text-align-center\"><a class=\"pag\" href=\"http:\/\/www.tmarcuives.com.br\" target=\"_blank\" rel=\"noreferrer noopener\">(140:4.6) 1572.6<\/a><\/p>\n\n\n\n<p>Fonte:<\/p>\n\n\n\n<p align=\"center\"><strong><a href=\"https:\/\/www.urantia.org\/\"  class=\"pag\">Urantia Foundation | 533 Diversey Parkway, Chicago, IL 60614<\/a><\/strong><\/p><\/p>\n\n\n<p class=\"has-text-align-right\">\n<\/p><p style=\"text-align: right;\"><a class=\"pag\" href=\"https:\/\/tmarchives.com.br\/wp\/?page_id=1340\">Voltar<\/a><\/p>\n\n\n<p><\/p>\n","protected":false},"excerpt":{"rendered":"<p>&#8220;Os n\u00edveis mais elevados de auto-realiza\u00e7\u00e3o s\u00e3o alcan\u00e7ados pela adora\u00e7\u00e3o e o servi\u00e7o.&#8221; (140:4.6) 1572.6 Fonte: Urantia Foundation | 533 Diversey Parkway, Chicago, IL 60614 Voltar<\/p>\n","protected":false},"author":1,"featured_media":0,"parent":0,"menu_order":0,"comment_status":"closed","ping_status":"closed","template":"","meta":{"footnotes":""},"class_list":["post-1903","page","type-page","status-publish","hentry"],"_links":{"self":[{"href":"https:\/\/tmarchives.com.br\/wp\/index.php?rest_route=\/wp\/v2\/pages\/1903","targetHints":{"allow":["GET"]}}],"collection":[{"href":"https:\/\/tmarchives.com.br\/wp\/index.php?rest_route=\/wp\/v2\/pages"}],"about":[{"href":"https:\/\/tmarchives.com.br\/wp\/index.php?rest_route=\/wp\/v2\/types\/page"}],"author":[{"embeddable":true,"href":"https:\/\/tmarchives.com.br\/wp\/index.php?rest_route=\/wp\/v2\/users\/1"}],"replies":[{"embeddable":true,"href":"https:\/\/tmarchives.com.br\/wp\/index.php?rest_route=%2Fwp%2Fv2%2Fcomments&post=1903"}],"version-history":[{"count":1,"href":"https:\/\/tmarchives.com.br\/wp\/index.php?rest_route=\/wp\/v2\/pages\/1903\/revisions"}],"predecessor-version":[{"id":1905,"href":"https:\/\/tmarchives.com.br\/wp\/index.php?rest_route=\/wp\/v2\/pages\/1903\/revisions\/1905"}],"wp:attachment":[{"href":"https:\/\/tmarchives.com.br\/wp\/index.php?rest_route=%2Fwp%2Fv2%2Fmedia&parent=1903"}],"curies":[{"name":"wp","href":"https:\/\/api.w.org\/{rel}","templated":true}]}}