{"id":1806,"date":"2021-03-01T12:10:16","date_gmt":"2021-03-01T12:10:16","guid":{"rendered":"https:\/\/tmarchives.com.br\/wp\/?page_id=1806"},"modified":"2021-03-01T12:10:16","modified_gmt":"2021-03-01T12:10:16","slug":"ideais-de-jesus","status":"publish","type":"page","link":"https:\/\/tmarchives.com.br\/wp\/?page_id=1806","title":{"rendered":"Ideais de Jesus"},"content":{"rendered":"\n<div class=\"wp-block-image\"><figure class=\"aligncenter size-large\"><img loading=\"lazy\" decoding=\"async\" width=\"700\" height=\"351\" src=\"https:\/\/tmarchives.com.br\/wp\/wp-content\/uploads\/2021\/03\/imagem38.jpg\" alt=\"\" class=\"wp-image-1807\" srcset=\"https:\/\/tmarchives.com.br\/wp\/wp-content\/uploads\/2021\/03\/imagem38.jpg 700w, https:\/\/tmarchives.com.br\/wp\/wp-content\/uploads\/2021\/03\/imagem38-300x150.jpg 300w\" sizes=\"auto, (max-width: 700px) 100vw, 700px\" \/><\/figure><\/div>\n\n\n\n<figure class=\"wp-block-pullquote\" style=\"border-color:#0693e3\"><blockquote><p align=\"Justify\">&#8220;Jesus abominava a ideia de retalia\u00e7\u00e3o ou de se tornar apenas um sofredor passivo ou v\u00edtima de injusti\u00e7a.&#8221;<\/p><\/blockquote><\/figure>\n\n\n\n<p class=\"has-text-align-center\"><a class=\"pag\" href=\"http:\/\/r20.rs6.net\/tn.jsp?f=001hwj0IkpVOFU7a49XAlOkMVxQQ_0zS-8z5nllUXs_O0BZ2WMn8sIMM8KPAsYXu4WiZxrfy7wnVHDGivzaVAQXK6jbCuAN5nonjQ_Y47E2F8jUR7Bsrxf7xQuhbrJZ8fkE0lghd2xan7RmE7xZFyJRCgGFH11NRIraMpqVaoHXo-z2_RSNw0AptifiLrrJlHqKiDELZhAXL0ibGcVZ7VrQYo2l3sc8rp3uRapAfmeaAmE=&amp;c=V5MAWpKp_VqCZizuIRrYqsuNJ-NJ7_1RPf8rkYCWl1uyOlxAQyiokA==&amp;ch=GWI5SE6zuMlP6k_I0J3hV0oHmHUQmBs6Ljj6oGpvyG4_jEzxDFKrMQ==\" target=\"_blank\" rel=\"noreferrer noopener\">(159:5.11) 1770.3<\/a><\/p>\n\n\n\n<p>Fonte:<\/p>\n\n\n\n<p align=\"center\"><strong><a href=\"https:\/\/www.urantia.org\/\"  class=\"pag\">Urantia Foundation | 533 Diversey Parkway, Chicago, IL 60614<\/a><\/strong><\/p><\/p>\n\n\n<p class=\"has-text-align-right\">\n<\/p><p style=\"text-align: right;\"><a class=\"pag\" href=\"https:\/\/tmarchives.com.br\/wp\/?page_id=1340\">Voltar<\/a><\/p>\n\n\n<p><\/p>\n","protected":false},"excerpt":{"rendered":"<p>&#8220;Jesus abominava a ideia de retalia\u00e7\u00e3o ou de se tornar apenas um sofredor passivo ou v\u00edtima de injusti\u00e7a.&#8221; (159:5.11) 1770.3 Fonte: Urantia Foundation | 533 Diversey Parkway, Chicago, IL 60614 Voltar<\/p>\n","protected":false},"author":1,"featured_media":0,"parent":0,"menu_order":0,"comment_status":"closed","ping_status":"closed","template":"","meta":{"footnotes":""},"class_list":["post-1806","page","type-page","status-publish","hentry"],"_links":{"self":[{"href":"https:\/\/tmarchives.com.br\/wp\/index.php?rest_route=\/wp\/v2\/pages\/1806","targetHints":{"allow":["GET"]}}],"collection":[{"href":"https:\/\/tmarchives.com.br\/wp\/index.php?rest_route=\/wp\/v2\/pages"}],"about":[{"href":"https:\/\/tmarchives.com.br\/wp\/index.php?rest_route=\/wp\/v2\/types\/page"}],"author":[{"embeddable":true,"href":"https:\/\/tmarchives.com.br\/wp\/index.php?rest_route=\/wp\/v2\/users\/1"}],"replies":[{"embeddable":true,"href":"https:\/\/tmarchives.com.br\/wp\/index.php?rest_route=%2Fwp%2Fv2%2Fcomments&post=1806"}],"version-history":[{"count":2,"href":"https:\/\/tmarchives.com.br\/wp\/index.php?rest_route=\/wp\/v2\/pages\/1806\/revisions"}],"predecessor-version":[{"id":1809,"href":"https:\/\/tmarchives.com.br\/wp\/index.php?rest_route=\/wp\/v2\/pages\/1806\/revisions\/1809"}],"wp:attachment":[{"href":"https:\/\/tmarchives.com.br\/wp\/index.php?rest_route=%2Fwp%2Fv2%2Fmedia&parent=1806"}],"curies":[{"name":"wp","href":"https:\/\/api.w.org\/{rel}","templated":true}]}}