{"id":1749,"date":"2021-02-24T13:32:47","date_gmt":"2021-02-24T13:32:47","guid":{"rendered":"https:\/\/tmarchives.com.br\/wp\/?page_id=1749"},"modified":"2021-02-24T13:36:59","modified_gmt":"2021-02-24T13:36:59","slug":"esforco-intenso","status":"publish","type":"page","link":"https:\/\/tmarchives.com.br\/wp\/?page_id=1749","title":{"rendered":"Esfor\u00e7o Intenso"},"content":{"rendered":"\n<div class=\"wp-block-image\"><figure class=\"aligncenter size-large\"><img loading=\"lazy\" decoding=\"async\" width=\"700\" height=\"358\" src=\"https:\/\/tmarchives.com.br\/wp\/wp-content\/uploads\/2021\/02\/imagem33.jpg\" alt=\"\" class=\"wp-image-1750\" srcset=\"https:\/\/tmarchives.com.br\/wp\/wp-content\/uploads\/2021\/02\/imagem33.jpg 700w, https:\/\/tmarchives.com.br\/wp\/wp-content\/uploads\/2021\/02\/imagem33-300x153.jpg 300w\" sizes=\"auto, (max-width: 700px) 100vw, 700px\" \/><\/figure><\/div>\n\n\n\n<figure class=\"wp-block-pullquote\" style=\"border-color:#0693e3\"><blockquote><p align=\"Justify\">&#8220;E essa luta intensa para alcan\u00e7ar ideais supramortais \u00e9 sempre caracterizada por uma paci\u00eancia crescente na indulg\u00eancia, fortaleza e toler\u00e2ncia.&#8221;<\/p><\/blockquote><\/figure>\n\n\n\n<p class=\"has-text-align-center\"><a class=\"pag\" href=\"http:\/\/r20.rs6.net\/tn.jsp?f=001Br-NCzHhtGE1fGuWzJkDW-p4az6GGgmpS5L3CAHlxW3YgS0n9Nu54OjIoghaN10rUP8LrPZv-r-ckqg3zssiORZ_4FZRIzz1kuGu1iPmdU6tWflK2sTg7obAiqqBUzP08Gbx1Mazq9wPItsrmOtm6mqLTkWr7E1gRqRrNTDkhdw8AuEIiWne884kDrAVwltYy4gPYtsTXWE2Tk8COxONuWqh0h90lMgSbIU_d4y-zy80gX8PXMgOsw==&amp;c=8iMcGhA6ItjydTmDp2fXb3wEUZtQ8rBgcO0nsPKY36MHdNQF3-OV6A==&amp;ch=sssNYb54vrktxTIwT0nuzHPiyAC_mMtHPgptgoLmIQ-s-alT2u0x0g==\" target=\"_blank\" rel=\"noreferrer noopener\">(100:6.4) 1100.6<\/a><\/p>\n\n\n\n<p>Fonte:<\/p>\n\n\n\n<p align=\"center\"><strong><a href=\"https:\/\/www.urantia.org\/\"  class=\"pag\">Urantia Foundation | 533 Diversey Parkway, Chicago, IL 60614<\/a><\/strong><\/p><\/p>\n\n\n<p class=\"has-text-align-right\">\n<\/p><p style=\"text-align: right;\"><a class=\"pag\" href=\"https:\/\/tmarchives.com.br\/wp\/?page_id=1340\">Voltar<\/a><\/p>\n\n\n<p><\/p>\n","protected":false},"excerpt":{"rendered":"<p>&#8220;E essa luta intensa para alcan\u00e7ar ideais supramortais \u00e9 sempre caracterizada por uma paci\u00eancia crescente na indulg\u00eancia, fortaleza e toler\u00e2ncia.&#8221; (100:6.4) 1100.6 Fonte: Urantia Foundation | 533 Diversey Parkway, Chicago, IL 60614 Voltar<\/p>\n","protected":false},"author":1,"featured_media":0,"parent":0,"menu_order":0,"comment_status":"closed","ping_status":"closed","template":"","meta":{"footnotes":""},"class_list":["post-1749","page","type-page","status-publish","hentry"],"_links":{"self":[{"href":"https:\/\/tmarchives.com.br\/wp\/index.php?rest_route=\/wp\/v2\/pages\/1749","targetHints":{"allow":["GET"]}}],"collection":[{"href":"https:\/\/tmarchives.com.br\/wp\/index.php?rest_route=\/wp\/v2\/pages"}],"about":[{"href":"https:\/\/tmarchives.com.br\/wp\/index.php?rest_route=\/wp\/v2\/types\/page"}],"author":[{"embeddable":true,"href":"https:\/\/tmarchives.com.br\/wp\/index.php?rest_route=\/wp\/v2\/users\/1"}],"replies":[{"embeddable":true,"href":"https:\/\/tmarchives.com.br\/wp\/index.php?rest_route=%2Fwp%2Fv2%2Fcomments&post=1749"}],"version-history":[{"count":3,"href":"https:\/\/tmarchives.com.br\/wp\/index.php?rest_route=\/wp\/v2\/pages\/1749\/revisions"}],"predecessor-version":[{"id":1754,"href":"https:\/\/tmarchives.com.br\/wp\/index.php?rest_route=\/wp\/v2\/pages\/1749\/revisions\/1754"}],"wp:attachment":[{"href":"https:\/\/tmarchives.com.br\/wp\/index.php?rest_route=%2Fwp%2Fv2%2Fmedia&parent=1749"}],"curies":[{"name":"wp","href":"https:\/\/api.w.org\/{rel}","templated":true}]}}