{"id":1729,"date":"2021-02-20T14:32:21","date_gmt":"2021-02-20T14:32:21","guid":{"rendered":"https:\/\/tmarchives.com.br\/wp\/?page_id=1729"},"modified":"2021-02-20T14:32:21","modified_gmt":"2021-02-20T14:32:21","slug":"fortuna","status":"publish","type":"page","link":"https:\/\/tmarchives.com.br\/wp\/?page_id=1729","title":{"rendered":"Fortuna"},"content":{"rendered":"\n<div class=\"wp-block-image\"><figure class=\"aligncenter size-large\"><img loading=\"lazy\" decoding=\"async\" width=\"700\" height=\"359\" src=\"https:\/\/tmarchives.com.br\/wp\/wp-content\/uploads\/2021\/02\/imagem29.jpg\" alt=\"\" class=\"wp-image-1730\" srcset=\"https:\/\/tmarchives.com.br\/wp\/wp-content\/uploads\/2021\/02\/imagem29.jpg 700w, https:\/\/tmarchives.com.br\/wp\/wp-content\/uploads\/2021\/02\/imagem29-300x154.jpg 300w\" sizes=\"auto, (max-width: 700px) 100vw, 700px\" \/><\/figure><\/div>\n\n\n\n<figure class=\"wp-block-pullquote\" style=\"border-color:#0693e3\"><blockquote><p align=\"Justify\">&#8220;A riqueza n\u00e3o \u00e9 um dom natural; ela resulta do trabalho, do conhecimento e da organiza\u00e7\u00e3o.&#8221;<\/p><\/blockquote><\/figure>\n\n\n\n<p class=\"has-text-align-center\"><a class=\"pag\" href=\"\/\/r20.rs6.net\/tn.jsp?f=001YP7D3OmM0w6olzz7oxLSdopyNgx3huF3TN7nzZr5XxlwFu0SmkYPZfLsNO3jwDa90RXzdN1X_FJU_FChQz3ciFKdsXbIYpBjlXXQQhNgURhLYIy7Eh8bwzaa56luCNVysoLyv93PHT06RzdCeb06TimLL98HJ91VyOAjpi5igYqN6Zh6YhPFNm5LBBgdH90GynmtLSPhnIIrZzwSNmVPMQg47pVtDfsMgSgtNwtcXugrl-0V4GTL-Q==&amp;c=swXm6URafcQyeFS_JqOtd9Y-_O80EtAS9vRI2GF5EbDBaGkJtpiSYA==&amp;ch=MZ4SYSBfHAPsxGipfotrFc0RHws9WQYoo6sUV0T8zG5ZdZjfqOJ4Cw==\" target=\"_blank\" rel=\"noreferrer noopener\">(69:2.2) 773.3<\/a><\/p>\n\n\n\n<p>Fonte:<\/p>\n\n\n\n<p align=\"center\"><strong><a href=\"https:\/\/www.urantia.org\/\"  class=\"pag\">Urantia Foundation | 533 Diversey Parkway, Chicago, IL 60614<\/a><\/strong><\/p><\/p>\n\n\n<p class=\"has-text-align-right\">\n<\/p><p style=\"text-align: right;\"><a class=\"pag\" href=\"https:\/\/tmarchives.com.br\/wp\/?page_id=1340\">Voltar<\/a><\/p>\n\n\n<p><\/p>\n","protected":false},"excerpt":{"rendered":"<p>&#8220;A riqueza n\u00e3o \u00e9 um dom natural; ela resulta do trabalho, do conhecimento e da organiza\u00e7\u00e3o.&#8221; (69:2.2) 773.3 Fonte: Urantia Foundation | 533 Diversey Parkway, Chicago, IL 60614 Voltar<\/p>\n","protected":false},"author":1,"featured_media":0,"parent":0,"menu_order":0,"comment_status":"closed","ping_status":"closed","template":"","meta":{"footnotes":""},"class_list":["post-1729","page","type-page","status-publish","hentry"],"_links":{"self":[{"href":"https:\/\/tmarchives.com.br\/wp\/index.php?rest_route=\/wp\/v2\/pages\/1729","targetHints":{"allow":["GET"]}}],"collection":[{"href":"https:\/\/tmarchives.com.br\/wp\/index.php?rest_route=\/wp\/v2\/pages"}],"about":[{"href":"https:\/\/tmarchives.com.br\/wp\/index.php?rest_route=\/wp\/v2\/types\/page"}],"author":[{"embeddable":true,"href":"https:\/\/tmarchives.com.br\/wp\/index.php?rest_route=\/wp\/v2\/users\/1"}],"replies":[{"embeddable":true,"href":"https:\/\/tmarchives.com.br\/wp\/index.php?rest_route=%2Fwp%2Fv2%2Fcomments&post=1729"}],"version-history":[{"count":1,"href":"https:\/\/tmarchives.com.br\/wp\/index.php?rest_route=\/wp\/v2\/pages\/1729\/revisions"}],"predecessor-version":[{"id":1731,"href":"https:\/\/tmarchives.com.br\/wp\/index.php?rest_route=\/wp\/v2\/pages\/1729\/revisions\/1731"}],"wp:attachment":[{"href":"https:\/\/tmarchives.com.br\/wp\/index.php?rest_route=%2Fwp%2Fv2%2Fmedia&parent=1729"}],"curies":[{"name":"wp","href":"https:\/\/api.w.org\/{rel}","templated":true}]}}