{"id":153,"date":"2019-09-03T18:03:31","date_gmt":"2019-09-03T18:03:31","guid":{"rendered":"http:\/\/tmarchives.com.br\/?page_id=153"},"modified":"2025-10-05T17:18:25","modified_gmt":"2025-10-05T20:18:25","slug":"introducao","status":"publish","type":"page","link":"https:\/\/tmarchives.com.br\/wp\/?page_id=153","title":{"rendered":"Introdu\u00e7\u00e3o"},"content":{"rendered":"\n<p><strong>Sejam bem-vindos(as)!<\/strong><br>Este site era inicialmente um arquivo de transcri\u00e7\u00e3o das li\u00e7\u00f5es da Miss\u00e3o Instrutora, transmitidas para muitos grupos de estudantes atrav\u00e9s dos anos, mas evoluiu para abranger mais de perto O Livro de Ur\u00e2ntia. Os instrutores s\u00e3o celestiais e os estudantes, humanos. O termo \u201ccelestial\u201d se refere a personalidades que deixaram seus anos na carne, ou mais altas personalidades espirituais, treinadas para ensinar desde o plano espiritual em benef\u00edcio da Humanidade.<\/p>\n\n\n\n<p>O primeiro prop\u00f3sito do tmarchives.com.br \u00e9 oferecer um lugar que preserve tais ensinamentos para todos, inclusive religiosos, acad\u00eamicos e fil\u00f3sofos, sobre as eras de esclarecimento cient\u00edfico e espiritual que est\u00e3o por vir em nosso planeta. O conte\u00fado pode ser acessado pelo Menu, ou pela se\u00e7\u00e3o \u201cPesquisar\u201d, no canto superior direito da primeira p\u00e1gina, para procurar em todo o arquivo por frase ou palavra-chave.<\/p>\n\n\n\n<p>A Miss\u00e3o Instrutora \u00e9 um programa do \u201cTempo de Corre\u00e7\u00e3o\u201d, desencadeado por nossos superiores espirituais em algum momento pr\u00f3ximo ao ano de 1991 e destinado a ensinar aqueles valores espirituais que, ao serem praticados, poder\u00e3o ajudar cada indiv\u00edduo a viver mais plenamente. Se o leitor (a) estiver mais interessado (a) em hist\u00f3ria, sua aten\u00e7\u00e3o se dirigir\u00e1 a outros documentos, como os que podem ser encontrados na se\u00e7\u00e3o \u201cCronologia da Miss\u00e3o\u201d, no Menu, ou nas edi\u00e7\u00f5es da \u201cTRNN Newsletter\u201d (com o mecanismo \u2018Pesquisar\u2019), que tem grande acervo de informa\u00e7\u00f5es sobre a evolu\u00e7\u00e3o da Miss\u00e3o Instrutora. Para orientar o leitor(a), oferecemos tamb\u00e9m a se\u00e7\u00e3o \u201cPerguntas Frequentes\u201d. Outros textos informativos est\u00e3o dispon\u00edveis na se\u00e7\u00e3o \u201cDefini\u00e7\u00f5es\u201d.<\/p>\n\n\n\n<p>Ainda mais \u00fatil para muitos estudantes, est\u00e1 dispon\u00edvel neste site o texto completo de O Livro de Ur\u00e2ntia, que embasa o trabalho da Miss\u00e3o Magisterial nos planos cosmol\u00f3gico, hist\u00f3rico, filos\u00f3fico e espiritual. Basta clicar na capa do LU que est\u00e1 logo abaixo do Menu e fazer o download. Acessado o Livro, utilize o mecanismo de busca situado acima do \u00cdndice de Documentos para pesquisar qualquer tema espec\u00edfico de seu interesse, dentre as 2097 p\u00e1ginas do Livro de Ur\u00e2ntia. Alguns dos Documentos do LU est\u00e3o destacados diretamente no Menu, para oferecer uma inspiradora vis\u00e3o de conjunto desde a primeira visita.<\/p>\n\n\n\n<p>Temos um segundo prop\u00f3sito na Internet, que \u00e9 proporcionar ao p\u00fablico informa\u00e7\u00f5es sobre um dos mais extraordin\u00e1rios eventos a ocorrerem na Terra desde mil\u00eanios: o aparecimento de um Filho Divino na carne, para nos conduzir at\u00e9 a Era de Luz e Vida, a sociedade ideal que \u00e9 o destino de todos os planetas geol\u00f3gicos do tempo-espa\u00e7o.<\/p>\n\n\n\n<p>Deve-se saber que Monj\u00f3ronson \u00e9 um Filho Avonal do Para\u00edso que escolheu encarnar-se \u00e0 semelhan\u00e7a dos humanos. Sua miss\u00e3o \u00e9 estabelecer-se em Ur\u00e2ntia (o nome universal de nossa Terra), para modificar progressivamente os comportamentos e habilidades da popula\u00e7\u00e3o terrestre. Sua equipe tem milhares de membros, a maioria deles vis\u00edveis para os humanos. Eles estar\u00e3o dispon\u00edveis para o contato com a Humanidade, de forma que juntos possam cooperar o ser humano e Deus, um com o outro, na reconstru\u00e7\u00e3o das culturas e comunidades da Terra, para que se assemelhem mais ao que deveriam ser, e n\u00e3o ao que s\u00e3o atualmente. A Miss\u00e3o Magisterial de Monj\u00f3ronson poder\u00e1 durar at\u00e9 mil anos. Ele j\u00e1 est\u00e1 encarnado como humano desde 2004, para experienciar a vida di\u00e1ria como um de n\u00f3s e come\u00e7ar sua miss\u00e3o, mas poucos conhecem a sua identidade.<\/p>\n","protected":false},"excerpt":{"rendered":"<p>Sejam bem-vindos(as)!Este site era inicialmente um arquivo de transcri\u00e7\u00e3o das li\u00e7\u00f5es da Miss\u00e3o Instrutora, transmitidas para muitos grupos de estudantes atrav\u00e9s dos anos, mas evoluiu para abranger mais de perto O Livro de Ur\u00e2ntia. Os instrutores s\u00e3o celestiais e os estudantes, humanos. O termo \u201ccelestial\u201d [&hellip;]<\/p>\n","protected":false},"author":1,"featured_media":0,"parent":0,"menu_order":0,"comment_status":"closed","ping_status":"closed","template":"","meta":{"footnotes":""},"class_list":["post-153","page","type-page","status-publish","hentry"],"_links":{"self":[{"href":"https:\/\/tmarchives.com.br\/wp\/index.php?rest_route=\/wp\/v2\/pages\/153","targetHints":{"allow":["GET"]}}],"collection":[{"href":"https:\/\/tmarchives.com.br\/wp\/index.php?rest_route=\/wp\/v2\/pages"}],"about":[{"href":"https:\/\/tmarchives.com.br\/wp\/index.php?rest_route=\/wp\/v2\/types\/page"}],"author":[{"embeddable":true,"href":"https:\/\/tmarchives.com.br\/wp\/index.php?rest_route=\/wp\/v2\/users\/1"}],"replies":[{"embeddable":true,"href":"https:\/\/tmarchives.com.br\/wp\/index.php?rest_route=%2Fwp%2Fv2%2Fcomments&post=153"}],"version-history":[{"count":29,"href":"https:\/\/tmarchives.com.br\/wp\/index.php?rest_route=\/wp\/v2\/pages\/153\/revisions"}],"predecessor-version":[{"id":12185,"href":"https:\/\/tmarchives.com.br\/wp\/index.php?rest_route=\/wp\/v2\/pages\/153\/revisions\/12185"}],"wp:attachment":[{"href":"https:\/\/tmarchives.com.br\/wp\/index.php?rest_route=%2Fwp%2Fv2%2Fmedia&parent=153"}],"curies":[{"name":"wp","href":"https:\/\/api.w.org\/{rel}","templated":true}]}}