{"id":1526,"date":"2021-02-12T11:28:04","date_gmt":"2021-02-12T11:28:04","guid":{"rendered":"https:\/\/tmarchives.com.br\/wp\/?page_id=1526"},"modified":"2021-02-13T16:04:31","modified_gmt":"2021-02-13T16:04:31","slug":"ajustador-expressao","status":"publish","type":"page","link":"https:\/\/tmarchives.com.br\/wp\/?page_id=1526","title":{"rendered":"Ajustador-Express\u00e3o"},"content":{"rendered":"\n<div class=\"wp-block-image\"><figure class=\"aligncenter size-large\"><img loading=\"lazy\" decoding=\"async\" width=\"700\" height=\"358\" src=\"https:\/\/tmarchives.com.br\/wp\/wp-content\/uploads\/2021\/02\/imagem21.jpg\" alt=\"\" class=\"wp-image-1527\" srcset=\"https:\/\/tmarchives.com.br\/wp\/wp-content\/uploads\/2021\/02\/imagem21.jpg 700w, https:\/\/tmarchives.com.br\/wp\/wp-content\/uploads\/2021\/02\/imagem21-300x153.jpg 300w\" sizes=\"auto, (max-width: 700px) 100vw, 700px\" \/><\/figure><\/div>\n\n\n\n<figure class=\"wp-block-pullquote\" style=\"border-color:#0693e3\"><blockquote><p align=\"justify\">&#8220;Em todas as suas solicita\u00e7\u00f5es relativas \u00e0 necessidade de autoexpress\u00e3o, n\u00e3o cometa o erro de deixar de prover a express\u00e3o do Ajustador, a manifesta\u00e7\u00e3o de seu eu real e melhor.&#8221;<\/p><\/blockquote><\/figure>\n\n\n\n<p class=\"has-text-align-center\"><a class=\"pag\" rel=\"noreferrer noopener\" href=\"http:\/\/r20.rs6.net\/tn.jsp?f=001fQ2gRfqGlXv7NXi1-1hQRjMXxvTUVuUYeJBTO48bFnVdEVkmiJ7CbnxwK4HMitVWrxKtgnPRUcAL2Rliikx2e57zzIP2BYvV6SHd1fLaU6jt-10yfJVN8c2SdRLdL0S6p2y1EmNQr6cSbY17qx-XXMaZUPmvzH4bdyenewFTwcwxbzySfSSrDzVYOe1zDLDKdFJeO-rTufQdp3YCfGSBc9i5zNSNBULAux8FqmeZPZA=&amp;c=AeQnTQLWLLpbCrwRKXaPpc4dJ7PlLSlWbK9ke4anNe0aDRWDvu_ZSQ==&amp;ch=HXl6TQPoN6Ec7jIKL21LcjQs3OBwz88VGTAnsDcjO41_t47fSEvjgQ==\" target=\"_blank\">(195:7.5) 2078.8<\/a><\/p>\n\n\n\n<p>Fonte:<\/p>\n\n\n\n<p align=\"center\"><strong><a href=\"https:\/\/www.urantia.org\/\"  class=\"pag\">Urantia Foundation | 533 Diversey Parkway, Chicago, IL 60614<\/a><\/strong><\/p><\/p>\n\n\n\n<p class=\"has-text-align-right\"><br><br><a class=\"pag\" href=\"https:\/\/tmarchives.com.br\/wp\/?page_id=1340\">Voltar<\/a><\/p>\n","protected":false},"excerpt":{"rendered":"<p>&#8220;Em todas as suas solicita\u00e7\u00f5es relativas \u00e0 necessidade de autoexpress\u00e3o, n\u00e3o cometa o erro de deixar de prover a express\u00e3o do Ajustador, a manifesta\u00e7\u00e3o de seu eu real e melhor.&#8221; (195:7.5) 2078.8 Fonte: Urantia Foundation | 533 Diversey Parkway, Chicago, IL 60614 Voltar<\/p>\n","protected":false},"author":1,"featured_media":0,"parent":0,"menu_order":0,"comment_status":"closed","ping_status":"closed","template":"","meta":{"footnotes":""},"class_list":["post-1526","page","type-page","status-publish","hentry"],"_links":{"self":[{"href":"https:\/\/tmarchives.com.br\/wp\/index.php?rest_route=\/wp\/v2\/pages\/1526","targetHints":{"allow":["GET"]}}],"collection":[{"href":"https:\/\/tmarchives.com.br\/wp\/index.php?rest_route=\/wp\/v2\/pages"}],"about":[{"href":"https:\/\/tmarchives.com.br\/wp\/index.php?rest_route=\/wp\/v2\/types\/page"}],"author":[{"embeddable":true,"href":"https:\/\/tmarchives.com.br\/wp\/index.php?rest_route=\/wp\/v2\/users\/1"}],"replies":[{"embeddable":true,"href":"https:\/\/tmarchives.com.br\/wp\/index.php?rest_route=%2Fwp%2Fv2%2Fcomments&post=1526"}],"version-history":[{"count":4,"href":"https:\/\/tmarchives.com.br\/wp\/index.php?rest_route=\/wp\/v2\/pages\/1526\/revisions"}],"predecessor-version":[{"id":1618,"href":"https:\/\/tmarchives.com.br\/wp\/index.php?rest_route=\/wp\/v2\/pages\/1526\/revisions\/1618"}],"wp:attachment":[{"href":"https:\/\/tmarchives.com.br\/wp\/index.php?rest_route=%2Fwp%2Fv2%2Fmedia&parent=1526"}],"curies":[{"name":"wp","href":"https:\/\/api.w.org\/{rel}","templated":true}]}}