{"id":1519,"date":"2021-02-11T10:43:25","date_gmt":"2021-02-11T10:43:25","guid":{"rendered":"https:\/\/tmarchives.com.br\/wp\/?page_id=1519"},"modified":"2021-02-13T16:04:51","modified_gmt":"2021-02-13T16:04:51","slug":"a-persistencia-da-religiao","status":"publish","type":"page","link":"https:\/\/tmarchives.com.br\/wp\/?page_id=1519","title":{"rendered":"A Persist\u00eancia da Religi\u00e3o"},"content":{"rendered":"\n<div class=\"wp-block-image\"><figure class=\"aligncenter size-large\"><img loading=\"lazy\" decoding=\"async\" width=\"700\" height=\"337\" src=\"https:\/\/tmarchives.com.br\/wp\/wp-content\/uploads\/2021\/02\/imagem20.jpg\" alt=\"\" class=\"wp-image-1521\" srcset=\"https:\/\/tmarchives.com.br\/wp\/wp-content\/uploads\/2021\/02\/imagem20.jpg 700w, https:\/\/tmarchives.com.br\/wp\/wp-content\/uploads\/2021\/02\/imagem20-300x144.jpg 300w\" sizes=\"auto, (max-width: 700px) 100vw, 700px\" \/><\/figure><\/div>\n\n\n\n<figure class=\"wp-block-pullquote\" style=\"border-color:#0693e3\"><blockquote><p align=\"justify\">&#8220;A religi\u00e3o persiste apesar das mudan\u00e7as revolucion\u00e1rias nas cren\u00e7as religiosas. A teologia n\u00e3o produz religi\u00e3o; \u00e9 a religi\u00e3o que produz filosofia teol\u00f3gica.&#8221;<\/p><\/blockquote><\/figure>\n\n\n\n<p class=\"has-text-align-center\"><a class=\"pag\" rel=\"noreferrer noopener\" href=\"http:\/\/r20.rs6.net\/tn.jsp?f=00100AjrPSRJlgYykKmHc71qlPJCig3ed9WwWNV6bMQXlbFKODhESFmwMWyW7jpihA12SRfAuytIf8NTpj8bK98EmnatabBRKPHV8qO8E_sA-cIdCM9JHF_XCafYEc7IPNw--VqPzO0HkJ_QlnXtCt-DePxtEoJW8OHc1IaQwH3Qk4OJ_q9XPOpAAsTLr21mCSwtbUTUsBhqQxmvmhxMXaCzluOwXhpmW1ahpa638PVFy8kYkP3jnH6sQ==&amp;c=Y7cyD_0uFBRG9QxQF08NMG-8MA0UsOClkIaFiqCBufb-LhdagnTIng==&amp;ch=wjctmvxXyAdq2ziYVIdH_ngPLkN41Nq371fe1-Hj7iCVDwEqZZnRAg==\" target=\"_blank\">(103:1.4) 1130.3<\/a><\/p>\n\n\n\n<p>Fonte:<\/p>\n\n\n\n<p align=\"center\"><strong><a href=\"https:\/\/www.urantia.org\/\"  class=\"pag\">Urantia Foundation | 533 Diversey Parkway, Chicago, IL 60614<\/a><\/strong><\/p><\/p>\n\n\n\n<p class=\"has-text-align-right\"><br><br><a class=\"pag\" href=\"https:\/\/tmarchives.com.br\/wp\/?page_id=1340\">Voltar<\/a><\/p>\n","protected":false},"excerpt":{"rendered":"<p>&#8220;A religi\u00e3o persiste apesar das mudan\u00e7as revolucion\u00e1rias nas cren\u00e7as religiosas. A teologia n\u00e3o produz religi\u00e3o; \u00e9 a religi\u00e3o que produz filosofia teol\u00f3gica.&#8221; (103:1.4) 1130.3 Fonte: Urantia Foundation | 533 Diversey Parkway, Chicago, IL 60614 Voltar<\/p>\n","protected":false},"author":1,"featured_media":0,"parent":0,"menu_order":0,"comment_status":"closed","ping_status":"closed","template":"","meta":{"footnotes":""},"class_list":["post-1519","page","type-page","status-publish","hentry"],"_links":{"self":[{"href":"https:\/\/tmarchives.com.br\/wp\/index.php?rest_route=\/wp\/v2\/pages\/1519","targetHints":{"allow":["GET"]}}],"collection":[{"href":"https:\/\/tmarchives.com.br\/wp\/index.php?rest_route=\/wp\/v2\/pages"}],"about":[{"href":"https:\/\/tmarchives.com.br\/wp\/index.php?rest_route=\/wp\/v2\/types\/page"}],"author":[{"embeddable":true,"href":"https:\/\/tmarchives.com.br\/wp\/index.php?rest_route=\/wp\/v2\/users\/1"}],"replies":[{"embeddable":true,"href":"https:\/\/tmarchives.com.br\/wp\/index.php?rest_route=%2Fwp%2Fv2%2Fcomments&post=1519"}],"version-history":[{"count":4,"href":"https:\/\/tmarchives.com.br\/wp\/index.php?rest_route=\/wp\/v2\/pages\/1519\/revisions"}],"predecessor-version":[{"id":1619,"href":"https:\/\/tmarchives.com.br\/wp\/index.php?rest_route=\/wp\/v2\/pages\/1519\/revisions\/1619"}],"wp:attachment":[{"href":"https:\/\/tmarchives.com.br\/wp\/index.php?rest_route=%2Fwp%2Fv2%2Fmedia&parent=1519"}],"curies":[{"name":"wp","href":"https:\/\/api.w.org\/{rel}","templated":true}]}}